{"id":54,"date":"2024-05-06T20:18:05","date_gmt":"2024-05-06T18:18:05","guid":{"rendered":"https:\/\/verdevana.sk\/?post_type=product&#038;p=54"},"modified":"2024-05-12T20:09:48","modified_gmt":"2024-05-12T18:09:48","slug":"parfum-na-pranie-acti-life-classic-120ml","status":"publish","type":"product","link":"https:\/\/verdevana.sk\/?product=parfum-na-pranie-acti-life-classic-120ml","title":{"rendered":"Parfum na pranie &#8211; ACTI LIFE CLASSIC &#8211; 120ml"},"content":{"rendered":"<p>Navo\u0148ajte va\u0161u bielize\u0148 silou esenci\u00e1lnych olejov. Parfum na pranie m\u00f4\u017eete pou\u017e\u00edva\u0165 namiesto aviv\u00e1\u017ee pri ka\u017edom pran\u00ed v pr\u00e1\u010dke aj ru\u010dnom pran\u00ed. Nechajte sa o\u010dari\u0165 dlhotrvaj\u00facou svie\u017eos\u0165ou v\u00e1\u0161ho oble\u010denia.<\/p>\n<p>Parfum na pranie pre intenz\u00edvny v\u00fdsledok<br \/>\nAk raz parfumy na pranie vysk\u00fa\u0161ate, iste ich nebudete chcie\u0165 vymeni\u0165 op\u00e4\u0165 za aviv\u00e1\u017e. Prines\u00fa v\u00e1m intenz\u00edvnu v\u00f4\u0148u bielizne, ktor\u00e1 pretrv\u00e1, \u010di sa rozhodnete pre vo\u013en\u00e9 su\u0161enie alebo su\u0161enie v su\u0161i\u010dke. O\u010daruj\u00faca v\u00f4\u0148a esenci\u00e1lnych olejov v\u00e1s obklop\u00ed pri ka\u017edom otvoren\u00ed \u0161atn\u00edka aj obliekan\u00ed.<\/p>\n<p>Parfumy do prania sa prid\u00e1vaj\u00fa do priehradky na aviv\u00e1\u017e, pri\u010dom ich nie je potrebn\u00e9 riedi\u0165. Po d\u00f4kladnom rozpusten\u00ed vo vode ich m\u00f4\u017eete pou\u017e\u00edva\u0165 aj pri ru\u010dnom pran\u00ed. Iste ocen\u00edte tie\u017e to, \u017ee v pr\u00e1\u010dke nezanech\u00e1vaj\u00fa \u017eiadne maz\u013eav\u00e9 stopy, v ktor\u00fdch sa \u010dasom za\u010d\u00ednaj\u00fa mno\u017ei\u0165 bakt\u00e9rie. Nebudete ju preto musie\u0165 tak \u010dasto \u010disti\u0165.<\/p>\n<p><strong>ESSENZA DI PROFUMO ACTILIFE CLASSIC<\/strong><br \/>\nParfum na pranie s esenci\u00e1lnym olejom sa pou\u017e\u00edva pri be\u017enom pran\u00ed spolu s prac\u00edm pr\u00e1\u0161kom, alebo g\u00e9lom na z\u00e1vere\u010dn\u00e9 pranie (n\u00e1hrada aviv\u00e1\u017ee). Koncentr\u00e1t nie je potrebn\u00e9 riedi\u0165 vodou. L\u00e1tka nie je pre bielize\u0148 agres\u00edvna, nefarb\u00ed, nezanech\u00e1va \u0161kvrny na pr\u00e1dle, ani maz\u013eav\u00e9 usadeniny v d\u00e1vkova\u010di pr\u00e1\u010dky. Dlhotrvaj\u00faca v\u00f4\u0148a aj pri pou\u017eit\u00ed su\u0161i\u010dky.<\/p>\n<p><strong>Zlo\u017eenie<\/strong>: ani\u00f3nov\u00e9 povrchovo akt\u00edvne l\u00e1tky inf. na 10%. Obsahuje: 37-DIMETHYLOCTA-1,6-DIEN-3-YL ACETATE fema 2636. ALPHA HEXYL CINNAMALDEHYDE.2-HEXYL-3-PHENYL-2-PROPENAL. 3,4-METHYLENDIOXYBENZALDEHYDE. 37-DIMETHYL-1,6-NONA DIEN-3-OL (CIS&amp;TRANS). 37-DIMETHYL-3-OCTANOL FEMA 3060. 189PMENTHADIENE;1-METHYL-4ISOPROPENYL-1-CYCLOHEXENE. Alpha-Isomethylionone, LinalooL. Butylphenyl methylpropiona. M\u00f4\u017eu sp\u00f4sobi\u0165 alergick\u00fa reakciu.<\/p>\n<p><strong>D\u00e1vkovanie<\/strong>:<\/p>\n<ul>\n<li><strong>Pr\u00e1\u010dka<\/strong>: 5ml oleja (5kg bielizne) nalia\u0165 do prie\u010dinka pre aviv\u00e1\u017e.<\/li>\n<li><strong>Ru\u010dne<\/strong>: 5ml na 10 litrov vody. Ponorte pr\u00e1dlo do vody a nechajte nieko\u013eko min\u00fat p\u00f4sobi\u0165, potom vy\u017em\u00fdkajte.<\/li>\n<\/ul>\n","protected":false},"excerpt":{"rendered":"<p>V\u00f4\u0148a SLADKO \u2013 SVIE\u017dA<\/p>\n<p>Navo\u0148ajte va\u0161u bielize\u0148 silou esenci\u00e1lnych olejov. Parfum na pranie m\u00f4\u017eete pou\u017e\u00edva\u0165 namiesto aviv\u00e1\u017ee pri ka\u017edom pran\u00ed v pr\u00e1\u010dke aj ru\u010dnom pran\u00ed. Nechajte sa o\u010dari\u0165 dlhotrvaj\u00facou svie\u017eos\u0165ou v\u00e1\u0161ho oble\u010denia.<\/p>\n","protected":false},"featured_media":330,"comment_status":"open","ping_status":"closed","template":"","meta":{"_monsterinsights_skip_tracking":false,"_monsterinsights_sitenote_active":false,"_monsterinsights_sitenote_note":"","_monsterinsights_sitenote_category":0},"product_cat":[42],"product_tag":[22,23,43],"yoast_head":"<!-- This site is optimized with the Yoast SEO plugin v22.6 - https:\/\/yoast.com\/wordpress\/plugins\/seo\/ -->\n<title>Parfum na pranie - ACTI LIFE CLASSIC - 120ml - \u010capovan\u00e1 Eko Drog\u00e9ria Ko\u0161ice | VERDE VANA<\/title>\n<meta name=\"description\" content=\"Navo\u0148ajte va\u0161u bielize\u0148 silou esenci\u00e1lnych olejov. Parfum na pranie m\u00f4\u017eete pou\u017e\u00edva\u0165 namiesto aviv\u00e1\u017ee pri ka\u017edom pran\u00ed v pr\u00e1\u010dke aj ru\u010dnom pran\u00ed.\" \/>\n<meta name=\"robots\" content=\"index, follow, max-snippet:-1, max-image-preview:large, max-video-preview:-1\" \/>\n<link rel=\"canonical\" href=\"https:\/\/verdevana.sk\/?product=parfum-na-pranie-acti-life-classic-120ml\" \/>\n<meta property=\"og:locale\" content=\"sk_SK\" \/>\n<meta property=\"og:type\" content=\"article\" \/>\n<meta property=\"og:title\" content=\"Parfum na pranie - ACTI LIFE CLASSIC - 120ml - \u010capovan\u00e1 Eko Drog\u00e9ria Ko\u0161ice | VERDE VANA\" \/>\n<meta property=\"og:description\" content=\"Navo\u0148ajte va\u0161u bielize\u0148 silou esenci\u00e1lnych olejov. Parfum na pranie m\u00f4\u017eete pou\u017e\u00edva\u0165 namiesto aviv\u00e1\u017ee pri ka\u017edom pran\u00ed v pr\u00e1\u010dke aj ru\u010dnom pran\u00ed.\" \/>\n<meta property=\"og:url\" content=\"https:\/\/verdevana.sk\/?product=parfum-na-pranie-acti-life-classic-120ml\" \/>\n<meta property=\"og:site_name\" content=\"\u010capovan\u00e1 Eko Drog\u00e9ria Ko\u0161ice | VERDE VANA\" \/>\n<meta property=\"article:modified_time\" content=\"2024-05-12T18:09:48+00:00\" \/>\n<meta property=\"og:image\" content=\"https:\/\/verdevana.sk\/wp-content\/uploads\/2024\/05\/1701-parfum-na-pranie-acti-life-classic-120ml.jpg\" \/>\n\t<meta property=\"og:image:width\" content=\"800\" \/>\n\t<meta property=\"og:image:height\" content=\"800\" \/>\n\t<meta property=\"og:image:type\" content=\"image\/jpeg\" \/>\n<meta name=\"twitter:card\" content=\"summary_large_image\" \/>\n<meta name=\"twitter:label1\" content=\"Predpokladan\u00fd \u010das \u010d\u00edtania\" \/>\n\t<meta name=\"twitter:data1\" content=\"2 min\u00faty\" \/>\n<script type=\"application\/ld+json\" class=\"yoast-schema-graph\">{\"@context\":\"https:\/\/schema.org\",\"@graph\":[{\"@type\":\"WebPage\",\"@id\":\"https:\/\/verdevana.sk\/?product=parfum-na-pranie-acti-life-classic-120ml\",\"url\":\"https:\/\/verdevana.sk\/?product=parfum-na-pranie-acti-life-classic-120ml\",\"name\":\"Parfum na pranie - ACTI LIFE CLASSIC - 120ml - \u010capovan\u00e1 Eko Drog\u00e9ria Ko\u0161ice | VERDE VANA\",\"isPartOf\":{\"@id\":\"https:\/\/verdevana.sk\/#website\"},\"primaryImageOfPage\":{\"@id\":\"https:\/\/verdevana.sk\/?product=parfum-na-pranie-acti-life-classic-120ml#primaryimage\"},\"image\":{\"@id\":\"https:\/\/verdevana.sk\/?product=parfum-na-pranie-acti-life-classic-120ml#primaryimage\"},\"thumbnailUrl\":\"https:\/\/verdevana.sk\/wp-content\/uploads\/2024\/05\/1701-parfum-na-pranie-acti-life-classic-120ml.jpg\",\"datePublished\":\"2024-05-06T18:18:05+00:00\",\"dateModified\":\"2024-05-12T18:09:48+00:00\",\"description\":\"Navo\u0148ajte va\u0161u bielize\u0148 silou esenci\u00e1lnych olejov. Parfum na pranie m\u00f4\u017eete pou\u017e\u00edva\u0165 namiesto aviv\u00e1\u017ee pri ka\u017edom pran\u00ed v pr\u00e1\u010dke aj ru\u010dnom pran\u00ed.\",\"breadcrumb\":{\"@id\":\"https:\/\/verdevana.sk\/?product=parfum-na-pranie-acti-life-classic-120ml#breadcrumb\"},\"inLanguage\":\"sk-SK\",\"potentialAction\":[{\"@type\":\"ReadAction\",\"target\":[\"https:\/\/verdevana.sk\/?product=parfum-na-pranie-acti-life-classic-120ml\"]}]},{\"@type\":\"ImageObject\",\"inLanguage\":\"sk-SK\",\"@id\":\"https:\/\/verdevana.sk\/?product=parfum-na-pranie-acti-life-classic-120ml#primaryimage\",\"url\":\"https:\/\/verdevana.sk\/wp-content\/uploads\/2024\/05\/1701-parfum-na-pranie-acti-life-classic-120ml.jpg\",\"contentUrl\":\"https:\/\/verdevana.sk\/wp-content\/uploads\/2024\/05\/1701-parfum-na-pranie-acti-life-classic-120ml.jpg\",\"width\":800,\"height\":800,\"caption\":\"Parfum na pranie - ACTI LIFE CLASSIC - 120ml\"},{\"@type\":\"BreadcrumbList\",\"@id\":\"https:\/\/verdevana.sk\/?product=parfum-na-pranie-acti-life-classic-120ml#breadcrumb\",\"itemListElement\":[{\"@type\":\"ListItem\",\"position\":1,\"name\":\"Home\",\"item\":\"https:\/\/verdevana.sk\/\"},{\"@type\":\"ListItem\",\"position\":2,\"name\":\"Produkty\",\"item\":\"http:\/\/verdevana.sk\/?page_id=12\"},{\"@type\":\"ListItem\",\"position\":3,\"name\":\"Parfum na pranie &#8211; ACTI LIFE CLASSIC &#8211; 120ml\"}]},{\"@type\":\"WebSite\",\"@id\":\"https:\/\/verdevana.sk\/#website\",\"url\":\"https:\/\/verdevana.sk\/\",\"name\":\"\u010capovan\u00e1 Eko Drog\u00e9ria Ko\u0161ice | VERDE VANA\",\"description\":\"\u010capujeme kvalitn\u00fa, vysoko \u00fa\u010dinn\u00fa, ekologick\u00fa drog\u00e9riu a kozmetiku.\",\"publisher\":{\"@id\":\"https:\/\/verdevana.sk\/#organization\"},\"potentialAction\":[{\"@type\":\"SearchAction\",\"target\":{\"@type\":\"EntryPoint\",\"urlTemplate\":\"https:\/\/verdevana.sk\/?s={search_term_string}\"},\"query-input\":\"required name=search_term_string\"}],\"inLanguage\":\"sk-SK\"},{\"@type\":\"Organization\",\"@id\":\"https:\/\/verdevana.sk\/#organization\",\"name\":\"\u010capovan\u00e1 Eko Drog\u00e9ria Ko\u0161ice | VERDE VANA\",\"url\":\"https:\/\/verdevana.sk\/\",\"logo\":{\"@type\":\"ImageObject\",\"inLanguage\":\"sk-SK\",\"@id\":\"https:\/\/verdevana.sk\/#\/schema\/logo\/image\/\",\"url\":\"https:\/\/verdevana.sk\/wp-content\/uploads\/2024\/11\/VerdeVana_capovana_drogeria_koscie_logo.png\",\"contentUrl\":\"https:\/\/verdevana.sk\/wp-content\/uploads\/2024\/11\/VerdeVana_capovana_drogeria_koscie_logo.png\",\"width\":411,\"height\":135,\"caption\":\"\u010capovan\u00e1 Eko Drog\u00e9ria Ko\u0161ice | VERDE VANA\"},\"image\":{\"@id\":\"https:\/\/verdevana.sk\/#\/schema\/logo\/image\/\"}}]}<\/script>\n<!-- \/ Yoast SEO plugin. -->","yoast_head_json":{"title":"Parfum na pranie - ACTI LIFE CLASSIC - 120ml - \u010capovan\u00e1 Eko Drog\u00e9ria Ko\u0161ice | VERDE VANA","description":"Navo\u0148ajte va\u0161u bielize\u0148 silou esenci\u00e1lnych olejov. Parfum na pranie m\u00f4\u017eete pou\u017e\u00edva\u0165 namiesto aviv\u00e1\u017ee pri ka\u017edom pran\u00ed v pr\u00e1\u010dke aj ru\u010dnom pran\u00ed.","robots":{"index":"index","follow":"follow","max-snippet":"max-snippet:-1","max-image-preview":"max-image-preview:large","max-video-preview":"max-video-preview:-1"},"canonical":"https:\/\/verdevana.sk\/?product=parfum-na-pranie-acti-life-classic-120ml","og_locale":"sk_SK","og_type":"article","og_title":"Parfum na pranie - ACTI LIFE CLASSIC - 120ml - \u010capovan\u00e1 Eko Drog\u00e9ria Ko\u0161ice | VERDE VANA","og_description":"Navo\u0148ajte va\u0161u bielize\u0148 silou esenci\u00e1lnych olejov. Parfum na pranie m\u00f4\u017eete pou\u017e\u00edva\u0165 namiesto aviv\u00e1\u017ee pri ka\u017edom pran\u00ed v pr\u00e1\u010dke aj ru\u010dnom pran\u00ed.","og_url":"https:\/\/verdevana.sk\/?product=parfum-na-pranie-acti-life-classic-120ml","og_site_name":"\u010capovan\u00e1 Eko Drog\u00e9ria Ko\u0161ice | VERDE VANA","article_modified_time":"2024-05-12T18:09:48+00:00","og_image":[{"width":800,"height":800,"url":"https:\/\/verdevana.sk\/wp-content\/uploads\/2024\/05\/1701-parfum-na-pranie-acti-life-classic-120ml.jpg","type":"image\/jpeg"}],"twitter_card":"summary_large_image","twitter_misc":{"Predpokladan\u00fd \u010das \u010d\u00edtania":"2 min\u00faty"},"schema":{"@context":"https:\/\/schema.org","@graph":[{"@type":"WebPage","@id":"https:\/\/verdevana.sk\/?product=parfum-na-pranie-acti-life-classic-120ml","url":"https:\/\/verdevana.sk\/?product=parfum-na-pranie-acti-life-classic-120ml","name":"Parfum na pranie - ACTI LIFE CLASSIC - 120ml - \u010capovan\u00e1 Eko Drog\u00e9ria Ko\u0161ice | VERDE VANA","isPartOf":{"@id":"https:\/\/verdevana.sk\/#website"},"primaryImageOfPage":{"@id":"https:\/\/verdevana.sk\/?product=parfum-na-pranie-acti-life-classic-120ml#primaryimage"},"image":{"@id":"https:\/\/verdevana.sk\/?product=parfum-na-pranie-acti-life-classic-120ml#primaryimage"},"thumbnailUrl":"https:\/\/verdevana.sk\/wp-content\/uploads\/2024\/05\/1701-parfum-na-pranie-acti-life-classic-120ml.jpg","datePublished":"2024-05-06T18:18:05+00:00","dateModified":"2024-05-12T18:09:48+00:00","description":"Navo\u0148ajte va\u0161u bielize\u0148 silou esenci\u00e1lnych olejov. Parfum na pranie m\u00f4\u017eete pou\u017e\u00edva\u0165 namiesto aviv\u00e1\u017ee pri ka\u017edom pran\u00ed v pr\u00e1\u010dke aj ru\u010dnom pran\u00ed.","breadcrumb":{"@id":"https:\/\/verdevana.sk\/?product=parfum-na-pranie-acti-life-classic-120ml#breadcrumb"},"inLanguage":"sk-SK","potentialAction":[{"@type":"ReadAction","target":["https:\/\/verdevana.sk\/?product=parfum-na-pranie-acti-life-classic-120ml"]}]},{"@type":"ImageObject","inLanguage":"sk-SK","@id":"https:\/\/verdevana.sk\/?product=parfum-na-pranie-acti-life-classic-120ml#primaryimage","url":"https:\/\/verdevana.sk\/wp-content\/uploads\/2024\/05\/1701-parfum-na-pranie-acti-life-classic-120ml.jpg","contentUrl":"https:\/\/verdevana.sk\/wp-content\/uploads\/2024\/05\/1701-parfum-na-pranie-acti-life-classic-120ml.jpg","width":800,"height":800,"caption":"Parfum na pranie - ACTI LIFE CLASSIC - 120ml"},{"@type":"BreadcrumbList","@id":"https:\/\/verdevana.sk\/?product=parfum-na-pranie-acti-life-classic-120ml#breadcrumb","itemListElement":[{"@type":"ListItem","position":1,"name":"Home","item":"https:\/\/verdevana.sk\/"},{"@type":"ListItem","position":2,"name":"Produkty","item":"http:\/\/verdevana.sk\/?page_id=12"},{"@type":"ListItem","position":3,"name":"Parfum na pranie &#8211; ACTI LIFE CLASSIC &#8211; 120ml"}]},{"@type":"WebSite","@id":"https:\/\/verdevana.sk\/#website","url":"https:\/\/verdevana.sk\/","name":"\u010capovan\u00e1 Eko Drog\u00e9ria Ko\u0161ice | VERDE VANA","description":"\u010capujeme kvalitn\u00fa, vysoko \u00fa\u010dinn\u00fa, ekologick\u00fa drog\u00e9riu a kozmetiku.","publisher":{"@id":"https:\/\/verdevana.sk\/#organization"},"potentialAction":[{"@type":"SearchAction","target":{"@type":"EntryPoint","urlTemplate":"https:\/\/verdevana.sk\/?s={search_term_string}"},"query-input":"required name=search_term_string"}],"inLanguage":"sk-SK"},{"@type":"Organization","@id":"https:\/\/verdevana.sk\/#organization","name":"\u010capovan\u00e1 Eko Drog\u00e9ria Ko\u0161ice | VERDE VANA","url":"https:\/\/verdevana.sk\/","logo":{"@type":"ImageObject","inLanguage":"sk-SK","@id":"https:\/\/verdevana.sk\/#\/schema\/logo\/image\/","url":"https:\/\/verdevana.sk\/wp-content\/uploads\/2024\/11\/VerdeVana_capovana_drogeria_koscie_logo.png","contentUrl":"https:\/\/verdevana.sk\/wp-content\/uploads\/2024\/11\/VerdeVana_capovana_drogeria_koscie_logo.png","width":411,"height":135,"caption":"\u010capovan\u00e1 Eko Drog\u00e9ria Ko\u0161ice | VERDE VANA"},"image":{"@id":"https:\/\/verdevana.sk\/#\/schema\/logo\/image\/"}}]}},"_links":{"self":[{"href":"https:\/\/verdevana.sk\/index.php?rest_route=\/wp\/v2\/product\/54"}],"collection":[{"href":"https:\/\/verdevana.sk\/index.php?rest_route=\/wp\/v2\/product"}],"about":[{"href":"https:\/\/verdevana.sk\/index.php?rest_route=\/wp\/v2\/types\/product"}],"replies":[{"embeddable":true,"href":"https:\/\/verdevana.sk\/index.php?rest_route=%2Fwp%2Fv2%2Fcomments&post=54"}],"wp:featuredmedia":[{"embeddable":true,"href":"https:\/\/verdevana.sk\/index.php?rest_route=\/wp\/v2\/media\/330"}],"wp:attachment":[{"href":"https:\/\/verdevana.sk\/index.php?rest_route=%2Fwp%2Fv2%2Fmedia&parent=54"}],"wp:term":[{"taxonomy":"product_cat","embeddable":true,"href":"https:\/\/verdevana.sk\/index.php?rest_route=%2Fwp%2Fv2%2Fproduct_cat&post=54"},{"taxonomy":"product_tag","embeddable":true,"href":"https:\/\/verdevana.sk\/index.php?rest_route=%2Fwp%2Fv2%2Fproduct_tag&post=54"}],"curies":[{"name":"wp","href":"https:\/\/api.w.org\/{rel}","templated":true}]}}