{"id":52,"date":"2024-05-06T20:18:05","date_gmt":"2024-05-06T18:18:05","guid":{"rendered":"https:\/\/verdevana.sk\/?post_type=product&#038;p=52"},"modified":"2024-05-12T10:44:17","modified_gmt":"2024-05-12T08:44:17","slug":"moon-parfumovane-kristaly","status":"publish","type":"product","link":"https:\/\/verdevana.sk\/?product=moon-parfumovane-kristaly","title":{"rendered":"MOON parfumovan\u00e9 kri\u0161t\u00e1ly"},"content":{"rendered":"<p>CRISTALLI DI ESSENZA MOON<br \/>\nV\u010faka komplexn\u00e9mu zlo\u017eeniu v pr\u00eddavkom akt\u00edvneho kysl\u00edka, p\u00f4sobia hlboko na vl\u00e1kna a napom\u00e1haj\u00fa odstra\u0148ova\u0165 \u0161kvrny. Sl\u00fa\u017eia aj ako zm\u00e4k\u010dova\u010d vody, t\u00fdm zabra\u0148uj\u00fa tvorbe nov\u00e9ho vodn\u00e9ho kame\u0148a. Parfumovan\u00e9 kri\u0161t\u00e1ly s\u00fa vhodn\u00e9 na v\u0161etky typy bielizne a vl\u00e1kna. Bielize\u0148 je dlhotvaj\u00faco vo\u0148av\u00e1, neuverite\u013ene jemn\u00e1 na dotyk a navy\u0161e svoju v\u00f4\u0148u nestrat\u00ed ani po usu\u0161en\u00ed v su\u0161i\u010dke.<\/p>\n<p>Parfumovan\u00e9 kri\u0161t\u00e1ly nenahr\u00e1dzaj\u00fa klasick\u00fd prac\u00ed prostriedok do pr\u00e1\u010dky, sl\u00fa\u017eia len ako aviv\u00e1\u017e.<\/p>\n<p>Bezpe\u010dnostn\u00e9 upozornenia:<\/p>\n<p>Sp\u00f4sobuje v\u00e1\u017ene podr\u00e1\u017edenie o\u010d\u00ed.<\/p>\n<p>Uchov\u00e1vajte mimo dosahu det\u00ed.<\/p>\n<p>Ak pou\u017e\u00edvate kontaktn\u00e9 \u0161o\u0161ovky a ak je to mo\u017en\u00e9, odstr\u00e1\u0148te ich. Pokra\u010dujte vo vyplachovan\u00ed. Ak podr\u00e1\u017edenie o\u010d\u00ed pretrv\u00e1va: vyh\u013eadajte lek\u00e1rsku pomoc\/starostlivos\u0165.<\/p>\n<p>Po manipul\u00e1cii starostlivo umyte ruky mydlom.<\/p>\n<p>N\u00e1vod na pou\u017eitie:<\/p>\n<p>Nasypte 2 polievkov\u00e9 ly\u017eice priamo do bubna pr\u00e1\u010dky.<\/p>\n<p>96% pr\u00edrodn\u00e9ho p\u00f4vodu<\/p>\n<p>DOPORU\u010cUJEME KOMBINOVA\u0164 S G\u00c9LOM NA PRANIE S ROVNAKOU V\u00f4\u0147OU.<\/p>\n","protected":false},"excerpt":{"rendered":"<p>Sl\u00fa\u017eia aj ako zm\u00e4k\u010dova\u010d vody, t\u00fdm zabra\u0148uj\u00fa tvorbe nov\u00e9ho vodn\u00e9ho kame\u0148a. Parfumovan\u00e9 kri\u0161t\u00e1ly s\u00fa vhodn\u00e9 na v\u0161etky typy bielizne a vl\u00e1kna. Nenahr\u00e1dzaj\u00fa klasick\u00fd prac\u00ed prostriedok do pr\u00e1\u010dky, sl\u00fa\u017eia len ako aviv\u00e1\u017e.<\/p>\n","protected":false},"featured_media":313,"comment_status":"open","ping_status":"closed","template":"","meta":{"_monsterinsights_skip_tracking":false,"_monsterinsights_sitenote_active":false,"_monsterinsights_sitenote_note":"","_monsterinsights_sitenote_category":0},"product_cat":[42],"product_tag":[22,23,43],"yoast_head":"<!-- This site is optimized with the Yoast SEO plugin v22.6 - https:\/\/yoast.com\/wordpress\/plugins\/seo\/ -->\n<title>MOON parfumovan\u00e9 kri\u0161t\u00e1ly - \u010capovan\u00e1 Eko Drog\u00e9ria Ko\u0161ice | VERDE VANA<\/title>\n<meta name=\"robots\" content=\"index, follow, max-snippet:-1, max-image-preview:large, max-video-preview:-1\" \/>\n<link rel=\"canonical\" href=\"https:\/\/verdevana.sk\/?product=moon-parfumovane-kristaly\" \/>\n<meta property=\"og:locale\" content=\"sk_SK\" \/>\n<meta property=\"og:type\" content=\"article\" \/>\n<meta property=\"og:title\" content=\"MOON parfumovan\u00e9 kri\u0161t\u00e1ly - \u010capovan\u00e1 Eko Drog\u00e9ria Ko\u0161ice | VERDE VANA\" \/>\n<meta property=\"og:description\" content=\"Sl\u00fa\u017eia aj ako zm\u00e4k\u010dova\u010d vody, t\u00fdm zabra\u0148uj\u00fa tvorbe nov\u00e9ho vodn\u00e9ho kame\u0148a. Parfumovan\u00e9 kri\u0161t\u00e1ly s\u00fa vhodn\u00e9 na v\u0161etky typy bielizne a vl\u00e1kna. Nenahr\u00e1dzaj\u00fa klasick\u00fd prac\u00ed prostriedok do pr\u00e1\u010dky, sl\u00fa\u017eia len ako aviv\u00e1\u017e.\" \/>\n<meta property=\"og:url\" content=\"https:\/\/verdevana.sk\/?product=moon-parfumovane-kristaly\" \/>\n<meta property=\"og:site_name\" content=\"\u010capovan\u00e1 Eko Drog\u00e9ria Ko\u0161ice | VERDE VANA\" \/>\n<meta property=\"article:modified_time\" content=\"2024-05-12T08:44:17+00:00\" \/>\n<meta property=\"og:image\" content=\"https:\/\/verdevana.sk\/wp-content\/uploads\/2024\/05\/1684-parfumovane-kristaly-moon-5kg-1.jpg\" \/>\n\t<meta property=\"og:image:width\" content=\"800\" \/>\n\t<meta property=\"og:image:height\" content=\"800\" \/>\n\t<meta property=\"og:image:type\" content=\"image\/jpeg\" \/>\n<meta name=\"twitter:card\" content=\"summary_large_image\" \/>\n<meta name=\"twitter:label1\" content=\"Predpokladan\u00fd \u010das \u010d\u00edtania\" \/>\n\t<meta name=\"twitter:data1\" content=\"1 min\u00fata\" \/>\n<script type=\"application\/ld+json\" class=\"yoast-schema-graph\">{\"@context\":\"https:\/\/schema.org\",\"@graph\":[{\"@type\":\"WebPage\",\"@id\":\"https:\/\/verdevana.sk\/?product=moon-parfumovane-kristaly\",\"url\":\"https:\/\/verdevana.sk\/?product=moon-parfumovane-kristaly\",\"name\":\"MOON parfumovan\u00e9 kri\u0161t\u00e1ly - \u010capovan\u00e1 Eko Drog\u00e9ria Ko\u0161ice | VERDE VANA\",\"isPartOf\":{\"@id\":\"https:\/\/verdevana.sk\/#website\"},\"primaryImageOfPage\":{\"@id\":\"https:\/\/verdevana.sk\/?product=moon-parfumovane-kristaly#primaryimage\"},\"image\":{\"@id\":\"https:\/\/verdevana.sk\/?product=moon-parfumovane-kristaly#primaryimage\"},\"thumbnailUrl\":\"https:\/\/verdevana.sk\/wp-content\/uploads\/2024\/05\/1684-parfumovane-kristaly-moon-5kg-1.jpg\",\"datePublished\":\"2024-05-06T18:18:05+00:00\",\"dateModified\":\"2024-05-12T08:44:17+00:00\",\"breadcrumb\":{\"@id\":\"https:\/\/verdevana.sk\/?product=moon-parfumovane-kristaly#breadcrumb\"},\"inLanguage\":\"sk-SK\",\"potentialAction\":[{\"@type\":\"ReadAction\",\"target\":[\"https:\/\/verdevana.sk\/?product=moon-parfumovane-kristaly\"]}]},{\"@type\":\"ImageObject\",\"inLanguage\":\"sk-SK\",\"@id\":\"https:\/\/verdevana.sk\/?product=moon-parfumovane-kristaly#primaryimage\",\"url\":\"https:\/\/verdevana.sk\/wp-content\/uploads\/2024\/05\/1684-parfumovane-kristaly-moon-5kg-1.jpg\",\"contentUrl\":\"https:\/\/verdevana.sk\/wp-content\/uploads\/2024\/05\/1684-parfumovane-kristaly-moon-5kg-1.jpg\",\"width\":800,\"height\":800,\"caption\":\"parfumovane kristaly moo\"},{\"@type\":\"BreadcrumbList\",\"@id\":\"https:\/\/verdevana.sk\/?product=moon-parfumovane-kristaly#breadcrumb\",\"itemListElement\":[{\"@type\":\"ListItem\",\"position\":1,\"name\":\"Home\",\"item\":\"https:\/\/verdevana.sk\/\"},{\"@type\":\"ListItem\",\"position\":2,\"name\":\"Produkty\",\"item\":\"http:\/\/verdevana.sk\/?page_id=12\"},{\"@type\":\"ListItem\",\"position\":3,\"name\":\"MOON parfumovan\u00e9 kri\u0161t\u00e1ly\"}]},{\"@type\":\"WebSite\",\"@id\":\"https:\/\/verdevana.sk\/#website\",\"url\":\"https:\/\/verdevana.sk\/\",\"name\":\"\u010capovan\u00e1 Eko Drog\u00e9ria Ko\u0161ice | VERDE VANA\",\"description\":\"\u010capujeme kvalitn\u00fa, vysoko \u00fa\u010dinn\u00fa, ekologick\u00fa drog\u00e9riu a kozmetiku.\",\"publisher\":{\"@id\":\"https:\/\/verdevana.sk\/#organization\"},\"potentialAction\":[{\"@type\":\"SearchAction\",\"target\":{\"@type\":\"EntryPoint\",\"urlTemplate\":\"https:\/\/verdevana.sk\/?s={search_term_string}\"},\"query-input\":\"required name=search_term_string\"}],\"inLanguage\":\"sk-SK\"},{\"@type\":\"Organization\",\"@id\":\"https:\/\/verdevana.sk\/#organization\",\"name\":\"\u010capovan\u00e1 Eko Drog\u00e9ria Ko\u0161ice | VERDE VANA\",\"url\":\"https:\/\/verdevana.sk\/\",\"logo\":{\"@type\":\"ImageObject\",\"inLanguage\":\"sk-SK\",\"@id\":\"https:\/\/verdevana.sk\/#\/schema\/logo\/image\/\",\"url\":\"https:\/\/verdevana.sk\/wp-content\/uploads\/2024\/11\/VerdeVana_capovana_drogeria_koscie_logo.png\",\"contentUrl\":\"https:\/\/verdevana.sk\/wp-content\/uploads\/2024\/11\/VerdeVana_capovana_drogeria_koscie_logo.png\",\"width\":411,\"height\":135,\"caption\":\"\u010capovan\u00e1 Eko Drog\u00e9ria Ko\u0161ice | VERDE VANA\"},\"image\":{\"@id\":\"https:\/\/verdevana.sk\/#\/schema\/logo\/image\/\"}}]}<\/script>\n<!-- \/ Yoast SEO plugin. -->","yoast_head_json":{"title":"MOON parfumovan\u00e9 kri\u0161t\u00e1ly - \u010capovan\u00e1 Eko Drog\u00e9ria Ko\u0161ice | VERDE VANA","robots":{"index":"index","follow":"follow","max-snippet":"max-snippet:-1","max-image-preview":"max-image-preview:large","max-video-preview":"max-video-preview:-1"},"canonical":"https:\/\/verdevana.sk\/?product=moon-parfumovane-kristaly","og_locale":"sk_SK","og_type":"article","og_title":"MOON parfumovan\u00e9 kri\u0161t\u00e1ly - \u010capovan\u00e1 Eko Drog\u00e9ria Ko\u0161ice | VERDE VANA","og_description":"Sl\u00fa\u017eia aj ako zm\u00e4k\u010dova\u010d vody, t\u00fdm zabra\u0148uj\u00fa tvorbe nov\u00e9ho vodn\u00e9ho kame\u0148a. Parfumovan\u00e9 kri\u0161t\u00e1ly s\u00fa vhodn\u00e9 na v\u0161etky typy bielizne a vl\u00e1kna. Nenahr\u00e1dzaj\u00fa klasick\u00fd prac\u00ed prostriedok do pr\u00e1\u010dky, sl\u00fa\u017eia len ako aviv\u00e1\u017e.","og_url":"https:\/\/verdevana.sk\/?product=moon-parfumovane-kristaly","og_site_name":"\u010capovan\u00e1 Eko Drog\u00e9ria Ko\u0161ice | VERDE VANA","article_modified_time":"2024-05-12T08:44:17+00:00","og_image":[{"width":800,"height":800,"url":"https:\/\/verdevana.sk\/wp-content\/uploads\/2024\/05\/1684-parfumovane-kristaly-moon-5kg-1.jpg","type":"image\/jpeg"}],"twitter_card":"summary_large_image","twitter_misc":{"Predpokladan\u00fd \u010das \u010d\u00edtania":"1 min\u00fata"},"schema":{"@context":"https:\/\/schema.org","@graph":[{"@type":"WebPage","@id":"https:\/\/verdevana.sk\/?product=moon-parfumovane-kristaly","url":"https:\/\/verdevana.sk\/?product=moon-parfumovane-kristaly","name":"MOON parfumovan\u00e9 kri\u0161t\u00e1ly - \u010capovan\u00e1 Eko Drog\u00e9ria Ko\u0161ice | VERDE VANA","isPartOf":{"@id":"https:\/\/verdevana.sk\/#website"},"primaryImageOfPage":{"@id":"https:\/\/verdevana.sk\/?product=moon-parfumovane-kristaly#primaryimage"},"image":{"@id":"https:\/\/verdevana.sk\/?product=moon-parfumovane-kristaly#primaryimage"},"thumbnailUrl":"https:\/\/verdevana.sk\/wp-content\/uploads\/2024\/05\/1684-parfumovane-kristaly-moon-5kg-1.jpg","datePublished":"2024-05-06T18:18:05+00:00","dateModified":"2024-05-12T08:44:17+00:00","breadcrumb":{"@id":"https:\/\/verdevana.sk\/?product=moon-parfumovane-kristaly#breadcrumb"},"inLanguage":"sk-SK","potentialAction":[{"@type":"ReadAction","target":["https:\/\/verdevana.sk\/?product=moon-parfumovane-kristaly"]}]},{"@type":"ImageObject","inLanguage":"sk-SK","@id":"https:\/\/verdevana.sk\/?product=moon-parfumovane-kristaly#primaryimage","url":"https:\/\/verdevana.sk\/wp-content\/uploads\/2024\/05\/1684-parfumovane-kristaly-moon-5kg-1.jpg","contentUrl":"https:\/\/verdevana.sk\/wp-content\/uploads\/2024\/05\/1684-parfumovane-kristaly-moon-5kg-1.jpg","width":800,"height":800,"caption":"parfumovane kristaly moo"},{"@type":"BreadcrumbList","@id":"https:\/\/verdevana.sk\/?product=moon-parfumovane-kristaly#breadcrumb","itemListElement":[{"@type":"ListItem","position":1,"name":"Home","item":"https:\/\/verdevana.sk\/"},{"@type":"ListItem","position":2,"name":"Produkty","item":"http:\/\/verdevana.sk\/?page_id=12"},{"@type":"ListItem","position":3,"name":"MOON parfumovan\u00e9 kri\u0161t\u00e1ly"}]},{"@type":"WebSite","@id":"https:\/\/verdevana.sk\/#website","url":"https:\/\/verdevana.sk\/","name":"\u010capovan\u00e1 Eko Drog\u00e9ria Ko\u0161ice | VERDE VANA","description":"\u010capujeme kvalitn\u00fa, vysoko \u00fa\u010dinn\u00fa, ekologick\u00fa drog\u00e9riu a kozmetiku.","publisher":{"@id":"https:\/\/verdevana.sk\/#organization"},"potentialAction":[{"@type":"SearchAction","target":{"@type":"EntryPoint","urlTemplate":"https:\/\/verdevana.sk\/?s={search_term_string}"},"query-input":"required name=search_term_string"}],"inLanguage":"sk-SK"},{"@type":"Organization","@id":"https:\/\/verdevana.sk\/#organization","name":"\u010capovan\u00e1 Eko Drog\u00e9ria Ko\u0161ice | VERDE VANA","url":"https:\/\/verdevana.sk\/","logo":{"@type":"ImageObject","inLanguage":"sk-SK","@id":"https:\/\/verdevana.sk\/#\/schema\/logo\/image\/","url":"https:\/\/verdevana.sk\/wp-content\/uploads\/2024\/11\/VerdeVana_capovana_drogeria_koscie_logo.png","contentUrl":"https:\/\/verdevana.sk\/wp-content\/uploads\/2024\/11\/VerdeVana_capovana_drogeria_koscie_logo.png","width":411,"height":135,"caption":"\u010capovan\u00e1 Eko Drog\u00e9ria Ko\u0161ice | VERDE VANA"},"image":{"@id":"https:\/\/verdevana.sk\/#\/schema\/logo\/image\/"}}]}},"_links":{"self":[{"href":"https:\/\/verdevana.sk\/index.php?rest_route=\/wp\/v2\/product\/52"}],"collection":[{"href":"https:\/\/verdevana.sk\/index.php?rest_route=\/wp\/v2\/product"}],"about":[{"href":"https:\/\/verdevana.sk\/index.php?rest_route=\/wp\/v2\/types\/product"}],"replies":[{"embeddable":true,"href":"https:\/\/verdevana.sk\/index.php?rest_route=%2Fwp%2Fv2%2Fcomments&post=52"}],"wp:featuredmedia":[{"embeddable":true,"href":"https:\/\/verdevana.sk\/index.php?rest_route=\/wp\/v2\/media\/313"}],"wp:attachment":[{"href":"https:\/\/verdevana.sk\/index.php?rest_route=%2Fwp%2Fv2%2Fmedia&parent=52"}],"wp:term":[{"taxonomy":"product_cat","embeddable":true,"href":"https:\/\/verdevana.sk\/index.php?rest_route=%2Fwp%2Fv2%2Fproduct_cat&post=52"},{"taxonomy":"product_tag","embeddable":true,"href":"https:\/\/verdevana.sk\/index.php?rest_route=%2Fwp%2Fv2%2Fproduct_tag&post=52"}],"curies":[{"name":"wp","href":"https:\/\/api.w.org\/{rel}","templated":true}]}}