{"id":51,"date":"2024-05-06T20:18:05","date_gmt":"2024-05-06T18:18:05","guid":{"rendered":"https:\/\/verdevana.sk\/?post_type=product&#038;p=51"},"modified":"2026-04-24T22:20:29","modified_gmt":"2026-04-24T20:20:29","slug":"avenil-deodorante-no-gas-te-verde-deodorant","status":"publish","type":"product","link":"https:\/\/verdevana.sk\/?product=avenil-deodorante-no-gas-te-verde-deodorant","title":{"rendered":"AVENIL deodorante no gas TE VERDE deodorant"},"content":{"rendered":"<p>Nov\u00fd deodorant bez plynu so zelen\u00fdm \u010dajom a 100% BIO ovsom, \u00fa\u010dinne p\u00f4sob\u00ed a dod\u00e1va pr\u00edjemn\u00fd pocit svie\u017eosti. M\u00e1 osvie\u017euj\u00faci \u00fa\u010dinok bez toho, aby zmenil norm\u00e1lne potenie poko\u017eky. Pou\u017eitie: PRED POU\u017dIT\u00cdM DOBRE PRETREPTE. Aplikujte na neporu\u0161en\u00fa, \u010dist\u00fa a such\u00fa poko\u017eku. Ovos z ekologick\u00e9ho po\u013enohospod\u00e1rstva. Dermatologicky testovan\u00e9 bez hlin\u00edkov\u00fdch sol\u00ed. Bez alkoholu. Testovan\u00e9 na nikel.<\/p>\n<p>AKT\u00cdVNE L\u00c1TKY:<\/p>\n<p>EXTRAKT OVSA Z BIO PO\u013dNOHOSPOD\u00c1RSTVA: s hydrata\u010dn\u00fdmi a upokojuj\u00facimi vlastnos\u0165ami pom\u00e1ha zvy\u0161ova\u0165 toleranciu poko\u017eky a z tohto d\u00f4vodu je ide\u00e1lnou zlo\u017ekou kozmetick\u00fdch v\u00fdrobkov pre v\u0161etky typy poko\u017eky, dokonca aj pre t\u00fa obzvl\u00e1\u0161\u0165 citliv\u00fa alebo jemn\u00fa.<\/p>\n<p>TRIETYL CITR\u00c1T A PR\u00cdRODN\u00c9 CHEL\u00c1TORY: blokuj\u00fa enzymatick\u00fa degrad\u00e1ciu epiderm\u00e1lnych zvy\u0161kov a povrchov\u00e9ho tuku poko\u017eky, tak\u017ee sa nem\u00f4\u017eu vytv\u00e1ra\u0165 nepr\u00edjemn\u00e9 pachy.<\/p>\n<p>EXTRAKT ZO ZELEN\u00c9HO \u010cAJU: z\u00edskan\u00fd extrakciou listov Camellia sinensis. Vyzna\u010duje sa ochrann\u00fdm \u00fa\u010dinkom na ko\u017en\u00e9 tkaniv\u00e1; Navy\u0161e, v\u010faka pr\u00edtomnosti trieslov\u00edn m\u00e1 \u010daj aj dobr\u00e9 \u010distiace \u00fa\u010dinky.<\/p>\n<p>INGREDIENTS: AQUA (WATER), POLYGLYCERYL-6 BEHENATE, GLYCERIN, DICAPRYLYL ETHER, TRIETHYL CITRATE, ZINC RICINOLEATE, ORYZA SATIVA STARCH (ORYZA SATIVA (RICE) STARCH), CAMELLIA SINENSIS LEAF EXTRACT, AVENA SATIVA KERNEL EXTRACT (AVENA SATIVA (OAT) KERNEL EXTRACT), PANTHENOL, BISABOLOL, TOCOPHERYL ACETATE, POLYGLYCERYL-6 STEARATE, ACRYLATES\/C10-30 ALKYL ACRYLATE CROSSPOLYMER, CARBOMER, GLYCERYL STEARATE, CETEARYL ALCOHOL, TETRASODIUM GLUTAMATE DIACETATE, SODIUM HYDROXIDE, CITRIC ACID, ETHYLHEXYLGLYCERIN, PARFUM (FRAGRANCE), PHENOXYETHANOL, BENZOIC ACID, DEHYDROACETIC ACID, CITRONELLOL, LIMONENE, COUMARIN, LINALOOL, ALPHA-ISOMETHYL IONONE<\/p>\n","protected":false},"excerpt":{"rendered":"<p>Deodorant bez plynu so zelen\u00fdm \u010dajom a 100% BIO ovsom<\/p>\n<p>AKT\u00cdVNE L\u00c1TKY:<\/p>\n<p>EXTRAKT OVSA Z BIO PO\u013dNOHOSPOD\u00c1RSTVA: s hydrata\u010dn\u00fdmi a upokojuj\u00facimi vlastnos\u0165ami pom\u00e1ha zvy\u0161ova\u0165 toleranciu poko\u017eky a z tohto d\u00f4vodu je ide\u00e1lnou zlo\u017ekou kozmetick\u00fdch v\u00fdrobkov pre v\u0161etky typy poko\u017eky, dokonca aj pre t\u00fa obzvl\u00e1\u0161\u0165 citliv\u00fa alebo jemn\u00fa.<\/p>\n<p>TRIETYL CITR\u00c1T A PR\u00cdRODN\u00c9 CHEL\u00c1TORY: blokuj\u00fa enzymatick\u00fa degrad\u00e1ciu epiderm\u00e1lnych zvy\u0161kov a povrchov\u00e9ho tuku poko\u017eky, tak\u017ee sa nem\u00f4\u017eu vytv\u00e1ra\u0165 nepr\u00edjemn\u00e9 pachy.<\/p>\n<p>EXTRAKT ZO ZELEN\u00c9HO \u010cAJU: z\u00edskan\u00fd extrakciou listov Camellia sinensis. Vyzna\u010duje sa ochrann\u00fdm \u00fa\u010dinkom na ko\u017en\u00e9 tkaniv\u00e1; Navy\u0161e, v\u010faka pr\u00edtomnosti trieslov\u00edn m\u00e1 \u010daj aj dobr\u00e9 \u010distiace \u00fa\u010dinky.<\/p>\n","protected":false},"featured_media":314,"comment_status":"open","ping_status":"closed","template":"","meta":{"_monsterinsights_skip_tracking":false,"_monsterinsights_sitenote_active":false,"_monsterinsights_sitenote_note":"","_monsterinsights_sitenote_category":0},"product_cat":[44],"product_tag":[45,22,23],"yoast_head":"<!-- This site is optimized with the Yoast SEO plugin v22.6 - https:\/\/yoast.com\/wordpress\/plugins\/seo\/ -->\n<title>AVENIL deodorante no gas TE VERDE deodorant - \u010capovan\u00e1 Eko Drog\u00e9ria Ko\u0161ice | VERDE VANA<\/title>\n<meta name=\"robots\" content=\"index, follow, max-snippet:-1, max-image-preview:large, max-video-preview:-1\" \/>\n<link rel=\"canonical\" href=\"https:\/\/verdevana.sk\/?product=avenil-deodorante-no-gas-te-verde-deodorant\" \/>\n<meta property=\"og:locale\" content=\"sk_SK\" \/>\n<meta property=\"og:type\" content=\"article\" \/>\n<meta property=\"og:title\" content=\"AVENIL deodorante no gas TE VERDE deodorant - \u010capovan\u00e1 Eko Drog\u00e9ria Ko\u0161ice | VERDE VANA\" \/>\n<meta property=\"og:description\" content=\"Deodorant bez plynu so zelen\u00fdm \u010dajom a 100% BIO ovsom  AKT\u00cdVNE L\u00c1TKY:  EXTRAKT OVSA Z BIO PO\u013dNOHOSPOD\u00c1RSTVA: s hydrata\u010dn\u00fdmi a upokojuj\u00facimi vlastnos\u0165ami pom\u00e1ha zvy\u0161ova\u0165 toleranciu poko\u017eky a z tohto d\u00f4vodu je ide\u00e1lnou zlo\u017ekou kozmetick\u00fdch v\u00fdrobkov pre v\u0161etky typy poko\u017eky, dokonca aj pre t\u00fa obzvl\u00e1\u0161\u0165 citliv\u00fa alebo jemn\u00fa.  TRIETYL CITR\u00c1T A PR\u00cdRODN\u00c9 CHEL\u00c1TORY: blokuj\u00fa enzymatick\u00fa degrad\u00e1ciu epiderm\u00e1lnych zvy\u0161kov a povrchov\u00e9ho tuku poko\u017eky, tak\u017ee sa nem\u00f4\u017eu vytv\u00e1ra\u0165 nepr\u00edjemn\u00e9 pachy.  EXTRAKT ZO ZELEN\u00c9HO \u010cAJU: z\u00edskan\u00fd extrakciou listov Camellia sinensis. Vyzna\u010duje sa ochrann\u00fdm \u00fa\u010dinkom na ko\u017en\u00e9 tkaniv\u00e1; Navy\u0161e, v\u010faka pr\u00edtomnosti trieslov\u00edn m\u00e1 \u010daj aj dobr\u00e9 \u010distiace \u00fa\u010dinky.\" \/>\n<meta property=\"og:url\" content=\"https:\/\/verdevana.sk\/?product=avenil-deodorante-no-gas-te-verde-deodorant\" \/>\n<meta property=\"og:site_name\" content=\"\u010capovan\u00e1 Eko Drog\u00e9ria Ko\u0161ice | VERDE VANA\" \/>\n<meta property=\"article:modified_time\" content=\"2026-04-24T20:20:29+00:00\" \/>\n<meta property=\"og:image\" content=\"https:\/\/verdevana.sk\/wp-content\/uploads\/2024\/05\/deodorant-avenil-deodorante-no-gas-te-verde-75ml.png\" \/>\n\t<meta property=\"og:image:width\" content=\"550\" \/>\n\t<meta property=\"og:image:height\" content=\"550\" \/>\n\t<meta property=\"og:image:type\" content=\"image\/png\" \/>\n<meta name=\"twitter:card\" content=\"summary_large_image\" \/>\n<meta name=\"twitter:label1\" content=\"Predpokladan\u00fd \u010das \u010d\u00edtania\" \/>\n\t<meta name=\"twitter:data1\" content=\"2 min\u00faty\" \/>\n<script type=\"application\/ld+json\" class=\"yoast-schema-graph\">{\"@context\":\"https:\/\/schema.org\",\"@graph\":[{\"@type\":\"WebPage\",\"@id\":\"https:\/\/verdevana.sk\/?product=avenil-deodorante-no-gas-te-verde-deodorant\",\"url\":\"https:\/\/verdevana.sk\/?product=avenil-deodorante-no-gas-te-verde-deodorant\",\"name\":\"AVENIL deodorante no gas TE VERDE deodorant - \u010capovan\u00e1 Eko Drog\u00e9ria Ko\u0161ice | VERDE VANA\",\"isPartOf\":{\"@id\":\"https:\/\/verdevana.sk\/#website\"},\"primaryImageOfPage\":{\"@id\":\"https:\/\/verdevana.sk\/?product=avenil-deodorante-no-gas-te-verde-deodorant#primaryimage\"},\"image\":{\"@id\":\"https:\/\/verdevana.sk\/?product=avenil-deodorante-no-gas-te-verde-deodorant#primaryimage\"},\"thumbnailUrl\":\"https:\/\/verdevana.sk\/wp-content\/uploads\/2024\/05\/deodorant-avenil-deodorante-no-gas-te-verde-75ml.png\",\"datePublished\":\"2024-05-06T18:18:05+00:00\",\"dateModified\":\"2026-04-24T20:20:29+00:00\",\"breadcrumb\":{\"@id\":\"https:\/\/verdevana.sk\/?product=avenil-deodorante-no-gas-te-verde-deodorant#breadcrumb\"},\"inLanguage\":\"sk-SK\",\"potentialAction\":[{\"@type\":\"ReadAction\",\"target\":[\"https:\/\/verdevana.sk\/?product=avenil-deodorante-no-gas-te-verde-deodorant\"]}]},{\"@type\":\"ImageObject\",\"inLanguage\":\"sk-SK\",\"@id\":\"https:\/\/verdevana.sk\/?product=avenil-deodorante-no-gas-te-verde-deodorant#primaryimage\",\"url\":\"https:\/\/verdevana.sk\/wp-content\/uploads\/2024\/05\/deodorant-avenil-deodorante-no-gas-te-verde-75ml.png\",\"contentUrl\":\"https:\/\/verdevana.sk\/wp-content\/uploads\/2024\/05\/deodorant-avenil-deodorante-no-gas-te-verde-75ml.png\",\"width\":550,\"height\":550,\"caption\":\"deodorant avenil deodorante no gas te verde 75ml\"},{\"@type\":\"BreadcrumbList\",\"@id\":\"https:\/\/verdevana.sk\/?product=avenil-deodorante-no-gas-te-verde-deodorant#breadcrumb\",\"itemListElement\":[{\"@type\":\"ListItem\",\"position\":1,\"name\":\"Home\",\"item\":\"https:\/\/verdevana.sk\/\"},{\"@type\":\"ListItem\",\"position\":2,\"name\":\"Produkty\",\"item\":\"http:\/\/verdevana.sk\/?page_id=12\"},{\"@type\":\"ListItem\",\"position\":3,\"name\":\"AVENIL deodorante no gas TE VERDE deodorant\"}]},{\"@type\":\"WebSite\",\"@id\":\"https:\/\/verdevana.sk\/#website\",\"url\":\"https:\/\/verdevana.sk\/\",\"name\":\"\u010capovan\u00e1 Eko Drog\u00e9ria Ko\u0161ice | VERDE VANA\",\"description\":\"\u010capujeme kvalitn\u00fa, vysoko \u00fa\u010dinn\u00fa, ekologick\u00fa drog\u00e9riu a kozmetiku.\",\"publisher\":{\"@id\":\"https:\/\/verdevana.sk\/#organization\"},\"potentialAction\":[{\"@type\":\"SearchAction\",\"target\":{\"@type\":\"EntryPoint\",\"urlTemplate\":\"https:\/\/verdevana.sk\/?s={search_term_string}\"},\"query-input\":\"required name=search_term_string\"}],\"inLanguage\":\"sk-SK\"},{\"@type\":\"Organization\",\"@id\":\"https:\/\/verdevana.sk\/#organization\",\"name\":\"\u010capovan\u00e1 Eko Drog\u00e9ria Ko\u0161ice | VERDE VANA\",\"url\":\"https:\/\/verdevana.sk\/\",\"logo\":{\"@type\":\"ImageObject\",\"inLanguage\":\"sk-SK\",\"@id\":\"https:\/\/verdevana.sk\/#\/schema\/logo\/image\/\",\"url\":\"https:\/\/verdevana.sk\/wp-content\/uploads\/2024\/11\/VerdeVana_capovana_drogeria_koscie_logo.png\",\"contentUrl\":\"https:\/\/verdevana.sk\/wp-content\/uploads\/2024\/11\/VerdeVana_capovana_drogeria_koscie_logo.png\",\"width\":411,\"height\":135,\"caption\":\"\u010capovan\u00e1 Eko Drog\u00e9ria Ko\u0161ice | VERDE VANA\"},\"image\":{\"@id\":\"https:\/\/verdevana.sk\/#\/schema\/logo\/image\/\"}}]}<\/script>\n<!-- \/ Yoast SEO plugin. -->","yoast_head_json":{"title":"AVENIL deodorante no gas TE VERDE deodorant - \u010capovan\u00e1 Eko Drog\u00e9ria Ko\u0161ice | VERDE VANA","robots":{"index":"index","follow":"follow","max-snippet":"max-snippet:-1","max-image-preview":"max-image-preview:large","max-video-preview":"max-video-preview:-1"},"canonical":"https:\/\/verdevana.sk\/?product=avenil-deodorante-no-gas-te-verde-deodorant","og_locale":"sk_SK","og_type":"article","og_title":"AVENIL deodorante no gas TE VERDE deodorant - \u010capovan\u00e1 Eko Drog\u00e9ria Ko\u0161ice | VERDE VANA","og_description":"Deodorant bez plynu so zelen\u00fdm \u010dajom a 100% BIO ovsom  AKT\u00cdVNE L\u00c1TKY:  EXTRAKT OVSA Z BIO PO\u013dNOHOSPOD\u00c1RSTVA: s hydrata\u010dn\u00fdmi a upokojuj\u00facimi vlastnos\u0165ami pom\u00e1ha zvy\u0161ova\u0165 toleranciu poko\u017eky a z tohto d\u00f4vodu je ide\u00e1lnou zlo\u017ekou kozmetick\u00fdch v\u00fdrobkov pre v\u0161etky typy poko\u017eky, dokonca aj pre t\u00fa obzvl\u00e1\u0161\u0165 citliv\u00fa alebo jemn\u00fa.  TRIETYL CITR\u00c1T A PR\u00cdRODN\u00c9 CHEL\u00c1TORY: blokuj\u00fa enzymatick\u00fa degrad\u00e1ciu epiderm\u00e1lnych zvy\u0161kov a povrchov\u00e9ho tuku poko\u017eky, tak\u017ee sa nem\u00f4\u017eu vytv\u00e1ra\u0165 nepr\u00edjemn\u00e9 pachy.  EXTRAKT ZO ZELEN\u00c9HO \u010cAJU: z\u00edskan\u00fd extrakciou listov Camellia sinensis. Vyzna\u010duje sa ochrann\u00fdm \u00fa\u010dinkom na ko\u017en\u00e9 tkaniv\u00e1; Navy\u0161e, v\u010faka pr\u00edtomnosti trieslov\u00edn m\u00e1 \u010daj aj dobr\u00e9 \u010distiace \u00fa\u010dinky.","og_url":"https:\/\/verdevana.sk\/?product=avenil-deodorante-no-gas-te-verde-deodorant","og_site_name":"\u010capovan\u00e1 Eko Drog\u00e9ria Ko\u0161ice | VERDE VANA","article_modified_time":"2026-04-24T20:20:29+00:00","og_image":[{"width":550,"height":550,"url":"https:\/\/verdevana.sk\/wp-content\/uploads\/2024\/05\/deodorant-avenil-deodorante-no-gas-te-verde-75ml.png","type":"image\/png"}],"twitter_card":"summary_large_image","twitter_misc":{"Predpokladan\u00fd \u010das \u010d\u00edtania":"2 min\u00faty"},"schema":{"@context":"https:\/\/schema.org","@graph":[{"@type":"WebPage","@id":"https:\/\/verdevana.sk\/?product=avenil-deodorante-no-gas-te-verde-deodorant","url":"https:\/\/verdevana.sk\/?product=avenil-deodorante-no-gas-te-verde-deodorant","name":"AVENIL deodorante no gas TE VERDE deodorant - \u010capovan\u00e1 Eko Drog\u00e9ria Ko\u0161ice | VERDE VANA","isPartOf":{"@id":"https:\/\/verdevana.sk\/#website"},"primaryImageOfPage":{"@id":"https:\/\/verdevana.sk\/?product=avenil-deodorante-no-gas-te-verde-deodorant#primaryimage"},"image":{"@id":"https:\/\/verdevana.sk\/?product=avenil-deodorante-no-gas-te-verde-deodorant#primaryimage"},"thumbnailUrl":"https:\/\/verdevana.sk\/wp-content\/uploads\/2024\/05\/deodorant-avenil-deodorante-no-gas-te-verde-75ml.png","datePublished":"2024-05-06T18:18:05+00:00","dateModified":"2026-04-24T20:20:29+00:00","breadcrumb":{"@id":"https:\/\/verdevana.sk\/?product=avenil-deodorante-no-gas-te-verde-deodorant#breadcrumb"},"inLanguage":"sk-SK","potentialAction":[{"@type":"ReadAction","target":["https:\/\/verdevana.sk\/?product=avenil-deodorante-no-gas-te-verde-deodorant"]}]},{"@type":"ImageObject","inLanguage":"sk-SK","@id":"https:\/\/verdevana.sk\/?product=avenil-deodorante-no-gas-te-verde-deodorant#primaryimage","url":"https:\/\/verdevana.sk\/wp-content\/uploads\/2024\/05\/deodorant-avenil-deodorante-no-gas-te-verde-75ml.png","contentUrl":"https:\/\/verdevana.sk\/wp-content\/uploads\/2024\/05\/deodorant-avenil-deodorante-no-gas-te-verde-75ml.png","width":550,"height":550,"caption":"deodorant avenil deodorante no gas te verde 75ml"},{"@type":"BreadcrumbList","@id":"https:\/\/verdevana.sk\/?product=avenil-deodorante-no-gas-te-verde-deodorant#breadcrumb","itemListElement":[{"@type":"ListItem","position":1,"name":"Home","item":"https:\/\/verdevana.sk\/"},{"@type":"ListItem","position":2,"name":"Produkty","item":"http:\/\/verdevana.sk\/?page_id=12"},{"@type":"ListItem","position":3,"name":"AVENIL deodorante no gas TE VERDE deodorant"}]},{"@type":"WebSite","@id":"https:\/\/verdevana.sk\/#website","url":"https:\/\/verdevana.sk\/","name":"\u010capovan\u00e1 Eko Drog\u00e9ria Ko\u0161ice | VERDE VANA","description":"\u010capujeme kvalitn\u00fa, vysoko \u00fa\u010dinn\u00fa, ekologick\u00fa drog\u00e9riu a kozmetiku.","publisher":{"@id":"https:\/\/verdevana.sk\/#organization"},"potentialAction":[{"@type":"SearchAction","target":{"@type":"EntryPoint","urlTemplate":"https:\/\/verdevana.sk\/?s={search_term_string}"},"query-input":"required name=search_term_string"}],"inLanguage":"sk-SK"},{"@type":"Organization","@id":"https:\/\/verdevana.sk\/#organization","name":"\u010capovan\u00e1 Eko Drog\u00e9ria Ko\u0161ice | VERDE VANA","url":"https:\/\/verdevana.sk\/","logo":{"@type":"ImageObject","inLanguage":"sk-SK","@id":"https:\/\/verdevana.sk\/#\/schema\/logo\/image\/","url":"https:\/\/verdevana.sk\/wp-content\/uploads\/2024\/11\/VerdeVana_capovana_drogeria_koscie_logo.png","contentUrl":"https:\/\/verdevana.sk\/wp-content\/uploads\/2024\/11\/VerdeVana_capovana_drogeria_koscie_logo.png","width":411,"height":135,"caption":"\u010capovan\u00e1 Eko Drog\u00e9ria Ko\u0161ice | VERDE VANA"},"image":{"@id":"https:\/\/verdevana.sk\/#\/schema\/logo\/image\/"}}]}},"_links":{"self":[{"href":"https:\/\/verdevana.sk\/index.php?rest_route=\/wp\/v2\/product\/51"}],"collection":[{"href":"https:\/\/verdevana.sk\/index.php?rest_route=\/wp\/v2\/product"}],"about":[{"href":"https:\/\/verdevana.sk\/index.php?rest_route=\/wp\/v2\/types\/product"}],"replies":[{"embeddable":true,"href":"https:\/\/verdevana.sk\/index.php?rest_route=%2Fwp%2Fv2%2Fcomments&post=51"}],"wp:featuredmedia":[{"embeddable":true,"href":"https:\/\/verdevana.sk\/index.php?rest_route=\/wp\/v2\/media\/314"}],"wp:attachment":[{"href":"https:\/\/verdevana.sk\/index.php?rest_route=%2Fwp%2Fv2%2Fmedia&parent=51"}],"wp:term":[{"taxonomy":"product_cat","embeddable":true,"href":"https:\/\/verdevana.sk\/index.php?rest_route=%2Fwp%2Fv2%2Fproduct_cat&post=51"},{"taxonomy":"product_tag","embeddable":true,"href":"https:\/\/verdevana.sk\/index.php?rest_route=%2Fwp%2Fv2%2Fproduct_tag&post=51"}],"curies":[{"name":"wp","href":"https:\/\/api.w.org\/{rel}","templated":true}]}}