{"id":49,"date":"2024-05-06T20:18:05","date_gmt":"2024-05-06T18:18:05","guid":{"rendered":"https:\/\/verdevana.sk\/?post_type=product&#038;p=49"},"modified":"2024-05-12T10:38:31","modified_gmt":"2024-05-12T08:38:31","slug":"hypnotic-parfum-na-pranie","status":"publish","type":"product","link":"https:\/\/verdevana.sk\/?product=hypnotic-parfum-na-pranie","title":{"rendered":"HYPNOTIC parfum na pranie"},"content":{"rendered":"<p>ESSENZA DI PROFUMO HYPNOTIC<br \/>\nParfum na pranie s esenci\u00e1lnym olejom sa pou\u017e\u00edva pri be\u017enom pran\u00ed spolu s prac\u00edm pr\u00e1\u0161kom, alebo g\u00e9lom na z\u00e1vere\u010dn\u00e9 pranie (n\u00e1hrada aviv\u00e1\u017ee). Koncentr\u00e1t nie je potrebn\u00e9 riedi\u0165 vodou. L\u00e1tka nie je pre bielize\u0148 agres\u00edvna, nefarb\u00ed, nezanech\u00e1va \u0161kvrny na pr\u00e1dle, ani maz\u013eav\u00e9 usadeniny v d\u00e1vkova\u010di pr\u00e1\u010dky. Dlhotrvaj\u00faca v\u00f4\u0148a aj pri pou\u017eit\u00ed su\u0161i\u010dky.<\/p>\n<p>Zlo\u017eenie: ani\u00f3nov\u00e9 povrchovo akt\u00edvne l\u00e1tky inf. na 10%. Obsahuje: 2-METHYL-3-(4-ISOPROPYLPHENYL)PROP ANAL. ALPHA HEXYL CINNAMALDEHYDE 2-HEXYL-3-PHENYL-2-PROPENAL. DODECANAL. 1-METHOXY-4-PROPENYLBENZENE FEMA 2086. 7-HYDROXY-3,7-DIMETHYLOCTAN-1-AL FEMA 2583. CMR 3,4-TER-BUTYL-3,6-DINITRO-2,6-DIMETHYL ACETHOPENONE. N-HEXYL-ORTHO HYDROXYBENZOATE HEXYL 2-HYDROXYBENZOATE. SCHIFF BASE, LILIAL\/METHYL ANTHRANILATE. CIS-4-4SOPROPYLCYCLOHEX\/ IEMETHANOL. 2,4-DIMETHYL-3-CYCLOHEXE1-CARBOXALDEHYDE(ISOMER). Coumarin, Hexyl cinnamal. M\u00f4\u017eu sp\u00f4sobi\u0165 alergick\u00fa reakciu.<\/p>\n<p>D\u00e1vkovanie:<\/p>\n<p>Pr\u00e1\u010dka: 5ml oleja (5kg bielizne) nalia\u0165 do prie\u010dinka pre aviv\u00e1\u017e.<\/p>\n<p>Ru\u010dne: 5ml na 10 litrov vody. Ponorte pr\u00e1dlo do vody a nechajte nieko\u013eko min\u00fat p\u00f4sobi\u0165, potom vy\u017em\u00fdkajte.<\/p>\n","protected":false},"excerpt":{"rendered":"<p>ESSENZA DI PROFUMO HYPNOTIC<br \/>\nParfum na pranie s esenci\u00e1lnym olejom sa pou\u017e\u00edva pri be\u017enom pran\u00ed spolu s prac\u00edm pr\u00e1\u0161kom, alebo g\u00e9lom na z\u00e1vere\u010dn\u00e9 pranie (n\u00e1hrada aviv\u00e1\u017ee). Koncentr\u00e1t nie je potrebn\u00e9 riedi\u0165 vodou. L\u00e1tka nie je pre bielize\u0148 agres\u00edvna, nefarb\u00ed, nezanech\u00e1va \u0161kvrny na pr\u00e1dle, ani maz\u013eav\u00e9 usadeniny v d\u00e1vkova\u010di pr\u00e1\u010dky. Dlhotrvaj\u00faca v\u00f4\u0148a aj pri pou\u017eit\u00ed su\u0161i\u010dky.<\/p>\n","protected":false},"featured_media":312,"comment_status":"open","ping_status":"closed","template":"","meta":{"_monsterinsights_skip_tracking":false,"_monsterinsights_sitenote_active":false,"_monsterinsights_sitenote_note":"","_monsterinsights_sitenote_category":0},"product_cat":[42],"product_tag":[22,23,43],"yoast_head":"<!-- This site is optimized with the Yoast SEO plugin v22.6 - https:\/\/yoast.com\/wordpress\/plugins\/seo\/ -->\n<title>HYPNOTIC parfum na pranie - \u010capovan\u00e1 Eko Drog\u00e9ria Ko\u0161ice | VERDE VANA<\/title>\n<meta name=\"robots\" content=\"index, follow, max-snippet:-1, max-image-preview:large, max-video-preview:-1\" \/>\n<link rel=\"canonical\" href=\"https:\/\/verdevana.sk\/?product=hypnotic-parfum-na-pranie\" \/>\n<meta property=\"og:locale\" content=\"sk_SK\" \/>\n<meta property=\"og:type\" content=\"article\" \/>\n<meta property=\"og:title\" content=\"HYPNOTIC parfum na pranie - \u010capovan\u00e1 Eko Drog\u00e9ria Ko\u0161ice | VERDE VANA\" \/>\n<meta property=\"og:description\" content=\"ESSENZA DI PROFUMO HYPNOTIC Parfum na pranie s esenci\u00e1lnym olejom sa pou\u017e\u00edva pri be\u017enom pran\u00ed spolu s prac\u00edm pr\u00e1\u0161kom, alebo g\u00e9lom na z\u00e1vere\u010dn\u00e9 pranie (n\u00e1hrada aviv\u00e1\u017ee). Koncentr\u00e1t nie je potrebn\u00e9 riedi\u0165 vodou. L\u00e1tka nie je pre bielize\u0148 agres\u00edvna, nefarb\u00ed, nezanech\u00e1va \u0161kvrny na pr\u00e1dle, ani maz\u013eav\u00e9 usadeniny v d\u00e1vkova\u010di pr\u00e1\u010dky. Dlhotrvaj\u00faca v\u00f4\u0148a aj pri pou\u017eit\u00ed su\u0161i\u010dky.\" \/>\n<meta property=\"og:url\" content=\"https:\/\/verdevana.sk\/?product=hypnotic-parfum-na-pranie\" \/>\n<meta property=\"og:site_name\" content=\"\u010capovan\u00e1 Eko Drog\u00e9ria Ko\u0161ice | VERDE VANA\" \/>\n<meta property=\"article:modified_time\" content=\"2024-05-12T08:38:31+00:00\" \/>\n<meta property=\"og:image\" content=\"https:\/\/verdevana.sk\/wp-content\/uploads\/2024\/05\/1733-parfum-na-pranie-hypnotic-120ml.jpg\" \/>\n\t<meta property=\"og:image:width\" content=\"800\" \/>\n\t<meta property=\"og:image:height\" content=\"800\" \/>\n\t<meta property=\"og:image:type\" content=\"image\/jpeg\" \/>\n<meta name=\"twitter:card\" content=\"summary_large_image\" \/>\n<meta name=\"twitter:label1\" content=\"Predpokladan\u00fd \u010das \u010d\u00edtania\" \/>\n\t<meta name=\"twitter:data1\" content=\"1 min\u00fata\" \/>\n<script type=\"application\/ld+json\" class=\"yoast-schema-graph\">{\"@context\":\"https:\/\/schema.org\",\"@graph\":[{\"@type\":\"WebPage\",\"@id\":\"https:\/\/verdevana.sk\/?product=hypnotic-parfum-na-pranie\",\"url\":\"https:\/\/verdevana.sk\/?product=hypnotic-parfum-na-pranie\",\"name\":\"HYPNOTIC parfum na pranie - \u010capovan\u00e1 Eko Drog\u00e9ria Ko\u0161ice | VERDE VANA\",\"isPartOf\":{\"@id\":\"https:\/\/verdevana.sk\/#website\"},\"primaryImageOfPage\":{\"@id\":\"https:\/\/verdevana.sk\/?product=hypnotic-parfum-na-pranie#primaryimage\"},\"image\":{\"@id\":\"https:\/\/verdevana.sk\/?product=hypnotic-parfum-na-pranie#primaryimage\"},\"thumbnailUrl\":\"https:\/\/verdevana.sk\/wp-content\/uploads\/2024\/05\/1733-parfum-na-pranie-hypnotic-120ml.jpg\",\"datePublished\":\"2024-05-06T18:18:05+00:00\",\"dateModified\":\"2024-05-12T08:38:31+00:00\",\"breadcrumb\":{\"@id\":\"https:\/\/verdevana.sk\/?product=hypnotic-parfum-na-pranie#breadcrumb\"},\"inLanguage\":\"sk-SK\",\"potentialAction\":[{\"@type\":\"ReadAction\",\"target\":[\"https:\/\/verdevana.sk\/?product=hypnotic-parfum-na-pranie\"]}]},{\"@type\":\"ImageObject\",\"inLanguage\":\"sk-SK\",\"@id\":\"https:\/\/verdevana.sk\/?product=hypnotic-parfum-na-pranie#primaryimage\",\"url\":\"https:\/\/verdevana.sk\/wp-content\/uploads\/2024\/05\/1733-parfum-na-pranie-hypnotic-120ml.jpg\",\"contentUrl\":\"https:\/\/verdevana.sk\/wp-content\/uploads\/2024\/05\/1733-parfum-na-pranie-hypnotic-120ml.jpg\",\"width\":800,\"height\":800,\"caption\":\"1733-parfum-na-pranie-hypnotic-120ml\"},{\"@type\":\"BreadcrumbList\",\"@id\":\"https:\/\/verdevana.sk\/?product=hypnotic-parfum-na-pranie#breadcrumb\",\"itemListElement\":[{\"@type\":\"ListItem\",\"position\":1,\"name\":\"Home\",\"item\":\"https:\/\/verdevana.sk\/\"},{\"@type\":\"ListItem\",\"position\":2,\"name\":\"Produkty\",\"item\":\"http:\/\/verdevana.sk\/?page_id=12\"},{\"@type\":\"ListItem\",\"position\":3,\"name\":\"HYPNOTIC parfum na pranie\"}]},{\"@type\":\"WebSite\",\"@id\":\"https:\/\/verdevana.sk\/#website\",\"url\":\"https:\/\/verdevana.sk\/\",\"name\":\"\u010capovan\u00e1 Eko Drog\u00e9ria Ko\u0161ice | VERDE VANA\",\"description\":\"\u010capujeme kvalitn\u00fa, vysoko \u00fa\u010dinn\u00fa, ekologick\u00fa drog\u00e9riu a kozmetiku.\",\"publisher\":{\"@id\":\"https:\/\/verdevana.sk\/#organization\"},\"potentialAction\":[{\"@type\":\"SearchAction\",\"target\":{\"@type\":\"EntryPoint\",\"urlTemplate\":\"https:\/\/verdevana.sk\/?s={search_term_string}\"},\"query-input\":\"required name=search_term_string\"}],\"inLanguage\":\"sk-SK\"},{\"@type\":\"Organization\",\"@id\":\"https:\/\/verdevana.sk\/#organization\",\"name\":\"\u010capovan\u00e1 Eko Drog\u00e9ria Ko\u0161ice | VERDE VANA\",\"url\":\"https:\/\/verdevana.sk\/\",\"logo\":{\"@type\":\"ImageObject\",\"inLanguage\":\"sk-SK\",\"@id\":\"https:\/\/verdevana.sk\/#\/schema\/logo\/image\/\",\"url\":\"https:\/\/verdevana.sk\/wp-content\/uploads\/2024\/11\/VerdeVana_capovana_drogeria_koscie_logo.png\",\"contentUrl\":\"https:\/\/verdevana.sk\/wp-content\/uploads\/2024\/11\/VerdeVana_capovana_drogeria_koscie_logo.png\",\"width\":411,\"height\":135,\"caption\":\"\u010capovan\u00e1 Eko Drog\u00e9ria Ko\u0161ice | VERDE VANA\"},\"image\":{\"@id\":\"https:\/\/verdevana.sk\/#\/schema\/logo\/image\/\"}}]}<\/script>\n<!-- \/ Yoast SEO plugin. -->","yoast_head_json":{"title":"HYPNOTIC parfum na pranie - \u010capovan\u00e1 Eko Drog\u00e9ria Ko\u0161ice | VERDE VANA","robots":{"index":"index","follow":"follow","max-snippet":"max-snippet:-1","max-image-preview":"max-image-preview:large","max-video-preview":"max-video-preview:-1"},"canonical":"https:\/\/verdevana.sk\/?product=hypnotic-parfum-na-pranie","og_locale":"sk_SK","og_type":"article","og_title":"HYPNOTIC parfum na pranie - \u010capovan\u00e1 Eko Drog\u00e9ria Ko\u0161ice | VERDE VANA","og_description":"ESSENZA DI PROFUMO HYPNOTIC Parfum na pranie s esenci\u00e1lnym olejom sa pou\u017e\u00edva pri be\u017enom pran\u00ed spolu s prac\u00edm pr\u00e1\u0161kom, alebo g\u00e9lom na z\u00e1vere\u010dn\u00e9 pranie (n\u00e1hrada aviv\u00e1\u017ee). Koncentr\u00e1t nie je potrebn\u00e9 riedi\u0165 vodou. L\u00e1tka nie je pre bielize\u0148 agres\u00edvna, nefarb\u00ed, nezanech\u00e1va \u0161kvrny na pr\u00e1dle, ani maz\u013eav\u00e9 usadeniny v d\u00e1vkova\u010di pr\u00e1\u010dky. Dlhotrvaj\u00faca v\u00f4\u0148a aj pri pou\u017eit\u00ed su\u0161i\u010dky.","og_url":"https:\/\/verdevana.sk\/?product=hypnotic-parfum-na-pranie","og_site_name":"\u010capovan\u00e1 Eko Drog\u00e9ria Ko\u0161ice | VERDE VANA","article_modified_time":"2024-05-12T08:38:31+00:00","og_image":[{"width":800,"height":800,"url":"https:\/\/verdevana.sk\/wp-content\/uploads\/2024\/05\/1733-parfum-na-pranie-hypnotic-120ml.jpg","type":"image\/jpeg"}],"twitter_card":"summary_large_image","twitter_misc":{"Predpokladan\u00fd \u010das \u010d\u00edtania":"1 min\u00fata"},"schema":{"@context":"https:\/\/schema.org","@graph":[{"@type":"WebPage","@id":"https:\/\/verdevana.sk\/?product=hypnotic-parfum-na-pranie","url":"https:\/\/verdevana.sk\/?product=hypnotic-parfum-na-pranie","name":"HYPNOTIC parfum na pranie - \u010capovan\u00e1 Eko Drog\u00e9ria Ko\u0161ice | VERDE VANA","isPartOf":{"@id":"https:\/\/verdevana.sk\/#website"},"primaryImageOfPage":{"@id":"https:\/\/verdevana.sk\/?product=hypnotic-parfum-na-pranie#primaryimage"},"image":{"@id":"https:\/\/verdevana.sk\/?product=hypnotic-parfum-na-pranie#primaryimage"},"thumbnailUrl":"https:\/\/verdevana.sk\/wp-content\/uploads\/2024\/05\/1733-parfum-na-pranie-hypnotic-120ml.jpg","datePublished":"2024-05-06T18:18:05+00:00","dateModified":"2024-05-12T08:38:31+00:00","breadcrumb":{"@id":"https:\/\/verdevana.sk\/?product=hypnotic-parfum-na-pranie#breadcrumb"},"inLanguage":"sk-SK","potentialAction":[{"@type":"ReadAction","target":["https:\/\/verdevana.sk\/?product=hypnotic-parfum-na-pranie"]}]},{"@type":"ImageObject","inLanguage":"sk-SK","@id":"https:\/\/verdevana.sk\/?product=hypnotic-parfum-na-pranie#primaryimage","url":"https:\/\/verdevana.sk\/wp-content\/uploads\/2024\/05\/1733-parfum-na-pranie-hypnotic-120ml.jpg","contentUrl":"https:\/\/verdevana.sk\/wp-content\/uploads\/2024\/05\/1733-parfum-na-pranie-hypnotic-120ml.jpg","width":800,"height":800,"caption":"1733-parfum-na-pranie-hypnotic-120ml"},{"@type":"BreadcrumbList","@id":"https:\/\/verdevana.sk\/?product=hypnotic-parfum-na-pranie#breadcrumb","itemListElement":[{"@type":"ListItem","position":1,"name":"Home","item":"https:\/\/verdevana.sk\/"},{"@type":"ListItem","position":2,"name":"Produkty","item":"http:\/\/verdevana.sk\/?page_id=12"},{"@type":"ListItem","position":3,"name":"HYPNOTIC parfum na pranie"}]},{"@type":"WebSite","@id":"https:\/\/verdevana.sk\/#website","url":"https:\/\/verdevana.sk\/","name":"\u010capovan\u00e1 Eko Drog\u00e9ria Ko\u0161ice | VERDE VANA","description":"\u010capujeme kvalitn\u00fa, vysoko \u00fa\u010dinn\u00fa, ekologick\u00fa drog\u00e9riu a kozmetiku.","publisher":{"@id":"https:\/\/verdevana.sk\/#organization"},"potentialAction":[{"@type":"SearchAction","target":{"@type":"EntryPoint","urlTemplate":"https:\/\/verdevana.sk\/?s={search_term_string}"},"query-input":"required name=search_term_string"}],"inLanguage":"sk-SK"},{"@type":"Organization","@id":"https:\/\/verdevana.sk\/#organization","name":"\u010capovan\u00e1 Eko Drog\u00e9ria Ko\u0161ice | VERDE VANA","url":"https:\/\/verdevana.sk\/","logo":{"@type":"ImageObject","inLanguage":"sk-SK","@id":"https:\/\/verdevana.sk\/#\/schema\/logo\/image\/","url":"https:\/\/verdevana.sk\/wp-content\/uploads\/2024\/11\/VerdeVana_capovana_drogeria_koscie_logo.png","contentUrl":"https:\/\/verdevana.sk\/wp-content\/uploads\/2024\/11\/VerdeVana_capovana_drogeria_koscie_logo.png","width":411,"height":135,"caption":"\u010capovan\u00e1 Eko Drog\u00e9ria Ko\u0161ice | VERDE VANA"},"image":{"@id":"https:\/\/verdevana.sk\/#\/schema\/logo\/image\/"}}]}},"_links":{"self":[{"href":"https:\/\/verdevana.sk\/index.php?rest_route=\/wp\/v2\/product\/49"}],"collection":[{"href":"https:\/\/verdevana.sk\/index.php?rest_route=\/wp\/v2\/product"}],"about":[{"href":"https:\/\/verdevana.sk\/index.php?rest_route=\/wp\/v2\/types\/product"}],"replies":[{"embeddable":true,"href":"https:\/\/verdevana.sk\/index.php?rest_route=%2Fwp%2Fv2%2Fcomments&post=49"}],"wp:featuredmedia":[{"embeddable":true,"href":"https:\/\/verdevana.sk\/index.php?rest_route=\/wp\/v2\/media\/312"}],"wp:attachment":[{"href":"https:\/\/verdevana.sk\/index.php?rest_route=%2Fwp%2Fv2%2Fmedia&parent=49"}],"wp:term":[{"taxonomy":"product_cat","embeddable":true,"href":"https:\/\/verdevana.sk\/index.php?rest_route=%2Fwp%2Fv2%2Fproduct_cat&post=49"},{"taxonomy":"product_tag","embeddable":true,"href":"https:\/\/verdevana.sk\/index.php?rest_route=%2Fwp%2Fv2%2Fproduct_tag&post=49"}],"curies":[{"name":"wp","href":"https:\/\/api.w.org\/{rel}","templated":true}]}}