{"id":43,"date":"2024-05-06T20:18:04","date_gmt":"2024-05-06T18:18:04","guid":{"rendered":"https:\/\/verdevana.sk\/?post_type=product&#038;p=43"},"modified":"2024-05-12T19:23:32","modified_gmt":"2024-05-12T17:23:32","slug":"mydlo-na-ruky-lavamani-igienizzante","status":"publish","type":"product","link":"https:\/\/verdevana.sk\/?product=mydlo-na-ruky-lavamani-igienizzante","title":{"rendered":"Mydlo na ruky &#8211; LAVAMANI IGIENIZZANTE"},"content":{"rendered":"<h2 style=\"font-weight: 600;\">MYDLO NA RUKY IGIENIZZANTE &#8211; LAVAMANI IGIENIZZANTE<\/h2>\n<p style=\"font-weight: 400;\">Na\u0161e mydlo na ruky Igienizzante pon\u00faka dokonal\u00fa kombin\u00e1ciu \u00fa\u010dinn\u00e9ho \u010distenia a \u0161etrnosti, vytvoren\u00fa na ka\u017edodenn\u00e9 pou\u017eitie. Jeho jemn\u00e1, ale efekt\u00edvna formula ne\u017ene odstra\u0148uje ne\u010distoty a z\u00e1rove\u0148 chr\u00e1ni prirodzen\u00fa hydrat\u00e1ciu va\u0161ej poko\u017eky.<\/p>\n<p style=\"font-weight: 400;\"><strong style=\"font-weight: 700 !important;\">Hydrata\u010dn\u00e9 \u00fa\u010dinky<\/strong>: Pr\u00eddavok Sodium Chloride (kuchynsk\u00e1 so\u013e) pom\u00e1ha zachov\u00e1va\u0165 hydrat\u00e1ciu poko\u017eky, zabra\u0148uje jej vysu\u0161eniu a zanech\u00e1va ruky hladk\u00e9 a m\u00e4kk\u00e9.<\/p>\n<p style=\"font-weight: 400;\"><strong style=\"font-weight: 700 !important;\">Hygienick\u00e1 ochrana:<\/strong>\u00a0V\u00fdnimo\u010dn\u00e9 hygienick\u00e9 vlastnosti tohto mydla, ktor\u00e9 \u00a0zais\u0165uj\u00fa, \u017ee mydlo nielen\u017ee \u010dist\u00ed, ale aj poskytuje v\u00fdznamn\u00fa ochranu proti bakt\u00e9ri\u00e1m, \u010do je neocenite\u013en\u00e9 v ka\u017edej dom\u00e1cnosti alebo pracovnom prostred\u00ed.<\/p>\n<p style=\"font-weight: 400;\"><strong style=\"font-weight: 700 !important;\">Svie\u017ea v\u00f4\u0148a:<\/strong>\u00a0Mydlo je obohaten\u00e9 o Limonene a Citronellol, ktor\u00e9 dod\u00e1vaj\u00fa jemn\u00fa, pr\u00edjemn\u00fa v\u00f4\u0148u. Tieto pr\u00edrodn\u00e9 esenci\u00e1lne oleje zanech\u00e1vaj\u00fa ruky nielen \u010dist\u00e9, ale aj pr\u00edjemne vo\u0148aj\u00face<\/p>\n<p style=\"font-weight: 400;\">V\u00fdsledkom je produkt, ktor\u00fd je vhodn\u00fd pre ka\u017edodenn\u00fa hygienu. Vychutnajte si \u010distotu, ochranu a svie\u017eos\u0165, ktor\u00fa toto mydlo na ruky poskytuje s ka\u017ed\u00fdm umyt\u00edm.<\/p>\n<p style=\"font-weight: 400;\"><strong style=\"font-weight: 700 !important;\">Ingredients (INCI):\u00a0<\/strong>\u00a0Aqua, Sodium Laureth Sulfate, Cocamidopropyl Betaine, Sodium Chloride,\u00a0 Methylchloroisothiazolinone,\u00a0Methylisotiazolinone, Limonene, Citronellol<\/p>\n","protected":false},"excerpt":{"rendered":"<ul>\n<li><strong>Jemn\u00e9 \u010distenie<\/strong>: Efekt\u00edvne odstra\u0148uje ne\u010distoty a z\u00e1rove\u0148 je \u0161etrn\u00e9 k poko\u017eke.<\/li>\n<li><strong>Hydrata\u010dn\u00e9 \u00fa\u010dinky<\/strong>: Pom\u00e1ha zachova\u0165 hydrat\u00e1ciu poko\u017eky.<\/li>\n<li><strong>Hygienick\u00fd \u00fa\u010dinok<\/strong>: Zlo\u017eky obsiahnut\u00e9 v produkte poskytuj\u00fa siln\u00fd hygienick\u00fd \u00fa\u010dinok a eliminuj\u00fa bakt\u00e9rie.<\/li>\n<li><strong>Pr\u00edjemn\u00e1 v\u00f4\u0148a<\/strong>: Pr\u00edrodn\u00e9 aromatick\u00e9 zlo\u017eky Limonene a Citronellol zanech\u00e1vaj\u00fa ruky vo\u0148av\u00e9.<\/li>\n<li><strong>Ide\u00e1lne na ka\u017edodenn\u00e9 pou\u017eitie<\/strong>: \u0160etrn\u00e1 formula je vhodn\u00e1 na pravideln\u00e9 um\u00fdvanie r\u00fak.<\/li>\n<\/ul>\n","protected":false},"featured_media":276,"comment_status":"open","ping_status":"closed","template":"","meta":{"_monsterinsights_skip_tracking":false,"_monsterinsights_sitenote_active":false,"_monsterinsights_sitenote_note":"","_monsterinsights_sitenote_category":0},"product_cat":[32],"product_tag":[22,23,33],"yoast_head":"<!-- This site is optimized with the Yoast SEO plugin v22.6 - https:\/\/yoast.com\/wordpress\/plugins\/seo\/ -->\n<title>Mydlo na ruky - LAVAMANI IGIENIZZANTE - \u010capovan\u00e1 Eko Drog\u00e9ria Ko\u0161ice | VERDE VANA t<\/title>\n<meta name=\"description\" content=\"Efekt\u00edvne odstra\u0148uje ne\u010distoty a z\u00e1rove\u0148 je \u0161etrn\u00e9 k poko\u017eke. Pom\u00e1ha zachova\u0165 hydrat\u00e1ciu poko\u017eky. M\u00e1 siln\u00fd hygienick\u00fd \u00fa\u010dinok. Na pravideln\u00e9 um\u00fdvanie r\u00fak\" \/>\n<meta name=\"robots\" content=\"index, follow, max-snippet:-1, max-image-preview:large, max-video-preview:-1\" \/>\n<link rel=\"canonical\" href=\"https:\/\/verdevana.sk\/?product=mydlo-na-ruky-lavamani-igienizzante\" \/>\n<meta property=\"og:locale\" content=\"sk_SK\" \/>\n<meta property=\"og:type\" content=\"article\" \/>\n<meta property=\"og:title\" content=\"Mydlo na ruky - LAVAMANI IGIENIZZANTE - \u010capovan\u00e1 Eko Drog\u00e9ria Ko\u0161ice | VERDE VANA t\" \/>\n<meta property=\"og:description\" content=\"Efekt\u00edvne odstra\u0148uje ne\u010distoty a z\u00e1rove\u0148 je \u0161etrn\u00e9 k poko\u017eke. Pom\u00e1ha zachova\u0165 hydrat\u00e1ciu poko\u017eky. M\u00e1 siln\u00fd hygienick\u00fd \u00fa\u010dinok. Na pravideln\u00e9 um\u00fdvanie r\u00fak\" \/>\n<meta property=\"og:url\" content=\"https:\/\/verdevana.sk\/?product=mydlo-na-ruky-lavamani-igienizzante\" \/>\n<meta property=\"og:site_name\" content=\"\u010capovan\u00e1 Eko Drog\u00e9ria Ko\u0161ice | VERDE VANA\" \/>\n<meta property=\"article:modified_time\" content=\"2024-05-12T17:23:32+00:00\" \/>\n<meta property=\"og:image\" content=\"https:\/\/verdevana.sk\/wp-content\/uploads\/2024\/05\/851a.jpg\" \/>\n\t<meta property=\"og:image:width\" content=\"1134\" \/>\n\t<meta property=\"og:image:height\" content=\"2016\" \/>\n\t<meta property=\"og:image:type\" content=\"image\/jpeg\" \/>\n<meta name=\"twitter:card\" content=\"summary_large_image\" \/>\n<meta name=\"twitter:label1\" content=\"Predpokladan\u00fd \u010das \u010d\u00edtania\" \/>\n\t<meta name=\"twitter:data1\" content=\"2 min\u00faty\" \/>\n<script type=\"application\/ld+json\" class=\"yoast-schema-graph\">{\"@context\":\"https:\/\/schema.org\",\"@graph\":[{\"@type\":\"WebPage\",\"@id\":\"https:\/\/verdevana.sk\/?product=mydlo-na-ruky-lavamani-igienizzante\",\"url\":\"https:\/\/verdevana.sk\/?product=mydlo-na-ruky-lavamani-igienizzante\",\"name\":\"Mydlo na ruky - LAVAMANI IGIENIZZANTE - \u010capovan\u00e1 Eko Drog\u00e9ria Ko\u0161ice | VERDE VANA t\",\"isPartOf\":{\"@id\":\"https:\/\/verdevana.sk\/#website\"},\"primaryImageOfPage\":{\"@id\":\"https:\/\/verdevana.sk\/?product=mydlo-na-ruky-lavamani-igienizzante#primaryimage\"},\"image\":{\"@id\":\"https:\/\/verdevana.sk\/?product=mydlo-na-ruky-lavamani-igienizzante#primaryimage\"},\"thumbnailUrl\":\"https:\/\/verdevana.sk\/wp-content\/uploads\/2024\/05\/851a.jpg\",\"datePublished\":\"2024-05-06T18:18:04+00:00\",\"dateModified\":\"2024-05-12T17:23:32+00:00\",\"description\":\"Efekt\u00edvne odstra\u0148uje ne\u010distoty a z\u00e1rove\u0148 je \u0161etrn\u00e9 k poko\u017eke. Pom\u00e1ha zachova\u0165 hydrat\u00e1ciu poko\u017eky. M\u00e1 siln\u00fd hygienick\u00fd \u00fa\u010dinok. Na pravideln\u00e9 um\u00fdvanie r\u00fak\",\"breadcrumb\":{\"@id\":\"https:\/\/verdevana.sk\/?product=mydlo-na-ruky-lavamani-igienizzante#breadcrumb\"},\"inLanguage\":\"sk-SK\",\"potentialAction\":[{\"@type\":\"ReadAction\",\"target\":[\"https:\/\/verdevana.sk\/?product=mydlo-na-ruky-lavamani-igienizzante\"]}]},{\"@type\":\"ImageObject\",\"inLanguage\":\"sk-SK\",\"@id\":\"https:\/\/verdevana.sk\/?product=mydlo-na-ruky-lavamani-igienizzante#primaryimage\",\"url\":\"https:\/\/verdevana.sk\/wp-content\/uploads\/2024\/05\/851a.jpg\",\"contentUrl\":\"https:\/\/verdevana.sk\/wp-content\/uploads\/2024\/05\/851a.jpg\",\"width\":1134,\"height\":2016},{\"@type\":\"BreadcrumbList\",\"@id\":\"https:\/\/verdevana.sk\/?product=mydlo-na-ruky-lavamani-igienizzante#breadcrumb\",\"itemListElement\":[{\"@type\":\"ListItem\",\"position\":1,\"name\":\"Home\",\"item\":\"https:\/\/verdevana.sk\/\"},{\"@type\":\"ListItem\",\"position\":2,\"name\":\"Produkty\",\"item\":\"http:\/\/verdevana.sk\/?page_id=12\"},{\"@type\":\"ListItem\",\"position\":3,\"name\":\"Mydlo na ruky &#8211; LAVAMANI IGIENIZZANTE\"}]},{\"@type\":\"WebSite\",\"@id\":\"https:\/\/verdevana.sk\/#website\",\"url\":\"https:\/\/verdevana.sk\/\",\"name\":\"\u010capovan\u00e1 Eko Drog\u00e9ria Ko\u0161ice | VERDE VANA\",\"description\":\"\u010capujeme kvalitn\u00fa, vysoko \u00fa\u010dinn\u00fa, ekologick\u00fa drog\u00e9riu a kozmetiku.\",\"publisher\":{\"@id\":\"https:\/\/verdevana.sk\/#organization\"},\"potentialAction\":[{\"@type\":\"SearchAction\",\"target\":{\"@type\":\"EntryPoint\",\"urlTemplate\":\"https:\/\/verdevana.sk\/?s={search_term_string}\"},\"query-input\":\"required name=search_term_string\"}],\"inLanguage\":\"sk-SK\"},{\"@type\":\"Organization\",\"@id\":\"https:\/\/verdevana.sk\/#organization\",\"name\":\"\u010capovan\u00e1 Eko Drog\u00e9ria Ko\u0161ice | VERDE VANA\",\"url\":\"https:\/\/verdevana.sk\/\",\"logo\":{\"@type\":\"ImageObject\",\"inLanguage\":\"sk-SK\",\"@id\":\"https:\/\/verdevana.sk\/#\/schema\/logo\/image\/\",\"url\":\"https:\/\/verdevana.sk\/wp-content\/uploads\/2024\/11\/VerdeVana_capovana_drogeria_koscie_logo.png\",\"contentUrl\":\"https:\/\/verdevana.sk\/wp-content\/uploads\/2024\/11\/VerdeVana_capovana_drogeria_koscie_logo.png\",\"width\":411,\"height\":135,\"caption\":\"\u010capovan\u00e1 Eko Drog\u00e9ria Ko\u0161ice | VERDE VANA\"},\"image\":{\"@id\":\"https:\/\/verdevana.sk\/#\/schema\/logo\/image\/\"}}]}<\/script>\n<!-- \/ Yoast SEO plugin. -->","yoast_head_json":{"title":"Mydlo na ruky - LAVAMANI IGIENIZZANTE - \u010capovan\u00e1 Eko Drog\u00e9ria Ko\u0161ice | VERDE VANA t","description":"Efekt\u00edvne odstra\u0148uje ne\u010distoty a z\u00e1rove\u0148 je \u0161etrn\u00e9 k poko\u017eke. Pom\u00e1ha zachova\u0165 hydrat\u00e1ciu poko\u017eky. M\u00e1 siln\u00fd hygienick\u00fd \u00fa\u010dinok. Na pravideln\u00e9 um\u00fdvanie r\u00fak","robots":{"index":"index","follow":"follow","max-snippet":"max-snippet:-1","max-image-preview":"max-image-preview:large","max-video-preview":"max-video-preview:-1"},"canonical":"https:\/\/verdevana.sk\/?product=mydlo-na-ruky-lavamani-igienizzante","og_locale":"sk_SK","og_type":"article","og_title":"Mydlo na ruky - LAVAMANI IGIENIZZANTE - \u010capovan\u00e1 Eko Drog\u00e9ria Ko\u0161ice | VERDE VANA t","og_description":"Efekt\u00edvne odstra\u0148uje ne\u010distoty a z\u00e1rove\u0148 je \u0161etrn\u00e9 k poko\u017eke. Pom\u00e1ha zachova\u0165 hydrat\u00e1ciu poko\u017eky. M\u00e1 siln\u00fd hygienick\u00fd \u00fa\u010dinok. Na pravideln\u00e9 um\u00fdvanie r\u00fak","og_url":"https:\/\/verdevana.sk\/?product=mydlo-na-ruky-lavamani-igienizzante","og_site_name":"\u010capovan\u00e1 Eko Drog\u00e9ria Ko\u0161ice | VERDE VANA","article_modified_time":"2024-05-12T17:23:32+00:00","og_image":[{"width":1134,"height":2016,"url":"https:\/\/verdevana.sk\/wp-content\/uploads\/2024\/05\/851a.jpg","type":"image\/jpeg"}],"twitter_card":"summary_large_image","twitter_misc":{"Predpokladan\u00fd \u010das \u010d\u00edtania":"2 min\u00faty"},"schema":{"@context":"https:\/\/schema.org","@graph":[{"@type":"WebPage","@id":"https:\/\/verdevana.sk\/?product=mydlo-na-ruky-lavamani-igienizzante","url":"https:\/\/verdevana.sk\/?product=mydlo-na-ruky-lavamani-igienizzante","name":"Mydlo na ruky - LAVAMANI IGIENIZZANTE - \u010capovan\u00e1 Eko Drog\u00e9ria Ko\u0161ice | VERDE VANA t","isPartOf":{"@id":"https:\/\/verdevana.sk\/#website"},"primaryImageOfPage":{"@id":"https:\/\/verdevana.sk\/?product=mydlo-na-ruky-lavamani-igienizzante#primaryimage"},"image":{"@id":"https:\/\/verdevana.sk\/?product=mydlo-na-ruky-lavamani-igienizzante#primaryimage"},"thumbnailUrl":"https:\/\/verdevana.sk\/wp-content\/uploads\/2024\/05\/851a.jpg","datePublished":"2024-05-06T18:18:04+00:00","dateModified":"2024-05-12T17:23:32+00:00","description":"Efekt\u00edvne odstra\u0148uje ne\u010distoty a z\u00e1rove\u0148 je \u0161etrn\u00e9 k poko\u017eke. Pom\u00e1ha zachova\u0165 hydrat\u00e1ciu poko\u017eky. M\u00e1 siln\u00fd hygienick\u00fd \u00fa\u010dinok. Na pravideln\u00e9 um\u00fdvanie r\u00fak","breadcrumb":{"@id":"https:\/\/verdevana.sk\/?product=mydlo-na-ruky-lavamani-igienizzante#breadcrumb"},"inLanguage":"sk-SK","potentialAction":[{"@type":"ReadAction","target":["https:\/\/verdevana.sk\/?product=mydlo-na-ruky-lavamani-igienizzante"]}]},{"@type":"ImageObject","inLanguage":"sk-SK","@id":"https:\/\/verdevana.sk\/?product=mydlo-na-ruky-lavamani-igienizzante#primaryimage","url":"https:\/\/verdevana.sk\/wp-content\/uploads\/2024\/05\/851a.jpg","contentUrl":"https:\/\/verdevana.sk\/wp-content\/uploads\/2024\/05\/851a.jpg","width":1134,"height":2016},{"@type":"BreadcrumbList","@id":"https:\/\/verdevana.sk\/?product=mydlo-na-ruky-lavamani-igienizzante#breadcrumb","itemListElement":[{"@type":"ListItem","position":1,"name":"Home","item":"https:\/\/verdevana.sk\/"},{"@type":"ListItem","position":2,"name":"Produkty","item":"http:\/\/verdevana.sk\/?page_id=12"},{"@type":"ListItem","position":3,"name":"Mydlo na ruky &#8211; LAVAMANI IGIENIZZANTE"}]},{"@type":"WebSite","@id":"https:\/\/verdevana.sk\/#website","url":"https:\/\/verdevana.sk\/","name":"\u010capovan\u00e1 Eko Drog\u00e9ria Ko\u0161ice | VERDE VANA","description":"\u010capujeme kvalitn\u00fa, vysoko \u00fa\u010dinn\u00fa, ekologick\u00fa drog\u00e9riu a kozmetiku.","publisher":{"@id":"https:\/\/verdevana.sk\/#organization"},"potentialAction":[{"@type":"SearchAction","target":{"@type":"EntryPoint","urlTemplate":"https:\/\/verdevana.sk\/?s={search_term_string}"},"query-input":"required name=search_term_string"}],"inLanguage":"sk-SK"},{"@type":"Organization","@id":"https:\/\/verdevana.sk\/#organization","name":"\u010capovan\u00e1 Eko Drog\u00e9ria Ko\u0161ice | VERDE VANA","url":"https:\/\/verdevana.sk\/","logo":{"@type":"ImageObject","inLanguage":"sk-SK","@id":"https:\/\/verdevana.sk\/#\/schema\/logo\/image\/","url":"https:\/\/verdevana.sk\/wp-content\/uploads\/2024\/11\/VerdeVana_capovana_drogeria_koscie_logo.png","contentUrl":"https:\/\/verdevana.sk\/wp-content\/uploads\/2024\/11\/VerdeVana_capovana_drogeria_koscie_logo.png","width":411,"height":135,"caption":"\u010capovan\u00e1 Eko Drog\u00e9ria Ko\u0161ice | VERDE VANA"},"image":{"@id":"https:\/\/verdevana.sk\/#\/schema\/logo\/image\/"}}]}},"_links":{"self":[{"href":"https:\/\/verdevana.sk\/index.php?rest_route=\/wp\/v2\/product\/43"}],"collection":[{"href":"https:\/\/verdevana.sk\/index.php?rest_route=\/wp\/v2\/product"}],"about":[{"href":"https:\/\/verdevana.sk\/index.php?rest_route=\/wp\/v2\/types\/product"}],"replies":[{"embeddable":true,"href":"https:\/\/verdevana.sk\/index.php?rest_route=%2Fwp%2Fv2%2Fcomments&post=43"}],"wp:featuredmedia":[{"embeddable":true,"href":"https:\/\/verdevana.sk\/index.php?rest_route=\/wp\/v2\/media\/276"}],"wp:attachment":[{"href":"https:\/\/verdevana.sk\/index.php?rest_route=%2Fwp%2Fv2%2Fmedia&parent=43"}],"wp:term":[{"taxonomy":"product_cat","embeddable":true,"href":"https:\/\/verdevana.sk\/index.php?rest_route=%2Fwp%2Fv2%2Fproduct_cat&post=43"},{"taxonomy":"product_tag","embeddable":true,"href":"https:\/\/verdevana.sk\/index.php?rest_route=%2Fwp%2Fv2%2Fproduct_tag&post=43"}],"curies":[{"name":"wp","href":"https:\/\/api.w.org\/{rel}","templated":true}]}}