{"id":41,"date":"2024-05-06T20:18:03","date_gmt":"2024-05-06T18:18:03","guid":{"rendered":"https:\/\/verdevana.sk\/?post_type=product&#038;p=41"},"modified":"2024-05-12T10:30:56","modified_gmt":"2024-05-12T08:30:56","slug":"soft-gel-na-pranie-vlna-a-jemne-pradlo","status":"publish","type":"product","link":"https:\/\/verdevana.sk\/?product=soft-gel-na-pranie-vlna-a-jemne-pradlo","title":{"rendered":"SOFT g\u00e9l na pranie vlna a jemn\u00e9 pr\u00e1dlo"},"content":{"rendered":"<p>\u0160peci\u00e1lny koncentrovan\u00fd prac\u00ed g\u00e9l je zameran\u00fd predov\u0161etk\u00fdm na \u00fa\u010dinn\u00e9 \u010distenie a o\u0161etrovanie najjemnej\u0161ej bielizne, ako je vlna, hodv\u00e1b, ka\u0161m\u00edr, mikrovl\u00e1kno, syntetika, deky a in\u00e9 druhy jemn\u00fdch l\u00e1tok. Produkt je maxim\u00e1lne \u0161etrn\u00fd k tkanin\u00e1m zabezpe\u010duj\u00fac obnovu pru\u017enosti a ohybnos\u0165 l\u00e1tky. G\u00e9l vytv\u00e1ra jemn\u00fa penu, ktor\u00e1 prenik\u00e1 a\u017e do h\u013abky vl\u00e1kien, \u010d\u00edm odstra\u0148uje aj tie najodolnej\u0161ie \u0161kvrny. L\u00e1tku zanech\u00e1va v po\u017eadovanom stave bez deform\u00e1ci\u00ed, \u017emolkov, \u010di zmien vo farebnosti, \u010do zabezpe\u010duje dlh\u0161iu \u017eivotnos\u0165 a zachovanie kvality oble\u010denia. Pr\u00edjemn\u00e1 v\u00f4\u0148a prostriedku dod\u00e1va bielizni svie\u017eos\u0165, ktor\u00e1 upev\u0148uje celkov\u00fd dojem \u010distoty.<\/p>\n<p>Je d\u00f4le\u017eit\u00e9 poznamena\u0165, \u017ee na dosiahnutie optim\u00e1lnych v\u00fdsledkov by sa nikdy nemala pou\u017e\u00edva\u0165 pr\u00edli\u0161 tepl\u00e1 voda, ktor\u00e1 m\u00f4\u017ee po\u0161kodi\u0165 citliv\u00e9 vl\u00e1kna.<\/p>\n","protected":false},"excerpt":{"rendered":"<p>V\u00f4\u0148a: SLADKO-SVIE\u017dA<br \/>\n\u00da\u010dinn\u00e9 \u010distenie: Poskytuje aj t\u00fdm najjemnej\u0161\u00edm tkanin\u00e1m, ako s\u00fa vlna, hodv\u00e1b, ka\u0161m\u00edr, mikrovl\u00e1kno a in\u00e9.<br \/>\nUniverz\u00e1lna pou\u017eite\u013enos\u0165: Vhodn\u00fd na pranie v pr\u00e1\u010dke aj na ru\u010dn\u00e9 pranie.<br \/>\nH\u013abkov\u00e9 \u010distenie: Aj t\u00fdch najodolnej\u0161\u00edch \u0161kv\u0155n z r\u00f4znych druhov tkan\u00edn so zachovan\u00edm ich vlastnost\u00ed.<br \/>\n\u0160etrn\u00fd a bez \u017emolkov: Navrhnut\u00fd s oh\u013eadom na citliv\u00e9 tkaniny, nevytv\u00e1ra \u017emolky.<br \/>\nBez zvy\u0161kov: Po vyprat\u00ed nezanech\u00e1va zvy\u0161ky, l\u00e1tku zanech\u00e1va v po\u017eadovanom stave.<br \/>\nOdpor\u00fa\u010dame pou\u017e\u00edva\u0165 maxim\u00e1lne 30 \u00b0C.<\/p>\n","protected":false},"featured_media":294,"comment_status":"open","ping_status":"closed","template":"","meta":{"_monsterinsights_skip_tracking":false,"_monsterinsights_sitenote_active":false,"_monsterinsights_sitenote_note":"","_monsterinsights_sitenote_category":0},"product_cat":[30],"product_tag":[22,23,24],"yoast_head":"<!-- This site is optimized with the Yoast SEO plugin v22.6 - https:\/\/yoast.com\/wordpress\/plugins\/seo\/ -->\n<title>SOFT g\u00e9l na pranie vlna a jemn\u00e9 pr\u00e1dlo - \u010capovan\u00e1 Eko Drog\u00e9ria Ko\u0161ice | VERDE VANA<\/title>\n<meta name=\"robots\" content=\"index, follow, max-snippet:-1, max-image-preview:large, max-video-preview:-1\" \/>\n<link rel=\"canonical\" href=\"https:\/\/verdevana.sk\/?product=soft-gel-na-pranie-vlna-a-jemne-pradlo\" \/>\n<meta property=\"og:locale\" content=\"sk_SK\" \/>\n<meta property=\"og:type\" content=\"article\" \/>\n<meta property=\"og:title\" content=\"SOFT g\u00e9l na pranie vlna a jemn\u00e9 pr\u00e1dlo - \u010capovan\u00e1 Eko Drog\u00e9ria Ko\u0161ice | VERDE VANA\" \/>\n<meta property=\"og:description\" content=\"V\u00f4\u0148a: SLADKO-SVIE\u017dA \u00da\u010dinn\u00e9 \u010distenie: Poskytuje aj t\u00fdm najjemnej\u0161\u00edm tkanin\u00e1m, ako s\u00fa vlna, hodv\u00e1b, ka\u0161m\u00edr, mikrovl\u00e1kno a in\u00e9. Univerz\u00e1lna pou\u017eite\u013enos\u0165: Vhodn\u00fd na pranie v pr\u00e1\u010dke aj na ru\u010dn\u00e9 pranie. H\u013abkov\u00e9 \u010distenie: Aj t\u00fdch najodolnej\u0161\u00edch \u0161kv\u0155n z r\u00f4znych druhov tkan\u00edn so zachovan\u00edm ich vlastnost\u00ed. \u0160etrn\u00fd a bez \u017emolkov: Navrhnut\u00fd s oh\u013eadom na citliv\u00e9 tkaniny, nevytv\u00e1ra \u017emolky. Bez zvy\u0161kov: Po vyprat\u00ed nezanech\u00e1va zvy\u0161ky, l\u00e1tku zanech\u00e1va v po\u017eadovanom stave. Odpor\u00fa\u010dame pou\u017e\u00edva\u0165 maxim\u00e1lne 30 \u00b0C.\" \/>\n<meta property=\"og:url\" content=\"https:\/\/verdevana.sk\/?product=soft-gel-na-pranie-vlna-a-jemne-pradlo\" \/>\n<meta property=\"og:site_name\" content=\"\u010capovan\u00e1 Eko Drog\u00e9ria Ko\u0161ice | VERDE VANA\" \/>\n<meta property=\"article:modified_time\" content=\"2024-05-12T08:30:56+00:00\" \/>\n<meta property=\"og:image\" content=\"https:\/\/verdevana.sk\/wp-content\/uploads\/2024\/05\/1197a.jpg\" \/>\n\t<meta property=\"og:image:width\" content=\"1133\" \/>\n\t<meta property=\"og:image:height\" content=\"1985\" \/>\n\t<meta property=\"og:image:type\" content=\"image\/jpeg\" \/>\n<meta name=\"twitter:card\" content=\"summary_large_image\" \/>\n<meta name=\"twitter:label1\" content=\"Predpokladan\u00fd \u010das \u010d\u00edtania\" \/>\n\t<meta name=\"twitter:data1\" content=\"1 min\u00fata\" \/>\n<script type=\"application\/ld+json\" class=\"yoast-schema-graph\">{\"@context\":\"https:\/\/schema.org\",\"@graph\":[{\"@type\":\"WebPage\",\"@id\":\"https:\/\/verdevana.sk\/?product=soft-gel-na-pranie-vlna-a-jemne-pradlo\",\"url\":\"https:\/\/verdevana.sk\/?product=soft-gel-na-pranie-vlna-a-jemne-pradlo\",\"name\":\"SOFT g\u00e9l na pranie vlna a jemn\u00e9 pr\u00e1dlo - \u010capovan\u00e1 Eko Drog\u00e9ria Ko\u0161ice | VERDE VANA\",\"isPartOf\":{\"@id\":\"https:\/\/verdevana.sk\/#website\"},\"primaryImageOfPage\":{\"@id\":\"https:\/\/verdevana.sk\/?product=soft-gel-na-pranie-vlna-a-jemne-pradlo#primaryimage\"},\"image\":{\"@id\":\"https:\/\/verdevana.sk\/?product=soft-gel-na-pranie-vlna-a-jemne-pradlo#primaryimage\"},\"thumbnailUrl\":\"https:\/\/verdevana.sk\/wp-content\/uploads\/2024\/05\/1197a.jpg\",\"datePublished\":\"2024-05-06T18:18:03+00:00\",\"dateModified\":\"2024-05-12T08:30:56+00:00\",\"breadcrumb\":{\"@id\":\"https:\/\/verdevana.sk\/?product=soft-gel-na-pranie-vlna-a-jemne-pradlo#breadcrumb\"},\"inLanguage\":\"sk-SK\",\"potentialAction\":[{\"@type\":\"ReadAction\",\"target\":[\"https:\/\/verdevana.sk\/?product=soft-gel-na-pranie-vlna-a-jemne-pradlo\"]}]},{\"@type\":\"ImageObject\",\"inLanguage\":\"sk-SK\",\"@id\":\"https:\/\/verdevana.sk\/?product=soft-gel-na-pranie-vlna-a-jemne-pradlo#primaryimage\",\"url\":\"https:\/\/verdevana.sk\/wp-content\/uploads\/2024\/05\/1197a.jpg\",\"contentUrl\":\"https:\/\/verdevana.sk\/wp-content\/uploads\/2024\/05\/1197a.jpg\",\"width\":1133,\"height\":1985},{\"@type\":\"BreadcrumbList\",\"@id\":\"https:\/\/verdevana.sk\/?product=soft-gel-na-pranie-vlna-a-jemne-pradlo#breadcrumb\",\"itemListElement\":[{\"@type\":\"ListItem\",\"position\":1,\"name\":\"Home\",\"item\":\"https:\/\/verdevana.sk\/\"},{\"@type\":\"ListItem\",\"position\":2,\"name\":\"Produkty\",\"item\":\"http:\/\/verdevana.sk\/?page_id=12\"},{\"@type\":\"ListItem\",\"position\":3,\"name\":\"SOFT g\u00e9l na pranie vlna a jemn\u00e9 pr\u00e1dlo\"}]},{\"@type\":\"WebSite\",\"@id\":\"https:\/\/verdevana.sk\/#website\",\"url\":\"https:\/\/verdevana.sk\/\",\"name\":\"\u010capovan\u00e1 Eko Drog\u00e9ria Ko\u0161ice | VERDE VANA\",\"description\":\"\u010capujeme kvalitn\u00fa, vysoko \u00fa\u010dinn\u00fa, ekologick\u00fa drog\u00e9riu a kozmetiku.\",\"publisher\":{\"@id\":\"https:\/\/verdevana.sk\/#organization\"},\"potentialAction\":[{\"@type\":\"SearchAction\",\"target\":{\"@type\":\"EntryPoint\",\"urlTemplate\":\"https:\/\/verdevana.sk\/?s={search_term_string}\"},\"query-input\":\"required name=search_term_string\"}],\"inLanguage\":\"sk-SK\"},{\"@type\":\"Organization\",\"@id\":\"https:\/\/verdevana.sk\/#organization\",\"name\":\"\u010capovan\u00e1 Eko Drog\u00e9ria Ko\u0161ice | VERDE VANA\",\"url\":\"https:\/\/verdevana.sk\/\",\"logo\":{\"@type\":\"ImageObject\",\"inLanguage\":\"sk-SK\",\"@id\":\"https:\/\/verdevana.sk\/#\/schema\/logo\/image\/\",\"url\":\"https:\/\/verdevana.sk\/wp-content\/uploads\/2024\/11\/VerdeVana_capovana_drogeria_koscie_logo.png\",\"contentUrl\":\"https:\/\/verdevana.sk\/wp-content\/uploads\/2024\/11\/VerdeVana_capovana_drogeria_koscie_logo.png\",\"width\":411,\"height\":135,\"caption\":\"\u010capovan\u00e1 Eko Drog\u00e9ria Ko\u0161ice | VERDE VANA\"},\"image\":{\"@id\":\"https:\/\/verdevana.sk\/#\/schema\/logo\/image\/\"}}]}<\/script>\n<!-- \/ Yoast SEO plugin. -->","yoast_head_json":{"title":"SOFT g\u00e9l na pranie vlna a jemn\u00e9 pr\u00e1dlo - \u010capovan\u00e1 Eko Drog\u00e9ria Ko\u0161ice | VERDE VANA","robots":{"index":"index","follow":"follow","max-snippet":"max-snippet:-1","max-image-preview":"max-image-preview:large","max-video-preview":"max-video-preview:-1"},"canonical":"https:\/\/verdevana.sk\/?product=soft-gel-na-pranie-vlna-a-jemne-pradlo","og_locale":"sk_SK","og_type":"article","og_title":"SOFT g\u00e9l na pranie vlna a jemn\u00e9 pr\u00e1dlo - \u010capovan\u00e1 Eko Drog\u00e9ria Ko\u0161ice | VERDE VANA","og_description":"V\u00f4\u0148a: SLADKO-SVIE\u017dA \u00da\u010dinn\u00e9 \u010distenie: Poskytuje aj t\u00fdm najjemnej\u0161\u00edm tkanin\u00e1m, ako s\u00fa vlna, hodv\u00e1b, ka\u0161m\u00edr, mikrovl\u00e1kno a in\u00e9. Univerz\u00e1lna pou\u017eite\u013enos\u0165: Vhodn\u00fd na pranie v pr\u00e1\u010dke aj na ru\u010dn\u00e9 pranie. H\u013abkov\u00e9 \u010distenie: Aj t\u00fdch najodolnej\u0161\u00edch \u0161kv\u0155n z r\u00f4znych druhov tkan\u00edn so zachovan\u00edm ich vlastnost\u00ed. \u0160etrn\u00fd a bez \u017emolkov: Navrhnut\u00fd s oh\u013eadom na citliv\u00e9 tkaniny, nevytv\u00e1ra \u017emolky. Bez zvy\u0161kov: Po vyprat\u00ed nezanech\u00e1va zvy\u0161ky, l\u00e1tku zanech\u00e1va v po\u017eadovanom stave. Odpor\u00fa\u010dame pou\u017e\u00edva\u0165 maxim\u00e1lne 30 \u00b0C.","og_url":"https:\/\/verdevana.sk\/?product=soft-gel-na-pranie-vlna-a-jemne-pradlo","og_site_name":"\u010capovan\u00e1 Eko Drog\u00e9ria Ko\u0161ice | VERDE VANA","article_modified_time":"2024-05-12T08:30:56+00:00","og_image":[{"width":1133,"height":1985,"url":"https:\/\/verdevana.sk\/wp-content\/uploads\/2024\/05\/1197a.jpg","type":"image\/jpeg"}],"twitter_card":"summary_large_image","twitter_misc":{"Predpokladan\u00fd \u010das \u010d\u00edtania":"1 min\u00fata"},"schema":{"@context":"https:\/\/schema.org","@graph":[{"@type":"WebPage","@id":"https:\/\/verdevana.sk\/?product=soft-gel-na-pranie-vlna-a-jemne-pradlo","url":"https:\/\/verdevana.sk\/?product=soft-gel-na-pranie-vlna-a-jemne-pradlo","name":"SOFT g\u00e9l na pranie vlna a jemn\u00e9 pr\u00e1dlo - \u010capovan\u00e1 Eko Drog\u00e9ria Ko\u0161ice | VERDE VANA","isPartOf":{"@id":"https:\/\/verdevana.sk\/#website"},"primaryImageOfPage":{"@id":"https:\/\/verdevana.sk\/?product=soft-gel-na-pranie-vlna-a-jemne-pradlo#primaryimage"},"image":{"@id":"https:\/\/verdevana.sk\/?product=soft-gel-na-pranie-vlna-a-jemne-pradlo#primaryimage"},"thumbnailUrl":"https:\/\/verdevana.sk\/wp-content\/uploads\/2024\/05\/1197a.jpg","datePublished":"2024-05-06T18:18:03+00:00","dateModified":"2024-05-12T08:30:56+00:00","breadcrumb":{"@id":"https:\/\/verdevana.sk\/?product=soft-gel-na-pranie-vlna-a-jemne-pradlo#breadcrumb"},"inLanguage":"sk-SK","potentialAction":[{"@type":"ReadAction","target":["https:\/\/verdevana.sk\/?product=soft-gel-na-pranie-vlna-a-jemne-pradlo"]}]},{"@type":"ImageObject","inLanguage":"sk-SK","@id":"https:\/\/verdevana.sk\/?product=soft-gel-na-pranie-vlna-a-jemne-pradlo#primaryimage","url":"https:\/\/verdevana.sk\/wp-content\/uploads\/2024\/05\/1197a.jpg","contentUrl":"https:\/\/verdevana.sk\/wp-content\/uploads\/2024\/05\/1197a.jpg","width":1133,"height":1985},{"@type":"BreadcrumbList","@id":"https:\/\/verdevana.sk\/?product=soft-gel-na-pranie-vlna-a-jemne-pradlo#breadcrumb","itemListElement":[{"@type":"ListItem","position":1,"name":"Home","item":"https:\/\/verdevana.sk\/"},{"@type":"ListItem","position":2,"name":"Produkty","item":"http:\/\/verdevana.sk\/?page_id=12"},{"@type":"ListItem","position":3,"name":"SOFT g\u00e9l na pranie vlna a jemn\u00e9 pr\u00e1dlo"}]},{"@type":"WebSite","@id":"https:\/\/verdevana.sk\/#website","url":"https:\/\/verdevana.sk\/","name":"\u010capovan\u00e1 Eko Drog\u00e9ria Ko\u0161ice | VERDE VANA","description":"\u010capujeme kvalitn\u00fa, vysoko \u00fa\u010dinn\u00fa, ekologick\u00fa drog\u00e9riu a kozmetiku.","publisher":{"@id":"https:\/\/verdevana.sk\/#organization"},"potentialAction":[{"@type":"SearchAction","target":{"@type":"EntryPoint","urlTemplate":"https:\/\/verdevana.sk\/?s={search_term_string}"},"query-input":"required name=search_term_string"}],"inLanguage":"sk-SK"},{"@type":"Organization","@id":"https:\/\/verdevana.sk\/#organization","name":"\u010capovan\u00e1 Eko Drog\u00e9ria Ko\u0161ice | VERDE VANA","url":"https:\/\/verdevana.sk\/","logo":{"@type":"ImageObject","inLanguage":"sk-SK","@id":"https:\/\/verdevana.sk\/#\/schema\/logo\/image\/","url":"https:\/\/verdevana.sk\/wp-content\/uploads\/2024\/11\/VerdeVana_capovana_drogeria_koscie_logo.png","contentUrl":"https:\/\/verdevana.sk\/wp-content\/uploads\/2024\/11\/VerdeVana_capovana_drogeria_koscie_logo.png","width":411,"height":135,"caption":"\u010capovan\u00e1 Eko Drog\u00e9ria Ko\u0161ice | VERDE VANA"},"image":{"@id":"https:\/\/verdevana.sk\/#\/schema\/logo\/image\/"}}]}},"_links":{"self":[{"href":"https:\/\/verdevana.sk\/index.php?rest_route=\/wp\/v2\/product\/41"}],"collection":[{"href":"https:\/\/verdevana.sk\/index.php?rest_route=\/wp\/v2\/product"}],"about":[{"href":"https:\/\/verdevana.sk\/index.php?rest_route=\/wp\/v2\/types\/product"}],"replies":[{"embeddable":true,"href":"https:\/\/verdevana.sk\/index.php?rest_route=%2Fwp%2Fv2%2Fcomments&post=41"}],"wp:featuredmedia":[{"embeddable":true,"href":"https:\/\/verdevana.sk\/index.php?rest_route=\/wp\/v2\/media\/294"}],"wp:attachment":[{"href":"https:\/\/verdevana.sk\/index.php?rest_route=%2Fwp%2Fv2%2Fmedia&parent=41"}],"wp:term":[{"taxonomy":"product_cat","embeddable":true,"href":"https:\/\/verdevana.sk\/index.php?rest_route=%2Fwp%2Fv2%2Fproduct_cat&post=41"},{"taxonomy":"product_tag","embeddable":true,"href":"https:\/\/verdevana.sk\/index.php?rest_route=%2Fwp%2Fv2%2Fproduct_tag&post=41"}],"curies":[{"name":"wp","href":"https:\/\/api.w.org\/{rel}","templated":true}]}}