{"id":39,"date":"2024-05-06T20:18:03","date_gmt":"2024-05-06T18:18:03","guid":{"rendered":"https:\/\/verdevana.sk\/?post_type=product&#038;p=39"},"modified":"2024-05-12T10:30:56","modified_gmt":"2024-05-12T08:30:56","slug":"white-gel-na-pranie-bieleho-pradla","status":"publish","type":"product","link":"https:\/\/verdevana.sk\/?product=white-gel-na-pranie-bieleho-pradla","title":{"rendered":"WHITE g\u00e9l na pranie bieleho pr\u00e1dla"},"content":{"rendered":"<p>Koncentrovan\u00fd tekut\u00fd prac\u00ed g\u00e9l s bieliacim \u00fa\u010dinkom je va\u0161\u00edm spo\u013eahliv\u00fdm partnerom pre dokonal\u00e9 pranie bieleho oble\u010denia. Jeho \u0161peci\u00e1lna formula je navrhnut\u00e1 tak, aby zabezpe\u010dila nielen h\u013abkov\u00e9 \u010distenie, ale aj ochranu vlastnost\u00ed tkan\u00edn, \u010do znamen\u00e1, \u017ee va\u0161e pr\u00e1dlo zostane nepo\u0161koden\u00e9. Univerz\u00e1lna \u00fa\u010dinnos\u0165 prostriedku dok\u00e1\u017ee odstr\u00e1ni\u0165 aj tie naj\u0165a\u017e\u0161ie ne\u010distoty pri r\u00f4znych teplot\u00e1ch pracieho cyklu. S vysokou koncentr\u00e1ciou a jemnou formulou je vhodn\u00fd pre v\u0161etky typy vl\u00e1kien. Vysok\u00e9 percento bieliacich molek\u00fal v prostriedku dod\u00e1va bielemu pr\u00e1dlu jemnos\u0165 a lesk. Vyprat\u00e9 oble\u010denie tak bude v\u017edy \u017eiarivo biele a vynikaj\u00faco vyzeraj\u00face.<\/p>\n","protected":false},"excerpt":{"rendered":"<p>V\u00f4\u0148a: JEMNE SLADK\u00c1<\/p>\n<p>\u00da\u010dinn\u00e9 \u010distenie: D\u00f4kladne odstra\u0148uje \u0161kvrny a ne\u010distoty z bieleho oble\u010denia.<\/p>\n<p>Univerz\u00e1lna pou\u017eite\u013enos\u0165: Umo\u017e\u0148uje odstr\u00e1nenie naj\u0165a\u017e\u0161\u00edch ne\u010dist\u00f4t aj pri r\u00f4znych teplot\u00e1ch prania.<\/p>\n<p>H\u013abkov\u00e9 \u010distenie: G\u00e9l disponuje bieliacim \u00fa\u010dinkom, pri\u010dom chr\u00e1ni vlastnosti tkan\u00edn.<\/p>\n<p>\u0160etrn\u00fd a bez \u017emolkov: Bez za\u017emolkovania a in\u00fdch hrub\u00fdch povrchov.<\/p>\n<p>Bez zvy\u0161kov: Nezanech\u00e1va zvy\u0161ky, bez ak\u00fdchko\u013evek st\u00f4p po vypran\u00ed.<\/p>\n","protected":false},"featured_media":298,"comment_status":"open","ping_status":"closed","template":"","meta":{"_monsterinsights_skip_tracking":false,"_monsterinsights_sitenote_active":false,"_monsterinsights_sitenote_note":"","_monsterinsights_sitenote_category":0},"product_cat":[29],"product_tag":[22,23,24],"yoast_head":"<!-- This site is optimized with the Yoast SEO plugin v22.6 - https:\/\/yoast.com\/wordpress\/plugins\/seo\/ -->\n<title>WHITE g\u00e9l na pranie bieleho pr\u00e1dla - \u010capovan\u00e1 Eko Drog\u00e9ria Ko\u0161ice | VERDE VANA<\/title>\n<meta name=\"robots\" content=\"index, follow, max-snippet:-1, max-image-preview:large, max-video-preview:-1\" \/>\n<link rel=\"canonical\" href=\"http:\/\/verdevana.sk\/?product=white-gel-na-pranie-bieleho-pradla\" \/>\n<meta property=\"og:locale\" content=\"sk_SK\" \/>\n<meta property=\"og:type\" content=\"article\" \/>\n<meta property=\"og:title\" content=\"WHITE g\u00e9l na pranie bieleho pr\u00e1dla - \u010capovan\u00e1 Eko Drog\u00e9ria Ko\u0161ice | VERDE VANA\" \/>\n<meta property=\"og:description\" content=\"V\u00f4\u0148a: JEMNE SLADK\u00c1  \u00da\u010dinn\u00e9 \u010distenie: D\u00f4kladne odstra\u0148uje \u0161kvrny a ne\u010distoty z bieleho oble\u010denia.  Univerz\u00e1lna pou\u017eite\u013enos\u0165: Umo\u017e\u0148uje odstr\u00e1nenie naj\u0165a\u017e\u0161\u00edch ne\u010dist\u00f4t aj pri r\u00f4znych teplot\u00e1ch prania.  H\u013abkov\u00e9 \u010distenie: G\u00e9l disponuje bieliacim \u00fa\u010dinkom, pri\u010dom chr\u00e1ni vlastnosti tkan\u00edn.  \u0160etrn\u00fd a bez \u017emolkov: Bez za\u017emolkovania a in\u00fdch hrub\u00fdch povrchov.  Bez zvy\u0161kov: Nezanech\u00e1va zvy\u0161ky, bez ak\u00fdchko\u013evek st\u00f4p po vypran\u00ed.\" \/>\n<meta property=\"og:url\" content=\"http:\/\/verdevana.sk\/?product=white-gel-na-pranie-bieleho-pradla\" \/>\n<meta property=\"og:site_name\" content=\"\u010capovan\u00e1 Eko Drog\u00e9ria Ko\u0161ice | VERDE VANA\" \/>\n<meta property=\"article:modified_time\" content=\"2024-05-12T08:30:56+00:00\" \/>\n<meta property=\"og:image\" content=\"http:\/\/verdevana.sk\/wp-content\/uploads\/2024\/05\/1199a.jpg\" \/>\n\t<meta property=\"og:image:width\" content=\"1134\" \/>\n\t<meta property=\"og:image:height\" content=\"2016\" \/>\n\t<meta property=\"og:image:type\" content=\"image\/jpeg\" \/>\n<meta name=\"twitter:card\" content=\"summary_large_image\" \/>\n<meta name=\"twitter:label1\" content=\"Predpokladan\u00fd \u010das \u010d\u00edtania\" \/>\n\t<meta name=\"twitter:data1\" content=\"1 min\u00fata\" \/>\n<script type=\"application\/ld+json\" class=\"yoast-schema-graph\">{\"@context\":\"https:\/\/schema.org\",\"@graph\":[{\"@type\":\"WebPage\",\"@id\":\"http:\/\/verdevana.sk\/?product=white-gel-na-pranie-bieleho-pradla\",\"url\":\"http:\/\/verdevana.sk\/?product=white-gel-na-pranie-bieleho-pradla\",\"name\":\"WHITE g\u00e9l na pranie bieleho pr\u00e1dla - \u010capovan\u00e1 Eko Drog\u00e9ria Ko\u0161ice | VERDE VANA\",\"isPartOf\":{\"@id\":\"https:\/\/verdevana.sk\/#website\"},\"primaryImageOfPage\":{\"@id\":\"http:\/\/verdevana.sk\/?product=white-gel-na-pranie-bieleho-pradla#primaryimage\"},\"image\":{\"@id\":\"http:\/\/verdevana.sk\/?product=white-gel-na-pranie-bieleho-pradla#primaryimage\"},\"thumbnailUrl\":\"https:\/\/verdevana.sk\/wp-content\/uploads\/2024\/05\/1199a.jpg\",\"datePublished\":\"2024-05-06T18:18:03+00:00\",\"dateModified\":\"2024-05-12T08:30:56+00:00\",\"breadcrumb\":{\"@id\":\"http:\/\/verdevana.sk\/?product=white-gel-na-pranie-bieleho-pradla#breadcrumb\"},\"inLanguage\":\"sk-SK\",\"potentialAction\":[{\"@type\":\"ReadAction\",\"target\":[\"http:\/\/verdevana.sk\/?product=white-gel-na-pranie-bieleho-pradla\"]}]},{\"@type\":\"ImageObject\",\"inLanguage\":\"sk-SK\",\"@id\":\"http:\/\/verdevana.sk\/?product=white-gel-na-pranie-bieleho-pradla#primaryimage\",\"url\":\"https:\/\/verdevana.sk\/wp-content\/uploads\/2024\/05\/1199a.jpg\",\"contentUrl\":\"https:\/\/verdevana.sk\/wp-content\/uploads\/2024\/05\/1199a.jpg\",\"width\":1134,\"height\":2016},{\"@type\":\"BreadcrumbList\",\"@id\":\"http:\/\/verdevana.sk\/?product=white-gel-na-pranie-bieleho-pradla#breadcrumb\",\"itemListElement\":[{\"@type\":\"ListItem\",\"position\":1,\"name\":\"Home\",\"item\":\"https:\/\/verdevana.sk\/\"},{\"@type\":\"ListItem\",\"position\":2,\"name\":\"Produkty\",\"item\":\"http:\/\/verdevana.sk\/?page_id=12\"},{\"@type\":\"ListItem\",\"position\":3,\"name\":\"WHITE g\u00e9l na pranie bieleho pr\u00e1dla\"}]},{\"@type\":\"WebSite\",\"@id\":\"https:\/\/verdevana.sk\/#website\",\"url\":\"https:\/\/verdevana.sk\/\",\"name\":\"\u010capovan\u00e1 Eko Drog\u00e9ria Ko\u0161ice | VERDE VANA\",\"description\":\"\u010capujeme kvalitn\u00fa, vysoko \u00fa\u010dinn\u00fa, ekologick\u00fa drog\u00e9riu a kozmetiku.\",\"publisher\":{\"@id\":\"https:\/\/verdevana.sk\/#organization\"},\"potentialAction\":[{\"@type\":\"SearchAction\",\"target\":{\"@type\":\"EntryPoint\",\"urlTemplate\":\"https:\/\/verdevana.sk\/?s={search_term_string}\"},\"query-input\":\"required name=search_term_string\"}],\"inLanguage\":\"sk-SK\"},{\"@type\":\"Organization\",\"@id\":\"https:\/\/verdevana.sk\/#organization\",\"name\":\"\u010capovan\u00e1 Eko Drog\u00e9ria Ko\u0161ice | VERDE VANA\",\"url\":\"https:\/\/verdevana.sk\/\",\"logo\":{\"@type\":\"ImageObject\",\"inLanguage\":\"sk-SK\",\"@id\":\"https:\/\/verdevana.sk\/#\/schema\/logo\/image\/\",\"url\":\"https:\/\/verdevana.sk\/wp-content\/uploads\/2024\/11\/VerdeVana_capovana_drogeria_koscie_logo.png\",\"contentUrl\":\"https:\/\/verdevana.sk\/wp-content\/uploads\/2024\/11\/VerdeVana_capovana_drogeria_koscie_logo.png\",\"width\":411,\"height\":135,\"caption\":\"\u010capovan\u00e1 Eko Drog\u00e9ria Ko\u0161ice | VERDE VANA\"},\"image\":{\"@id\":\"https:\/\/verdevana.sk\/#\/schema\/logo\/image\/\"}}]}<\/script>\n<!-- \/ Yoast SEO plugin. -->","yoast_head_json":{"title":"WHITE g\u00e9l na pranie bieleho pr\u00e1dla - \u010capovan\u00e1 Eko Drog\u00e9ria Ko\u0161ice | VERDE VANA","robots":{"index":"index","follow":"follow","max-snippet":"max-snippet:-1","max-image-preview":"max-image-preview:large","max-video-preview":"max-video-preview:-1"},"canonical":"http:\/\/verdevana.sk\/?product=white-gel-na-pranie-bieleho-pradla","og_locale":"sk_SK","og_type":"article","og_title":"WHITE g\u00e9l na pranie bieleho pr\u00e1dla - \u010capovan\u00e1 Eko Drog\u00e9ria Ko\u0161ice | VERDE VANA","og_description":"V\u00f4\u0148a: JEMNE SLADK\u00c1  \u00da\u010dinn\u00e9 \u010distenie: D\u00f4kladne odstra\u0148uje \u0161kvrny a ne\u010distoty z bieleho oble\u010denia.  Univerz\u00e1lna pou\u017eite\u013enos\u0165: Umo\u017e\u0148uje odstr\u00e1nenie naj\u0165a\u017e\u0161\u00edch ne\u010dist\u00f4t aj pri r\u00f4znych teplot\u00e1ch prania.  H\u013abkov\u00e9 \u010distenie: G\u00e9l disponuje bieliacim \u00fa\u010dinkom, pri\u010dom chr\u00e1ni vlastnosti tkan\u00edn.  \u0160etrn\u00fd a bez \u017emolkov: Bez za\u017emolkovania a in\u00fdch hrub\u00fdch povrchov.  Bez zvy\u0161kov: Nezanech\u00e1va zvy\u0161ky, bez ak\u00fdchko\u013evek st\u00f4p po vypran\u00ed.","og_url":"http:\/\/verdevana.sk\/?product=white-gel-na-pranie-bieleho-pradla","og_site_name":"\u010capovan\u00e1 Eko Drog\u00e9ria Ko\u0161ice | VERDE VANA","article_modified_time":"2024-05-12T08:30:56+00:00","og_image":[{"width":1134,"height":2016,"url":"http:\/\/verdevana.sk\/wp-content\/uploads\/2024\/05\/1199a.jpg","type":"image\/jpeg"}],"twitter_card":"summary_large_image","twitter_misc":{"Predpokladan\u00fd \u010das \u010d\u00edtania":"1 min\u00fata"},"schema":{"@context":"https:\/\/schema.org","@graph":[{"@type":"WebPage","@id":"http:\/\/verdevana.sk\/?product=white-gel-na-pranie-bieleho-pradla","url":"http:\/\/verdevana.sk\/?product=white-gel-na-pranie-bieleho-pradla","name":"WHITE g\u00e9l na pranie bieleho pr\u00e1dla - \u010capovan\u00e1 Eko Drog\u00e9ria Ko\u0161ice | VERDE VANA","isPartOf":{"@id":"https:\/\/verdevana.sk\/#website"},"primaryImageOfPage":{"@id":"http:\/\/verdevana.sk\/?product=white-gel-na-pranie-bieleho-pradla#primaryimage"},"image":{"@id":"http:\/\/verdevana.sk\/?product=white-gel-na-pranie-bieleho-pradla#primaryimage"},"thumbnailUrl":"https:\/\/verdevana.sk\/wp-content\/uploads\/2024\/05\/1199a.jpg","datePublished":"2024-05-06T18:18:03+00:00","dateModified":"2024-05-12T08:30:56+00:00","breadcrumb":{"@id":"http:\/\/verdevana.sk\/?product=white-gel-na-pranie-bieleho-pradla#breadcrumb"},"inLanguage":"sk-SK","potentialAction":[{"@type":"ReadAction","target":["http:\/\/verdevana.sk\/?product=white-gel-na-pranie-bieleho-pradla"]}]},{"@type":"ImageObject","inLanguage":"sk-SK","@id":"http:\/\/verdevana.sk\/?product=white-gel-na-pranie-bieleho-pradla#primaryimage","url":"https:\/\/verdevana.sk\/wp-content\/uploads\/2024\/05\/1199a.jpg","contentUrl":"https:\/\/verdevana.sk\/wp-content\/uploads\/2024\/05\/1199a.jpg","width":1134,"height":2016},{"@type":"BreadcrumbList","@id":"http:\/\/verdevana.sk\/?product=white-gel-na-pranie-bieleho-pradla#breadcrumb","itemListElement":[{"@type":"ListItem","position":1,"name":"Home","item":"https:\/\/verdevana.sk\/"},{"@type":"ListItem","position":2,"name":"Produkty","item":"http:\/\/verdevana.sk\/?page_id=12"},{"@type":"ListItem","position":3,"name":"WHITE g\u00e9l na pranie bieleho pr\u00e1dla"}]},{"@type":"WebSite","@id":"https:\/\/verdevana.sk\/#website","url":"https:\/\/verdevana.sk\/","name":"\u010capovan\u00e1 Eko Drog\u00e9ria Ko\u0161ice | VERDE VANA","description":"\u010capujeme kvalitn\u00fa, vysoko \u00fa\u010dinn\u00fa, ekologick\u00fa drog\u00e9riu a kozmetiku.","publisher":{"@id":"https:\/\/verdevana.sk\/#organization"},"potentialAction":[{"@type":"SearchAction","target":{"@type":"EntryPoint","urlTemplate":"https:\/\/verdevana.sk\/?s={search_term_string}"},"query-input":"required name=search_term_string"}],"inLanguage":"sk-SK"},{"@type":"Organization","@id":"https:\/\/verdevana.sk\/#organization","name":"\u010capovan\u00e1 Eko Drog\u00e9ria Ko\u0161ice | VERDE VANA","url":"https:\/\/verdevana.sk\/","logo":{"@type":"ImageObject","inLanguage":"sk-SK","@id":"https:\/\/verdevana.sk\/#\/schema\/logo\/image\/","url":"https:\/\/verdevana.sk\/wp-content\/uploads\/2024\/11\/VerdeVana_capovana_drogeria_koscie_logo.png","contentUrl":"https:\/\/verdevana.sk\/wp-content\/uploads\/2024\/11\/VerdeVana_capovana_drogeria_koscie_logo.png","width":411,"height":135,"caption":"\u010capovan\u00e1 Eko Drog\u00e9ria Ko\u0161ice | VERDE VANA"},"image":{"@id":"https:\/\/verdevana.sk\/#\/schema\/logo\/image\/"}}]}},"_links":{"self":[{"href":"https:\/\/verdevana.sk\/index.php?rest_route=\/wp\/v2\/product\/39"}],"collection":[{"href":"https:\/\/verdevana.sk\/index.php?rest_route=\/wp\/v2\/product"}],"about":[{"href":"https:\/\/verdevana.sk\/index.php?rest_route=\/wp\/v2\/types\/product"}],"replies":[{"embeddable":true,"href":"https:\/\/verdevana.sk\/index.php?rest_route=%2Fwp%2Fv2%2Fcomments&post=39"}],"wp:featuredmedia":[{"embeddable":true,"href":"https:\/\/verdevana.sk\/index.php?rest_route=\/wp\/v2\/media\/298"}],"wp:attachment":[{"href":"https:\/\/verdevana.sk\/index.php?rest_route=%2Fwp%2Fv2%2Fmedia&parent=39"}],"wp:term":[{"taxonomy":"product_cat","embeddable":true,"href":"https:\/\/verdevana.sk\/index.php?rest_route=%2Fwp%2Fv2%2Fproduct_cat&post=39"},{"taxonomy":"product_tag","embeddable":true,"href":"https:\/\/verdevana.sk\/index.php?rest_route=%2Fwp%2Fv2%2Fproduct_tag&post=39"}],"curies":[{"name":"wp","href":"https:\/\/api.w.org\/{rel}","templated":true}]}}