{"id":37,"date":"2024-05-06T20:18:03","date_gmt":"2024-05-06T18:18:03","guid":{"rendered":"https:\/\/verdevana.sk\/?post_type=product&#038;p=37"},"modified":"2024-05-12T10:30:56","modified_gmt":"2024-05-12T08:30:56","slug":"moon-avivaz","status":"publish","type":"product","link":"https:\/\/verdevana.sk\/?product=moon-avivaz","title":{"rendered":"MOON aviv\u00e1\u017e"},"content":{"rendered":"<p>Sp\u00f4sob pou\u017eitia:<\/p>\n<p>Pou\u017e\u00edva sa na z\u00e1vere\u010dn\u00e9 pl\u00e1chanie bielizne v pr\u00e1\u010dne alebo v ruk\u00e1ch.<\/p>\n<p>Pr\u00e1\u010dka (4,5kg bielizne): 30ml aviv\u00e1\u017ee nalia\u0165 do v\u00fdsuvn\u00e9ho d\u00e1vkova\u010da pr\u00e1\u010dky, riadi\u0165 sa pod\u013ea v\u00fdrobcu pr\u00e1\u010dky)<\/p>\n<p>Ru\u010dne: 30ml na 10 litrov vody. Ponorte bielize\u0148 do vody a nechajte nieko\u013eko min\u00fat p\u00f4sobi\u0165 a potom vy\u017em\u00fdkajte.<\/p>\n<p>&#8211;          Neni\u010d\u00ed bakt\u00e9rie v \u010disti\u010dk\u00e1ch odpadov\u00fdch v\u00f4d.<\/p>\n<p>&#8211;          Pou\u017eit\u00e9 zlo\u017eky s\u00fa biologicky rozlo\u017eite\u013en\u00e9.<\/p>\n<p>&#8211;          Recept\u00fara nebola testovan\u00e1 na zvierat\u00e1ch.<\/p>\n<p>&#8211;          Neobsahuje \u017eiadne fosf\u00e1ty ani bielidl\u00e1.<\/p>\n<p>Produkt vhodn\u00fd pre pou\u017eitie v \u010dinnosti, kde sa  vy\u017eaduje syst\u00e9m riadenia HACCP v s\u00falade s Reg. ES. 852\/2004.<\/p>\n<p>BIODEGRADABILITA > 90% (Art. 2 e 4 Legge 26\/04\/1983 n\u00b0 136)<\/p>\n<p>DOPORU\u010cUJEME KOMBINOVA\u0164 S G\u00c9LOM NA PRANIE S ROVNAKOU V\u00f4\u0147OU<\/p>\n","protected":false},"excerpt":{"rendered":"<p>Univerz\u00e1lna AVIV\u00c1\u017d &#8211; AMMORBIDENTE MOON, KONCENTROVAN\u00c1<br \/>\nAVIV\u00c1\u017d &#8211; AMMORBIDENTE MOON \u2014 z\u00e1\u017eitok z m\u00e4kkosti<br \/>\nAVIV\u00c1\u017d &#8211; AMMORBIDENTE MOON, dod\u00e1va tkanine hebkos\u0165 a m\u00e1 tie\u017e antistatick\u00fd \u00fa\u010dinok. Doprajte si z\u00e1\u017eitok z m\u00e4kkosti va\u0161ej bielizne po ka\u017edom opran\u00ed. Sta\u010d\u00ed prida\u0165 do ka\u017ed\u00e9ho pracieho cyklu v mno\u017estve odpor\u00fa\u010danom v\u00fdrobcom.<\/p>\n<p>Aviv\u00e1\u017e na pranie AMMORBIDENTE MOON obsahuje vonn\u00e9 esencie vysokej kvality, ktor\u00e9 zaru\u010duj\u00fa dlhodob\u00e9 pretrv\u00e1vanie v\u00f4ne. Va\u0161a bielize\u0148 bude v\u010faka tomu vo\u0148a\u0165 svie\u017eo aj dlh\u00fd \u010das po odlo\u017een\u00ed do \u0161atn\u00edka. Inovat\u00edvna recept\u00fara chr\u00e1ni vl\u00e1kna, minimalizuje kr\u010divos\u0165 a u\u013eah\u010duje \u017eehlenie.<\/p>\n","protected":false},"featured_media":304,"comment_status":"open","ping_status":"closed","template":"","meta":{"_monsterinsights_skip_tracking":false,"_monsterinsights_sitenote_active":false,"_monsterinsights_sitenote_note":"","_monsterinsights_sitenote_category":0},"product_cat":[26],"product_tag":[27,22,23],"yoast_head":"<!-- This site is optimized with the Yoast SEO plugin v22.6 - https:\/\/yoast.com\/wordpress\/plugins\/seo\/ -->\n<title>MOON aviv\u00e1\u017e - \u010capovan\u00e1 Eko Drog\u00e9ria Ko\u0161ice | VERDE VANA<\/title>\n<meta name=\"robots\" content=\"index, follow, max-snippet:-1, max-image-preview:large, max-video-preview:-1\" \/>\n<link rel=\"canonical\" href=\"https:\/\/verdevana.sk\/?product=moon-avivaz\" \/>\n<meta property=\"og:locale\" content=\"sk_SK\" \/>\n<meta property=\"og:type\" content=\"article\" \/>\n<meta property=\"og:title\" content=\"MOON aviv\u00e1\u017e - \u010capovan\u00e1 Eko Drog\u00e9ria Ko\u0161ice | VERDE VANA\" \/>\n<meta property=\"og:description\" content=\"Univerz\u00e1lna AVIV\u00c1\u017d - AMMORBIDENTE MOON, KONCENTROVAN\u00c1 AVIV\u00c1\u017d - AMMORBIDENTE MOON \u2014 z\u00e1\u017eitok z m\u00e4kkosti AVIV\u00c1\u017d - AMMORBIDENTE MOON, dod\u00e1va tkanine hebkos\u0165 a m\u00e1 tie\u017e antistatick\u00fd \u00fa\u010dinok. Doprajte si z\u00e1\u017eitok z m\u00e4kkosti va\u0161ej bielizne po ka\u017edom opran\u00ed. Sta\u010d\u00ed prida\u0165 do ka\u017ed\u00e9ho pracieho cyklu v mno\u017estve odpor\u00fa\u010danom v\u00fdrobcom. Aviv\u00e1\u017e na pranie AMMORBIDENTE MOON obsahuje vonn\u00e9 esencie vysokej kvality, ktor\u00e9 zaru\u010duj\u00fa dlhodob\u00e9 pretrv\u00e1vanie v\u00f4ne. Va\u0161a bielize\u0148 bude v\u010faka tomu vo\u0148a\u0165 svie\u017eo aj dlh\u00fd \u010das po odlo\u017een\u00ed do \u0161atn\u00edka. Inovat\u00edvna recept\u00fara chr\u00e1ni vl\u00e1kna, minimalizuje kr\u010divos\u0165 a u\u013eah\u010duje \u017eehlenie.\" \/>\n<meta property=\"og:url\" content=\"https:\/\/verdevana.sk\/?product=moon-avivaz\" \/>\n<meta property=\"og:site_name\" content=\"\u010capovan\u00e1 Eko Drog\u00e9ria Ko\u0161ice | VERDE VANA\" \/>\n<meta property=\"article:modified_time\" content=\"2024-05-12T08:30:56+00:00\" \/>\n<meta property=\"og:image\" content=\"https:\/\/verdevana.sk\/wp-content\/uploads\/2024\/05\/1270a.jpg\" \/>\n\t<meta property=\"og:image:width\" content=\"1134\" \/>\n\t<meta property=\"og:image:height\" content=\"2016\" \/>\n\t<meta property=\"og:image:type\" content=\"image\/jpeg\" \/>\n<meta name=\"twitter:card\" content=\"summary_large_image\" \/>\n<meta name=\"twitter:label1\" content=\"Predpokladan\u00fd \u010das \u010d\u00edtania\" \/>\n\t<meta name=\"twitter:data1\" content=\"1 min\u00fata\" \/>\n<script type=\"application\/ld+json\" class=\"yoast-schema-graph\">{\"@context\":\"https:\/\/schema.org\",\"@graph\":[{\"@type\":\"WebPage\",\"@id\":\"https:\/\/verdevana.sk\/?product=moon-avivaz\",\"url\":\"https:\/\/verdevana.sk\/?product=moon-avivaz\",\"name\":\"MOON aviv\u00e1\u017e - \u010capovan\u00e1 Eko Drog\u00e9ria Ko\u0161ice | VERDE VANA\",\"isPartOf\":{\"@id\":\"https:\/\/verdevana.sk\/#website\"},\"primaryImageOfPage\":{\"@id\":\"https:\/\/verdevana.sk\/?product=moon-avivaz#primaryimage\"},\"image\":{\"@id\":\"https:\/\/verdevana.sk\/?product=moon-avivaz#primaryimage\"},\"thumbnailUrl\":\"https:\/\/verdevana.sk\/wp-content\/uploads\/2024\/05\/1270a.jpg\",\"datePublished\":\"2024-05-06T18:18:03+00:00\",\"dateModified\":\"2024-05-12T08:30:56+00:00\",\"breadcrumb\":{\"@id\":\"https:\/\/verdevana.sk\/?product=moon-avivaz#breadcrumb\"},\"inLanguage\":\"sk-SK\",\"potentialAction\":[{\"@type\":\"ReadAction\",\"target\":[\"https:\/\/verdevana.sk\/?product=moon-avivaz\"]}]},{\"@type\":\"ImageObject\",\"inLanguage\":\"sk-SK\",\"@id\":\"https:\/\/verdevana.sk\/?product=moon-avivaz#primaryimage\",\"url\":\"https:\/\/verdevana.sk\/wp-content\/uploads\/2024\/05\/1270a.jpg\",\"contentUrl\":\"https:\/\/verdevana.sk\/wp-content\/uploads\/2024\/05\/1270a.jpg\",\"width\":1134,\"height\":2016},{\"@type\":\"BreadcrumbList\",\"@id\":\"https:\/\/verdevana.sk\/?product=moon-avivaz#breadcrumb\",\"itemListElement\":[{\"@type\":\"ListItem\",\"position\":1,\"name\":\"Home\",\"item\":\"https:\/\/verdevana.sk\/\"},{\"@type\":\"ListItem\",\"position\":2,\"name\":\"Produkty\",\"item\":\"http:\/\/verdevana.sk\/?page_id=12\"},{\"@type\":\"ListItem\",\"position\":3,\"name\":\"MOON aviv\u00e1\u017e\"}]},{\"@type\":\"WebSite\",\"@id\":\"https:\/\/verdevana.sk\/#website\",\"url\":\"https:\/\/verdevana.sk\/\",\"name\":\"\u010capovan\u00e1 Eko Drog\u00e9ria Ko\u0161ice | VERDE VANA\",\"description\":\"\u010capujeme kvalitn\u00fa, vysoko \u00fa\u010dinn\u00fa, ekologick\u00fa drog\u00e9riu a kozmetiku.\",\"publisher\":{\"@id\":\"https:\/\/verdevana.sk\/#organization\"},\"potentialAction\":[{\"@type\":\"SearchAction\",\"target\":{\"@type\":\"EntryPoint\",\"urlTemplate\":\"https:\/\/verdevana.sk\/?s={search_term_string}\"},\"query-input\":\"required name=search_term_string\"}],\"inLanguage\":\"sk-SK\"},{\"@type\":\"Organization\",\"@id\":\"https:\/\/verdevana.sk\/#organization\",\"name\":\"\u010capovan\u00e1 Eko Drog\u00e9ria Ko\u0161ice | VERDE VANA\",\"url\":\"https:\/\/verdevana.sk\/\",\"logo\":{\"@type\":\"ImageObject\",\"inLanguage\":\"sk-SK\",\"@id\":\"https:\/\/verdevana.sk\/#\/schema\/logo\/image\/\",\"url\":\"https:\/\/verdevana.sk\/wp-content\/uploads\/2024\/11\/VerdeVana_capovana_drogeria_koscie_logo.png\",\"contentUrl\":\"https:\/\/verdevana.sk\/wp-content\/uploads\/2024\/11\/VerdeVana_capovana_drogeria_koscie_logo.png\",\"width\":411,\"height\":135,\"caption\":\"\u010capovan\u00e1 Eko Drog\u00e9ria Ko\u0161ice | VERDE VANA\"},\"image\":{\"@id\":\"https:\/\/verdevana.sk\/#\/schema\/logo\/image\/\"}}]}<\/script>\n<!-- \/ Yoast SEO plugin. -->","yoast_head_json":{"title":"MOON aviv\u00e1\u017e - \u010capovan\u00e1 Eko Drog\u00e9ria Ko\u0161ice | VERDE VANA","robots":{"index":"index","follow":"follow","max-snippet":"max-snippet:-1","max-image-preview":"max-image-preview:large","max-video-preview":"max-video-preview:-1"},"canonical":"https:\/\/verdevana.sk\/?product=moon-avivaz","og_locale":"sk_SK","og_type":"article","og_title":"MOON aviv\u00e1\u017e - \u010capovan\u00e1 Eko Drog\u00e9ria Ko\u0161ice | VERDE VANA","og_description":"Univerz\u00e1lna AVIV\u00c1\u017d - AMMORBIDENTE MOON, KONCENTROVAN\u00c1 AVIV\u00c1\u017d - AMMORBIDENTE MOON \u2014 z\u00e1\u017eitok z m\u00e4kkosti AVIV\u00c1\u017d - AMMORBIDENTE MOON, dod\u00e1va tkanine hebkos\u0165 a m\u00e1 tie\u017e antistatick\u00fd \u00fa\u010dinok. Doprajte si z\u00e1\u017eitok z m\u00e4kkosti va\u0161ej bielizne po ka\u017edom opran\u00ed. Sta\u010d\u00ed prida\u0165 do ka\u017ed\u00e9ho pracieho cyklu v mno\u017estve odpor\u00fa\u010danom v\u00fdrobcom. Aviv\u00e1\u017e na pranie AMMORBIDENTE MOON obsahuje vonn\u00e9 esencie vysokej kvality, ktor\u00e9 zaru\u010duj\u00fa dlhodob\u00e9 pretrv\u00e1vanie v\u00f4ne. Va\u0161a bielize\u0148 bude v\u010faka tomu vo\u0148a\u0165 svie\u017eo aj dlh\u00fd \u010das po odlo\u017een\u00ed do \u0161atn\u00edka. Inovat\u00edvna recept\u00fara chr\u00e1ni vl\u00e1kna, minimalizuje kr\u010divos\u0165 a u\u013eah\u010duje \u017eehlenie.","og_url":"https:\/\/verdevana.sk\/?product=moon-avivaz","og_site_name":"\u010capovan\u00e1 Eko Drog\u00e9ria Ko\u0161ice | VERDE VANA","article_modified_time":"2024-05-12T08:30:56+00:00","og_image":[{"width":1134,"height":2016,"url":"https:\/\/verdevana.sk\/wp-content\/uploads\/2024\/05\/1270a.jpg","type":"image\/jpeg"}],"twitter_card":"summary_large_image","twitter_misc":{"Predpokladan\u00fd \u010das \u010d\u00edtania":"1 min\u00fata"},"schema":{"@context":"https:\/\/schema.org","@graph":[{"@type":"WebPage","@id":"https:\/\/verdevana.sk\/?product=moon-avivaz","url":"https:\/\/verdevana.sk\/?product=moon-avivaz","name":"MOON aviv\u00e1\u017e - \u010capovan\u00e1 Eko Drog\u00e9ria Ko\u0161ice | VERDE VANA","isPartOf":{"@id":"https:\/\/verdevana.sk\/#website"},"primaryImageOfPage":{"@id":"https:\/\/verdevana.sk\/?product=moon-avivaz#primaryimage"},"image":{"@id":"https:\/\/verdevana.sk\/?product=moon-avivaz#primaryimage"},"thumbnailUrl":"https:\/\/verdevana.sk\/wp-content\/uploads\/2024\/05\/1270a.jpg","datePublished":"2024-05-06T18:18:03+00:00","dateModified":"2024-05-12T08:30:56+00:00","breadcrumb":{"@id":"https:\/\/verdevana.sk\/?product=moon-avivaz#breadcrumb"},"inLanguage":"sk-SK","potentialAction":[{"@type":"ReadAction","target":["https:\/\/verdevana.sk\/?product=moon-avivaz"]}]},{"@type":"ImageObject","inLanguage":"sk-SK","@id":"https:\/\/verdevana.sk\/?product=moon-avivaz#primaryimage","url":"https:\/\/verdevana.sk\/wp-content\/uploads\/2024\/05\/1270a.jpg","contentUrl":"https:\/\/verdevana.sk\/wp-content\/uploads\/2024\/05\/1270a.jpg","width":1134,"height":2016},{"@type":"BreadcrumbList","@id":"https:\/\/verdevana.sk\/?product=moon-avivaz#breadcrumb","itemListElement":[{"@type":"ListItem","position":1,"name":"Home","item":"https:\/\/verdevana.sk\/"},{"@type":"ListItem","position":2,"name":"Produkty","item":"http:\/\/verdevana.sk\/?page_id=12"},{"@type":"ListItem","position":3,"name":"MOON aviv\u00e1\u017e"}]},{"@type":"WebSite","@id":"https:\/\/verdevana.sk\/#website","url":"https:\/\/verdevana.sk\/","name":"\u010capovan\u00e1 Eko Drog\u00e9ria Ko\u0161ice | VERDE VANA","description":"\u010capujeme kvalitn\u00fa, vysoko \u00fa\u010dinn\u00fa, ekologick\u00fa drog\u00e9riu a kozmetiku.","publisher":{"@id":"https:\/\/verdevana.sk\/#organization"},"potentialAction":[{"@type":"SearchAction","target":{"@type":"EntryPoint","urlTemplate":"https:\/\/verdevana.sk\/?s={search_term_string}"},"query-input":"required name=search_term_string"}],"inLanguage":"sk-SK"},{"@type":"Organization","@id":"https:\/\/verdevana.sk\/#organization","name":"\u010capovan\u00e1 Eko Drog\u00e9ria Ko\u0161ice | VERDE VANA","url":"https:\/\/verdevana.sk\/","logo":{"@type":"ImageObject","inLanguage":"sk-SK","@id":"https:\/\/verdevana.sk\/#\/schema\/logo\/image\/","url":"https:\/\/verdevana.sk\/wp-content\/uploads\/2024\/11\/VerdeVana_capovana_drogeria_koscie_logo.png","contentUrl":"https:\/\/verdevana.sk\/wp-content\/uploads\/2024\/11\/VerdeVana_capovana_drogeria_koscie_logo.png","width":411,"height":135,"caption":"\u010capovan\u00e1 Eko Drog\u00e9ria Ko\u0161ice | VERDE VANA"},"image":{"@id":"https:\/\/verdevana.sk\/#\/schema\/logo\/image\/"}}]}},"_links":{"self":[{"href":"https:\/\/verdevana.sk\/index.php?rest_route=\/wp\/v2\/product\/37"}],"collection":[{"href":"https:\/\/verdevana.sk\/index.php?rest_route=\/wp\/v2\/product"}],"about":[{"href":"https:\/\/verdevana.sk\/index.php?rest_route=\/wp\/v2\/types\/product"}],"replies":[{"embeddable":true,"href":"https:\/\/verdevana.sk\/index.php?rest_route=%2Fwp%2Fv2%2Fcomments&post=37"}],"wp:featuredmedia":[{"embeddable":true,"href":"https:\/\/verdevana.sk\/index.php?rest_route=\/wp\/v2\/media\/304"}],"wp:attachment":[{"href":"https:\/\/verdevana.sk\/index.php?rest_route=%2Fwp%2Fv2%2Fmedia&parent=37"}],"wp:term":[{"taxonomy":"product_cat","embeddable":true,"href":"https:\/\/verdevana.sk\/index.php?rest_route=%2Fwp%2Fv2%2Fproduct_cat&post=37"},{"taxonomy":"product_tag","embeddable":true,"href":"https:\/\/verdevana.sk\/index.php?rest_route=%2Fwp%2Fv2%2Fproduct_tag&post=37"}],"curies":[{"name":"wp","href":"https:\/\/api.w.org\/{rel}","templated":true}]}}