{"id":34,"date":"2024-05-06T20:18:03","date_gmt":"2024-05-06T18:18:03","guid":{"rendered":"https:\/\/verdevana.sk\/?post_type=product&#038;p=34"},"modified":"2024-05-12T10:30:56","modified_gmt":"2024-05-12T08:30:56","slug":"baby-gel-na-pranie-detskeho-oblecenia","status":"publish","type":"product","link":"https:\/\/verdevana.sk\/?product=baby-gel-na-pranie-detskeho-oblecenia","title":{"rendered":"BABY g\u00e9l na pranie detsk\u00e9ho oble\u010denia"},"content":{"rendered":"<p><strong>V\u00fdrobca:<\/strong>Naturio<br \/>\nBIODEGRADABILITA &gt; 90% (Art. 2 e 4 Legge 26\/04\/1983 n\u00b0 136)<\/p>\n<p><strong>Pou\u017eitie :<\/strong><\/p>\n<table border=\"1\">\n<tbody>\n<tr>\n<td>Tvrdos\u0165 vody (vo franc\u00fazkych stup\u0148och)<\/td>\n<td><strong>M\u00e4kk\u00e1 voda<\/strong> (&lt;15 \u00b0f)<\/td>\n<td><strong>Stredne tvrd\u00e1 voda<\/strong> (15-25 \u00b0f)<\/td>\n<td><strong>Tvrd\u00e1 voda<\/strong> (25\u00b0f&lt;)<\/td>\n<\/tr>\n<tr>\n<td>Na hmotnos\u0165 4-5 kg v pr\u00e1\u010dke<\/td>\n<td>50 ml<\/td>\n<td>60 ml<\/td>\n<td>80 ml<\/td>\n<\/tr>\n<tr>\n<td>Ru\u010dn\u00e9 pranie 10 l<\/td>\n<td>25 ml<\/td>\n<td>50 ml<\/td>\n<td>75 ml<\/td>\n<\/tr>\n<\/tbody>\n<\/table>\n","protected":false},"excerpt":{"rendered":"<p>Koncentrovan\u00fd tekut\u00fd prac\u00ed g\u00e9l do pr\u00e1\u010dky a na ru\u010dn\u00e9 pranie je \u0161peci\u00e1lne navrhnut\u00fd na pranie detsk\u00e9ho, doj\u010densk\u00e9ho oble\u010denia. Je tie\u017e vhodn\u00fd pre \u013eud\u00ed s citlivou poko\u017ekou. \u0160atstvo si zachov\u00e1va po vypran\u00ed hebkos\u0165, aj pri kontakte s detskou, alebo v\u0161eobecne citlivou poko\u017ekou. G\u00e9l na pranie BABY je jemne parfumovan\u00fd.<\/p>\n","protected":false},"featured_media":278,"comment_status":"open","ping_status":"closed","template":"","meta":{"_monsterinsights_skip_tracking":false,"_monsterinsights_sitenote_active":false,"_monsterinsights_sitenote_note":"","_monsterinsights_sitenote_category":0},"product_cat":[25],"product_tag":[22,23,24],"yoast_head":"<!-- This site is optimized with the Yoast SEO plugin v22.6 - https:\/\/yoast.com\/wordpress\/plugins\/seo\/ -->\n<title>BABY g\u00e9l na pranie detsk\u00e9ho oble\u010denia - \u010capovan\u00e1 Eko Drog\u00e9ria Ko\u0161ice | VERDE VANA<\/title>\n<meta name=\"robots\" content=\"index, follow, max-snippet:-1, max-image-preview:large, max-video-preview:-1\" \/>\n<link rel=\"canonical\" href=\"https:\/\/verdevana.sk\/?product=baby-gel-na-pranie-detskeho-oblecenia\" \/>\n<meta property=\"og:locale\" content=\"sk_SK\" \/>\n<meta property=\"og:type\" content=\"article\" \/>\n<meta property=\"og:title\" content=\"BABY g\u00e9l na pranie detsk\u00e9ho oble\u010denia - \u010capovan\u00e1 Eko Drog\u00e9ria Ko\u0161ice | VERDE VANA\" \/>\n<meta property=\"og:description\" content=\"Koncentrovan\u00fd tekut\u00fd prac\u00ed g\u00e9l do pr\u00e1\u010dky a na ru\u010dn\u00e9 pranie je \u0161peci\u00e1lne navrhnut\u00fd na pranie detsk\u00e9ho, doj\u010densk\u00e9ho oble\u010denia. Je tie\u017e vhodn\u00fd pre \u013eud\u00ed s citlivou poko\u017ekou. \u0160atstvo si zachov\u00e1va po vypran\u00ed hebkos\u0165, aj pri kontakte s detskou, alebo v\u0161eobecne citlivou poko\u017ekou. G\u00e9l na pranie BABY je jemne parfumovan\u00fd.\" \/>\n<meta property=\"og:url\" content=\"https:\/\/verdevana.sk\/?product=baby-gel-na-pranie-detskeho-oblecenia\" \/>\n<meta property=\"og:site_name\" content=\"\u010capovan\u00e1 Eko Drog\u00e9ria Ko\u0161ice | VERDE VANA\" \/>\n<meta property=\"article:modified_time\" content=\"2024-05-12T08:30:56+00:00\" \/>\n<meta property=\"og:image\" content=\"https:\/\/verdevana.sk\/wp-content\/uploads\/2024\/05\/1151a.jpg\" \/>\n\t<meta property=\"og:image:width\" content=\"1134\" \/>\n\t<meta property=\"og:image:height\" content=\"2016\" \/>\n\t<meta property=\"og:image:type\" content=\"image\/jpeg\" \/>\n<meta name=\"twitter:card\" content=\"summary_large_image\" \/>\n<script type=\"application\/ld+json\" class=\"yoast-schema-graph\">{\"@context\":\"https:\/\/schema.org\",\"@graph\":[{\"@type\":\"WebPage\",\"@id\":\"https:\/\/verdevana.sk\/?product=baby-gel-na-pranie-detskeho-oblecenia\",\"url\":\"https:\/\/verdevana.sk\/?product=baby-gel-na-pranie-detskeho-oblecenia\",\"name\":\"BABY g\u00e9l na pranie detsk\u00e9ho oble\u010denia - \u010capovan\u00e1 Eko Drog\u00e9ria Ko\u0161ice | VERDE VANA\",\"isPartOf\":{\"@id\":\"https:\/\/verdevana.sk\/#website\"},\"primaryImageOfPage\":{\"@id\":\"https:\/\/verdevana.sk\/?product=baby-gel-na-pranie-detskeho-oblecenia#primaryimage\"},\"image\":{\"@id\":\"https:\/\/verdevana.sk\/?product=baby-gel-na-pranie-detskeho-oblecenia#primaryimage\"},\"thumbnailUrl\":\"https:\/\/verdevana.sk\/wp-content\/uploads\/2024\/05\/1151a.jpg\",\"datePublished\":\"2024-05-06T18:18:03+00:00\",\"dateModified\":\"2024-05-12T08:30:56+00:00\",\"breadcrumb\":{\"@id\":\"https:\/\/verdevana.sk\/?product=baby-gel-na-pranie-detskeho-oblecenia#breadcrumb\"},\"inLanguage\":\"sk-SK\",\"potentialAction\":[{\"@type\":\"ReadAction\",\"target\":[\"https:\/\/verdevana.sk\/?product=baby-gel-na-pranie-detskeho-oblecenia\"]}]},{\"@type\":\"ImageObject\",\"inLanguage\":\"sk-SK\",\"@id\":\"https:\/\/verdevana.sk\/?product=baby-gel-na-pranie-detskeho-oblecenia#primaryimage\",\"url\":\"https:\/\/verdevana.sk\/wp-content\/uploads\/2024\/05\/1151a.jpg\",\"contentUrl\":\"https:\/\/verdevana.sk\/wp-content\/uploads\/2024\/05\/1151a.jpg\",\"width\":1134,\"height\":2016},{\"@type\":\"BreadcrumbList\",\"@id\":\"https:\/\/verdevana.sk\/?product=baby-gel-na-pranie-detskeho-oblecenia#breadcrumb\",\"itemListElement\":[{\"@type\":\"ListItem\",\"position\":1,\"name\":\"Home\",\"item\":\"https:\/\/verdevana.sk\/\"},{\"@type\":\"ListItem\",\"position\":2,\"name\":\"Produkty\",\"item\":\"http:\/\/verdevana.sk\/?page_id=12\"},{\"@type\":\"ListItem\",\"position\":3,\"name\":\"BABY g\u00e9l na pranie detsk\u00e9ho oble\u010denia\"}]},{\"@type\":\"WebSite\",\"@id\":\"https:\/\/verdevana.sk\/#website\",\"url\":\"https:\/\/verdevana.sk\/\",\"name\":\"\u010capovan\u00e1 Eko Drog\u00e9ria Ko\u0161ice | VERDE VANA\",\"description\":\"\u010capujeme kvalitn\u00fa, vysoko \u00fa\u010dinn\u00fa, ekologick\u00fa drog\u00e9riu a kozmetiku.\",\"publisher\":{\"@id\":\"https:\/\/verdevana.sk\/#organization\"},\"potentialAction\":[{\"@type\":\"SearchAction\",\"target\":{\"@type\":\"EntryPoint\",\"urlTemplate\":\"https:\/\/verdevana.sk\/?s={search_term_string}\"},\"query-input\":\"required name=search_term_string\"}],\"inLanguage\":\"sk-SK\"},{\"@type\":\"Organization\",\"@id\":\"https:\/\/verdevana.sk\/#organization\",\"name\":\"\u010capovan\u00e1 Eko Drog\u00e9ria Ko\u0161ice | VERDE VANA\",\"url\":\"https:\/\/verdevana.sk\/\",\"logo\":{\"@type\":\"ImageObject\",\"inLanguage\":\"sk-SK\",\"@id\":\"https:\/\/verdevana.sk\/#\/schema\/logo\/image\/\",\"url\":\"https:\/\/verdevana.sk\/wp-content\/uploads\/2024\/11\/VerdeVana_capovana_drogeria_koscie_logo.png\",\"contentUrl\":\"https:\/\/verdevana.sk\/wp-content\/uploads\/2024\/11\/VerdeVana_capovana_drogeria_koscie_logo.png\",\"width\":411,\"height\":135,\"caption\":\"\u010capovan\u00e1 Eko Drog\u00e9ria Ko\u0161ice | VERDE VANA\"},\"image\":{\"@id\":\"https:\/\/verdevana.sk\/#\/schema\/logo\/image\/\"}}]}<\/script>\n<!-- \/ Yoast SEO plugin. -->","yoast_head_json":{"title":"BABY g\u00e9l na pranie detsk\u00e9ho oble\u010denia - \u010capovan\u00e1 Eko Drog\u00e9ria Ko\u0161ice | VERDE VANA","robots":{"index":"index","follow":"follow","max-snippet":"max-snippet:-1","max-image-preview":"max-image-preview:large","max-video-preview":"max-video-preview:-1"},"canonical":"https:\/\/verdevana.sk\/?product=baby-gel-na-pranie-detskeho-oblecenia","og_locale":"sk_SK","og_type":"article","og_title":"BABY g\u00e9l na pranie detsk\u00e9ho oble\u010denia - \u010capovan\u00e1 Eko Drog\u00e9ria Ko\u0161ice | VERDE VANA","og_description":"Koncentrovan\u00fd tekut\u00fd prac\u00ed g\u00e9l do pr\u00e1\u010dky a na ru\u010dn\u00e9 pranie je \u0161peci\u00e1lne navrhnut\u00fd na pranie detsk\u00e9ho, doj\u010densk\u00e9ho oble\u010denia. Je tie\u017e vhodn\u00fd pre \u013eud\u00ed s citlivou poko\u017ekou. \u0160atstvo si zachov\u00e1va po vypran\u00ed hebkos\u0165, aj pri kontakte s detskou, alebo v\u0161eobecne citlivou poko\u017ekou. G\u00e9l na pranie BABY je jemne parfumovan\u00fd.","og_url":"https:\/\/verdevana.sk\/?product=baby-gel-na-pranie-detskeho-oblecenia","og_site_name":"\u010capovan\u00e1 Eko Drog\u00e9ria Ko\u0161ice | VERDE VANA","article_modified_time":"2024-05-12T08:30:56+00:00","og_image":[{"width":1134,"height":2016,"url":"https:\/\/verdevana.sk\/wp-content\/uploads\/2024\/05\/1151a.jpg","type":"image\/jpeg"}],"twitter_card":"summary_large_image","schema":{"@context":"https:\/\/schema.org","@graph":[{"@type":"WebPage","@id":"https:\/\/verdevana.sk\/?product=baby-gel-na-pranie-detskeho-oblecenia","url":"https:\/\/verdevana.sk\/?product=baby-gel-na-pranie-detskeho-oblecenia","name":"BABY g\u00e9l na pranie detsk\u00e9ho oble\u010denia - \u010capovan\u00e1 Eko Drog\u00e9ria Ko\u0161ice | VERDE VANA","isPartOf":{"@id":"https:\/\/verdevana.sk\/#website"},"primaryImageOfPage":{"@id":"https:\/\/verdevana.sk\/?product=baby-gel-na-pranie-detskeho-oblecenia#primaryimage"},"image":{"@id":"https:\/\/verdevana.sk\/?product=baby-gel-na-pranie-detskeho-oblecenia#primaryimage"},"thumbnailUrl":"https:\/\/verdevana.sk\/wp-content\/uploads\/2024\/05\/1151a.jpg","datePublished":"2024-05-06T18:18:03+00:00","dateModified":"2024-05-12T08:30:56+00:00","breadcrumb":{"@id":"https:\/\/verdevana.sk\/?product=baby-gel-na-pranie-detskeho-oblecenia#breadcrumb"},"inLanguage":"sk-SK","potentialAction":[{"@type":"ReadAction","target":["https:\/\/verdevana.sk\/?product=baby-gel-na-pranie-detskeho-oblecenia"]}]},{"@type":"ImageObject","inLanguage":"sk-SK","@id":"https:\/\/verdevana.sk\/?product=baby-gel-na-pranie-detskeho-oblecenia#primaryimage","url":"https:\/\/verdevana.sk\/wp-content\/uploads\/2024\/05\/1151a.jpg","contentUrl":"https:\/\/verdevana.sk\/wp-content\/uploads\/2024\/05\/1151a.jpg","width":1134,"height":2016},{"@type":"BreadcrumbList","@id":"https:\/\/verdevana.sk\/?product=baby-gel-na-pranie-detskeho-oblecenia#breadcrumb","itemListElement":[{"@type":"ListItem","position":1,"name":"Home","item":"https:\/\/verdevana.sk\/"},{"@type":"ListItem","position":2,"name":"Produkty","item":"http:\/\/verdevana.sk\/?page_id=12"},{"@type":"ListItem","position":3,"name":"BABY g\u00e9l na pranie detsk\u00e9ho oble\u010denia"}]},{"@type":"WebSite","@id":"https:\/\/verdevana.sk\/#website","url":"https:\/\/verdevana.sk\/","name":"\u010capovan\u00e1 Eko Drog\u00e9ria Ko\u0161ice | VERDE VANA","description":"\u010capujeme kvalitn\u00fa, vysoko \u00fa\u010dinn\u00fa, ekologick\u00fa drog\u00e9riu a kozmetiku.","publisher":{"@id":"https:\/\/verdevana.sk\/#organization"},"potentialAction":[{"@type":"SearchAction","target":{"@type":"EntryPoint","urlTemplate":"https:\/\/verdevana.sk\/?s={search_term_string}"},"query-input":"required name=search_term_string"}],"inLanguage":"sk-SK"},{"@type":"Organization","@id":"https:\/\/verdevana.sk\/#organization","name":"\u010capovan\u00e1 Eko Drog\u00e9ria Ko\u0161ice | VERDE VANA","url":"https:\/\/verdevana.sk\/","logo":{"@type":"ImageObject","inLanguage":"sk-SK","@id":"https:\/\/verdevana.sk\/#\/schema\/logo\/image\/","url":"https:\/\/verdevana.sk\/wp-content\/uploads\/2024\/11\/VerdeVana_capovana_drogeria_koscie_logo.png","contentUrl":"https:\/\/verdevana.sk\/wp-content\/uploads\/2024\/11\/VerdeVana_capovana_drogeria_koscie_logo.png","width":411,"height":135,"caption":"\u010capovan\u00e1 Eko Drog\u00e9ria Ko\u0161ice | VERDE VANA"},"image":{"@id":"https:\/\/verdevana.sk\/#\/schema\/logo\/image\/"}}]}},"_links":{"self":[{"href":"https:\/\/verdevana.sk\/index.php?rest_route=\/wp\/v2\/product\/34"}],"collection":[{"href":"https:\/\/verdevana.sk\/index.php?rest_route=\/wp\/v2\/product"}],"about":[{"href":"https:\/\/verdevana.sk\/index.php?rest_route=\/wp\/v2\/types\/product"}],"replies":[{"embeddable":true,"href":"https:\/\/verdevana.sk\/index.php?rest_route=%2Fwp%2Fv2%2Fcomments&post=34"}],"wp:featuredmedia":[{"embeddable":true,"href":"https:\/\/verdevana.sk\/index.php?rest_route=\/wp\/v2\/media\/278"}],"wp:attachment":[{"href":"https:\/\/verdevana.sk\/index.php?rest_route=%2Fwp%2Fv2%2Fmedia&parent=34"}],"wp:term":[{"taxonomy":"product_cat","embeddable":true,"href":"https:\/\/verdevana.sk\/index.php?rest_route=%2Fwp%2Fv2%2Fproduct_cat&post=34"},{"taxonomy":"product_tag","embeddable":true,"href":"https:\/\/verdevana.sk\/index.php?rest_route=%2Fwp%2Fv2%2Fproduct_tag&post=34"}],"curies":[{"name":"wp","href":"https:\/\/api.w.org\/{rel}","templated":true}]}}