{"id":26,"date":"2024-05-06T21:21:30","date_gmt":"2024-05-06T19:21:30","guid":{"rendered":"https:\/\/verdevana.sk\/?page_id=26"},"modified":"2024-05-07T21:55:11","modified_gmt":"2024-05-07T19:55:11","slug":"ako-to-funguje","status":"publish","type":"page","link":"https:\/\/verdevana.sk\/?page_id=26","title":{"rendered":"Ako to funguje?"},"content":{"rendered":"\n<p><strong>Ako funguje syst\u00e9m \u010dapovanej drog\u00e9rie<\/strong><\/p>\n\n\n\n<div class=\"wp-block-media-text is-stacked-on-mobile is-vertically-aligned-top\" style=\"grid-template-columns:25% auto\"><figure class=\"wp-block-media-text__media\"><img loading=\"lazy\" decoding=\"async\" width=\"523\" height=\"141\" src=\"http:\/\/verdevana.sk\/wp-content\/uploads\/2024\/05\/scd01.png\" alt=\"\" class=\"wp-image-30 size-full\" srcset=\"https:\/\/verdevana.sk\/wp-content\/uploads\/2024\/05\/scd01.png 523w, https:\/\/verdevana.sk\/wp-content\/uploads\/2024\/05\/scd01-300x81.png 300w\" sizes=\"(max-width: 523px) 100vw, 523px\" \/><\/figure><div class=\"wp-block-media-text__content\">\n<h5 class=\"wp-block-heading\">V\u00fdber produktu<\/h5>\n\n\n\n<p>Vyberie\u0161 si produkt, o ktor\u00fd m\u00e1\u0161 z\u00e1ujem.<\/p>\n<\/div><\/div>\n\n\n\n<div class=\"wp-block-media-text is-stacked-on-mobile is-vertically-aligned-top\" style=\"grid-template-columns:25% auto\"><figure class=\"wp-block-media-text__media\"><img loading=\"lazy\" decoding=\"async\" width=\"523\" height=\"141\" src=\"http:\/\/verdevana.sk\/wp-content\/uploads\/2024\/05\/scd02.png\" alt=\"\" class=\"wp-image-31 size-full\" srcset=\"https:\/\/verdevana.sk\/wp-content\/uploads\/2024\/05\/scd02.png 523w, https:\/\/verdevana.sk\/wp-content\/uploads\/2024\/05\/scd02-300x81.png 300w\" sizes=\"(max-width: 523px) 100vw, 523px\" \/><\/figure><div class=\"wp-block-media-text__content\">\n<h5 class=\"wp-block-heading\">Odv\u00e1\u017eenie pr\u00e1zdnej f\u013ea\u0161e<\/h5>\n\n\n\n<p>F\u013ea\u0161u ktor\u00fa si donesie\u0161 (popr\u00edpade k\u00fapi\u0161 v obchode) odv\u00e1\u017eime.<\/p>\n<\/div><\/div>\n\n\n\n<div class=\"wp-block-media-text is-stacked-on-mobile is-vertically-aligned-top\" style=\"grid-template-columns:25% auto\"><figure class=\"wp-block-media-text__media\"><img loading=\"lazy\" decoding=\"async\" width=\"523\" height=\"141\" src=\"http:\/\/verdevana.sk\/wp-content\/uploads\/2024\/05\/scd03.png\" alt=\"\" class=\"wp-image-27 size-full\" srcset=\"https:\/\/verdevana.sk\/wp-content\/uploads\/2024\/05\/scd03.png 523w, https:\/\/verdevana.sk\/wp-content\/uploads\/2024\/05\/scd03-300x81.png 300w\" sizes=\"(max-width: 523px) 100vw, 523px\" \/><\/figure><div class=\"wp-block-media-text__content\">\n<h5 class=\"wp-block-heading\">\u010capovanie produktu<\/h5>\n\n\n\n<p>Na\u010dapujeme vybran\u00fd produkt do f\u013ea\u0161e.<\/p>\n<\/div><\/div>\n\n\n\n<div class=\"wp-block-media-text is-stacked-on-mobile is-vertically-aligned-top\" style=\"grid-template-columns:25% auto\"><figure class=\"wp-block-media-text__media\"><img loading=\"lazy\" decoding=\"async\" width=\"523\" height=\"141\" src=\"http:\/\/verdevana.sk\/wp-content\/uploads\/2024\/05\/scd04.png\" alt=\"\" class=\"wp-image-28 size-full\" srcset=\"https:\/\/verdevana.sk\/wp-content\/uploads\/2024\/05\/scd04.png 523w, https:\/\/verdevana.sk\/wp-content\/uploads\/2024\/05\/scd04-300x81.png 300w\" sizes=\"(max-width: 523px) 100vw, 523px\" \/><\/figure><div class=\"wp-block-media-text__content\">\n<h5 class=\"wp-block-heading\">Odv\u00e1\u017eenie f\u013ea\u0161e s produktom<\/h5>\n\n\n\n<p>Odv\u00e1\u017eime naplnen\u00fa f\u013ea\u0161u a od\u010d\u00edtame hmotnos\u0165 pr\u00e1zdnej f\u013ea\u0161e, aby sa zabezpe\u010dilo, \u017ee plat\u00ed\u0161 \u010disto iba za produkt.&nbsp;<\/p>\n<\/div><\/div>\n\n\n\n<div class=\"wp-block-media-text is-stacked-on-mobile is-vertically-aligned-top\" style=\"grid-template-columns:25% auto\"><figure class=\"wp-block-media-text__media\"><img loading=\"lazy\" decoding=\"async\" width=\"523\" height=\"141\" src=\"http:\/\/verdevana.sk\/wp-content\/uploads\/2024\/05\/scd05.png\" alt=\"\" class=\"wp-image-29 size-full\" srcset=\"https:\/\/verdevana.sk\/wp-content\/uploads\/2024\/05\/scd05.png 523w, https:\/\/verdevana.sk\/wp-content\/uploads\/2024\/05\/scd05-300x81.png 300w\" sizes=\"(max-width: 523px) 100vw, 523px\" \/><\/figure><div class=\"wp-block-media-text__content\">\n<h5 class=\"wp-block-heading\">Platba<\/h5>\n\n\n\n<p>Zaplat\u00ed\u0161 iba za to \u010do m\u00e1\u0161 na\u010dapovan\u00e9.<\/p>\n<\/div><\/div>\n","protected":false},"excerpt":{"rendered":"<p>Ako funguje syst\u00e9m \u010dapovanej drog\u00e9rie V\u00fdber produktu Vyberie\u0161 si produkt, o ktor\u00fd m\u00e1\u0161 z\u00e1ujem. Odv\u00e1\u017eenie pr\u00e1zdnej f\u013ea\u0161e F\u013ea\u0161u ktor\u00fa si donesie\u0161 (popr\u00edpade k\u00fapi\u0161 v obchode) odv\u00e1\u017eime. \u010capovanie produktu Na\u010dapujeme vybran\u00fd produkt do f\u013ea\u0161e. Odv\u00e1\u017eenie f\u013ea\u0161e s produktom Odv\u00e1\u017eime naplnen\u00fa f\u013ea\u0161u a od\u010d\u00edtame hmotnos\u0165 pr\u00e1zdnej f\u013ea\u0161e, aby sa zabezpe\u010dilo, \u017ee plat\u00ed\u0161 \u010disto iba za produkt.&nbsp; Platba [&hellip;]<\/p>\n","protected":false},"author":1,"featured_media":0,"parent":0,"menu_order":0,"comment_status":"closed","ping_status":"closed","template":"","meta":{"_monsterinsights_skip_tracking":false,"_monsterinsights_sitenote_active":false,"_monsterinsights_sitenote_note":"","_monsterinsights_sitenote_category":0,"footnotes":""},"blocksy_meta":[],"yoast_head":"<!-- This site is optimized with the Yoast SEO plugin v22.6 - https:\/\/yoast.com\/wordpress\/plugins\/seo\/ -->\n<title>Ako to funguje? - \u010capovan\u00e1 Eko Drog\u00e9ria Ko\u0161ice | VERDE VANA<\/title>\n<meta name=\"robots\" content=\"index, follow, max-snippet:-1, max-image-preview:large, max-video-preview:-1\" \/>\n<link rel=\"canonical\" href=\"https:\/\/verdevana.sk\/?page_id=26\" \/>\n<meta property=\"og:locale\" content=\"sk_SK\" \/>\n<meta property=\"og:type\" content=\"article\" \/>\n<meta property=\"og:title\" content=\"Ako to funguje? - \u010capovan\u00e1 Eko Drog\u00e9ria Ko\u0161ice | VERDE VANA\" \/>\n<meta property=\"og:description\" content=\"Ako funguje syst\u00e9m \u010dapovanej drog\u00e9rie V\u00fdber produktu Vyberie\u0161 si produkt, o ktor\u00fd m\u00e1\u0161 z\u00e1ujem. Odv\u00e1\u017eenie pr\u00e1zdnej f\u013ea\u0161e F\u013ea\u0161u ktor\u00fa si donesie\u0161 (popr\u00edpade k\u00fapi\u0161 v obchode) odv\u00e1\u017eime. \u010capovanie produktu Na\u010dapujeme vybran\u00fd produkt do f\u013ea\u0161e. Odv\u00e1\u017eenie f\u013ea\u0161e s produktom Odv\u00e1\u017eime naplnen\u00fa f\u013ea\u0161u a od\u010d\u00edtame hmotnos\u0165 pr\u00e1zdnej f\u013ea\u0161e, aby sa zabezpe\u010dilo, \u017ee plat\u00ed\u0161 \u010disto iba za produkt.&nbsp; Platba [&hellip;]\" \/>\n<meta property=\"og:url\" content=\"https:\/\/verdevana.sk\/?page_id=26\" \/>\n<meta property=\"og:site_name\" content=\"\u010capovan\u00e1 Eko Drog\u00e9ria Ko\u0161ice | VERDE VANA\" \/>\n<meta property=\"article:modified_time\" content=\"2024-05-07T19:55:11+00:00\" \/>\n<meta property=\"og:image\" content=\"http:\/\/verdevana.sk\/wp-content\/uploads\/2024\/05\/scd01.png\" \/>\n<meta name=\"twitter:card\" content=\"summary_large_image\" \/>\n<meta name=\"twitter:label1\" content=\"Predpokladan\u00fd \u010das \u010d\u00edtania\" \/>\n\t<meta name=\"twitter:data1\" content=\"2 min\u00faty\" \/>\n<script type=\"application\/ld+json\" class=\"yoast-schema-graph\">{\"@context\":\"https:\/\/schema.org\",\"@graph\":[{\"@type\":\"WebPage\",\"@id\":\"https:\/\/verdevana.sk\/?page_id=26\",\"url\":\"https:\/\/verdevana.sk\/?page_id=26\",\"name\":\"Ako to funguje? - \u010capovan\u00e1 Eko Drog\u00e9ria Ko\u0161ice | VERDE VANA\",\"isPartOf\":{\"@id\":\"https:\/\/verdevana.sk\/#website\"},\"primaryImageOfPage\":{\"@id\":\"https:\/\/verdevana.sk\/?page_id=26#primaryimage\"},\"image\":{\"@id\":\"https:\/\/verdevana.sk\/?page_id=26#primaryimage\"},\"thumbnailUrl\":\"http:\/\/verdevana.sk\/wp-content\/uploads\/2024\/05\/scd01.png\",\"datePublished\":\"2024-05-06T19:21:30+00:00\",\"dateModified\":\"2024-05-07T19:55:11+00:00\",\"breadcrumb\":{\"@id\":\"https:\/\/verdevana.sk\/?page_id=26#breadcrumb\"},\"inLanguage\":\"sk-SK\",\"potentialAction\":[{\"@type\":\"ReadAction\",\"target\":[\"https:\/\/verdevana.sk\/?page_id=26\"]}]},{\"@type\":\"ImageObject\",\"inLanguage\":\"sk-SK\",\"@id\":\"https:\/\/verdevana.sk\/?page_id=26#primaryimage\",\"url\":\"https:\/\/verdevana.sk\/wp-content\/uploads\/2024\/05\/scd01.png\",\"contentUrl\":\"https:\/\/verdevana.sk\/wp-content\/uploads\/2024\/05\/scd01.png\",\"width\":523,\"height\":141},{\"@type\":\"BreadcrumbList\",\"@id\":\"https:\/\/verdevana.sk\/?page_id=26#breadcrumb\",\"itemListElement\":[{\"@type\":\"ListItem\",\"position\":1,\"name\":\"Home\",\"item\":\"https:\/\/verdevana.sk\/\"},{\"@type\":\"ListItem\",\"position\":2,\"name\":\"Ako to funguje?\"}]},{\"@type\":\"WebSite\",\"@id\":\"https:\/\/verdevana.sk\/#website\",\"url\":\"https:\/\/verdevana.sk\/\",\"name\":\"\u010capovan\u00e1 Eko Drog\u00e9ria Ko\u0161ice | VERDE VANA\",\"description\":\"\u010capujeme kvalitn\u00fa, vysoko \u00fa\u010dinn\u00fa, ekologick\u00fa drog\u00e9riu a kozmetiku.\",\"publisher\":{\"@id\":\"https:\/\/verdevana.sk\/#organization\"},\"potentialAction\":[{\"@type\":\"SearchAction\",\"target\":{\"@type\":\"EntryPoint\",\"urlTemplate\":\"https:\/\/verdevana.sk\/?s={search_term_string}\"},\"query-input\":\"required name=search_term_string\"}],\"inLanguage\":\"sk-SK\"},{\"@type\":\"Organization\",\"@id\":\"https:\/\/verdevana.sk\/#organization\",\"name\":\"\u010capovan\u00e1 Eko Drog\u00e9ria Ko\u0161ice | VERDE VANA\",\"url\":\"https:\/\/verdevana.sk\/\",\"logo\":{\"@type\":\"ImageObject\",\"inLanguage\":\"sk-SK\",\"@id\":\"https:\/\/verdevana.sk\/#\/schema\/logo\/image\/\",\"url\":\"https:\/\/verdevana.sk\/wp-content\/uploads\/2024\/11\/VerdeVana_capovana_drogeria_koscie_logo.png\",\"contentUrl\":\"https:\/\/verdevana.sk\/wp-content\/uploads\/2024\/11\/VerdeVana_capovana_drogeria_koscie_logo.png\",\"width\":411,\"height\":135,\"caption\":\"\u010capovan\u00e1 Eko Drog\u00e9ria Ko\u0161ice | VERDE VANA\"},\"image\":{\"@id\":\"https:\/\/verdevana.sk\/#\/schema\/logo\/image\/\"}}]}<\/script>\n<!-- \/ Yoast SEO plugin. -->","yoast_head_json":{"title":"Ako to funguje? - \u010capovan\u00e1 Eko Drog\u00e9ria Ko\u0161ice | VERDE VANA","robots":{"index":"index","follow":"follow","max-snippet":"max-snippet:-1","max-image-preview":"max-image-preview:large","max-video-preview":"max-video-preview:-1"},"canonical":"https:\/\/verdevana.sk\/?page_id=26","og_locale":"sk_SK","og_type":"article","og_title":"Ako to funguje? - \u010capovan\u00e1 Eko Drog\u00e9ria Ko\u0161ice | VERDE VANA","og_description":"Ako funguje syst\u00e9m \u010dapovanej drog\u00e9rie V\u00fdber produktu Vyberie\u0161 si produkt, o ktor\u00fd m\u00e1\u0161 z\u00e1ujem. Odv\u00e1\u017eenie pr\u00e1zdnej f\u013ea\u0161e F\u013ea\u0161u ktor\u00fa si donesie\u0161 (popr\u00edpade k\u00fapi\u0161 v obchode) odv\u00e1\u017eime. \u010capovanie produktu Na\u010dapujeme vybran\u00fd produkt do f\u013ea\u0161e. Odv\u00e1\u017eenie f\u013ea\u0161e s produktom Odv\u00e1\u017eime naplnen\u00fa f\u013ea\u0161u a od\u010d\u00edtame hmotnos\u0165 pr\u00e1zdnej f\u013ea\u0161e, aby sa zabezpe\u010dilo, \u017ee plat\u00ed\u0161 \u010disto iba za produkt.&nbsp; Platba [&hellip;]","og_url":"https:\/\/verdevana.sk\/?page_id=26","og_site_name":"\u010capovan\u00e1 Eko Drog\u00e9ria Ko\u0161ice | VERDE VANA","article_modified_time":"2024-05-07T19:55:11+00:00","og_image":[{"url":"http:\/\/verdevana.sk\/wp-content\/uploads\/2024\/05\/scd01.png"}],"twitter_card":"summary_large_image","twitter_misc":{"Predpokladan\u00fd \u010das \u010d\u00edtania":"2 min\u00faty"},"schema":{"@context":"https:\/\/schema.org","@graph":[{"@type":"WebPage","@id":"https:\/\/verdevana.sk\/?page_id=26","url":"https:\/\/verdevana.sk\/?page_id=26","name":"Ako to funguje? - \u010capovan\u00e1 Eko Drog\u00e9ria Ko\u0161ice | VERDE VANA","isPartOf":{"@id":"https:\/\/verdevana.sk\/#website"},"primaryImageOfPage":{"@id":"https:\/\/verdevana.sk\/?page_id=26#primaryimage"},"image":{"@id":"https:\/\/verdevana.sk\/?page_id=26#primaryimage"},"thumbnailUrl":"http:\/\/verdevana.sk\/wp-content\/uploads\/2024\/05\/scd01.png","datePublished":"2024-05-06T19:21:30+00:00","dateModified":"2024-05-07T19:55:11+00:00","breadcrumb":{"@id":"https:\/\/verdevana.sk\/?page_id=26#breadcrumb"},"inLanguage":"sk-SK","potentialAction":[{"@type":"ReadAction","target":["https:\/\/verdevana.sk\/?page_id=26"]}]},{"@type":"ImageObject","inLanguage":"sk-SK","@id":"https:\/\/verdevana.sk\/?page_id=26#primaryimage","url":"https:\/\/verdevana.sk\/wp-content\/uploads\/2024\/05\/scd01.png","contentUrl":"https:\/\/verdevana.sk\/wp-content\/uploads\/2024\/05\/scd01.png","width":523,"height":141},{"@type":"BreadcrumbList","@id":"https:\/\/verdevana.sk\/?page_id=26#breadcrumb","itemListElement":[{"@type":"ListItem","position":1,"name":"Home","item":"https:\/\/verdevana.sk\/"},{"@type":"ListItem","position":2,"name":"Ako to funguje?"}]},{"@type":"WebSite","@id":"https:\/\/verdevana.sk\/#website","url":"https:\/\/verdevana.sk\/","name":"\u010capovan\u00e1 Eko Drog\u00e9ria Ko\u0161ice | VERDE VANA","description":"\u010capujeme kvalitn\u00fa, vysoko \u00fa\u010dinn\u00fa, ekologick\u00fa drog\u00e9riu a kozmetiku.","publisher":{"@id":"https:\/\/verdevana.sk\/#organization"},"potentialAction":[{"@type":"SearchAction","target":{"@type":"EntryPoint","urlTemplate":"https:\/\/verdevana.sk\/?s={search_term_string}"},"query-input":"required name=search_term_string"}],"inLanguage":"sk-SK"},{"@type":"Organization","@id":"https:\/\/verdevana.sk\/#organization","name":"\u010capovan\u00e1 Eko Drog\u00e9ria Ko\u0161ice | VERDE VANA","url":"https:\/\/verdevana.sk\/","logo":{"@type":"ImageObject","inLanguage":"sk-SK","@id":"https:\/\/verdevana.sk\/#\/schema\/logo\/image\/","url":"https:\/\/verdevana.sk\/wp-content\/uploads\/2024\/11\/VerdeVana_capovana_drogeria_koscie_logo.png","contentUrl":"https:\/\/verdevana.sk\/wp-content\/uploads\/2024\/11\/VerdeVana_capovana_drogeria_koscie_logo.png","width":411,"height":135,"caption":"\u010capovan\u00e1 Eko Drog\u00e9ria Ko\u0161ice | VERDE VANA"},"image":{"@id":"https:\/\/verdevana.sk\/#\/schema\/logo\/image\/"}}]}},"_links":{"self":[{"href":"https:\/\/verdevana.sk\/index.php?rest_route=\/wp\/v2\/pages\/26"}],"collection":[{"href":"https:\/\/verdevana.sk\/index.php?rest_route=\/wp\/v2\/pages"}],"about":[{"href":"https:\/\/verdevana.sk\/index.php?rest_route=\/wp\/v2\/types\/page"}],"author":[{"embeddable":true,"href":"https:\/\/verdevana.sk\/index.php?rest_route=\/wp\/v2\/users\/1"}],"replies":[{"embeddable":true,"href":"https:\/\/verdevana.sk\/index.php?rest_route=%2Fwp%2Fv2%2Fcomments&post=26"}],"version-history":[{"count":6,"href":"https:\/\/verdevana.sk\/index.php?rest_route=\/wp\/v2\/pages\/26\/revisions"}],"predecessor-version":[{"id":143,"href":"https:\/\/verdevana.sk\/index.php?rest_route=\/wp\/v2\/pages\/26\/revisions\/143"}],"wp:attachment":[{"href":"https:\/\/verdevana.sk\/index.php?rest_route=%2Fwp%2Fv2%2Fmedia&parent=26"}],"curies":[{"name":"wp","href":"https:\/\/api.w.org\/{rel}","templated":true}]}}