{"id":173,"date":"2024-05-10T06:26:33","date_gmt":"2024-05-10T04:26:33","guid":{"rendered":"https:\/\/verdevana.sk\/?page_id=173"},"modified":"2024-11-28T21:38:07","modified_gmt":"2024-11-28T20:38:07","slug":"nas-sortiment","status":"publish","type":"page","link":"https:\/\/verdevana.sk\/","title":{"rendered":"O n\u00e1s"},"content":{"rendered":"\n<div class=\"wp-block-media-text has-media-on-the-right is-stacked-on-mobile\" style=\"grid-template-columns:auto 47%\"><div class=\"wp-block-media-text__content\">\n<p>Sme mal\u00fd obchod\u00edk s ve\u013ek\u00fdm srdcom. U&nbsp;n\u00e1s si m\u00f4\u017eete <strong>na\u010dapova\u0165 kvalitn\u00e9, koncentrovan\u00e9 a&nbsp;ekologick\u00e9 produkty<\/strong> pre ka\u017edodenn\u00e9 pou\u017eitie v&nbsp;dom\u00e1cnosti. \u010capujeme aj pr\u00edpravky pre starostlivos\u0165 o&nbsp;telo \u2013 mydl\u00e1, \u0161amp\u00f3ny. Viac o&nbsp;tom ako funguje syst\u00e9m \u010dapovania sa dozviete tu: <a href=\"https:\/\/verdevana.sk\/?page_id=26\"><strong>Ako to funguje?<\/strong><\/a>.<\/p>\n\n\n\n<p>Z\u00e1le\u017e\u00ed n\u00e1m na spokojnosti z\u00e1kazn\u00edkov, na tom, aby produkty v na\u0161om obchode boli kvalitn\u00e9 a \u0161etrn\u00e9 k \u017eivotn\u00e9mu prostrediu. Produkty a&nbsp;dod\u00e1vate\u013eov starostlivo vyber\u00e1me a&nbsp;zva\u017eujeme \u010di sp\u013a\u0148aj\u00fa krit\u00e9ria na\u0161ej misie. Sna\u017e\u00edme sa povzbudi\u0165 z\u00e1kazn\u00edkov k&nbsp;recyklovaniu obalov. N\u00e1doba na tekut\u00fd pr\u00e1\u0161ok do pr\u00e1\u010dky nemus\u00ed by\u0165 iba na jedno pou\u017eitie.<\/p>\n\n\n\n<p><strong>Pr\u00ed\u010fte sa pozrie\u0165, poradi\u0165, vysk\u00fa\u0161a\u0165, na\u010dapova\u0165 vlastn\u00fa drog\u00e9riu.<\/strong><\/p>\n<\/div><figure class=\"wp-block-media-text__media\"><img loading=\"lazy\" decoding=\"async\" width=\"1024\" height=\"768\" src=\"https:\/\/verdevana.sk\/wp-content\/uploads\/2024\/11\/capovana_eko_drogeria_kosice_verdevana-1024x768.jpg\" alt=\"\" class=\"wp-image-570 size-full\" srcset=\"https:\/\/verdevana.sk\/wp-content\/uploads\/2024\/11\/capovana_eko_drogeria_kosice_verdevana-1024x768.jpg 1024w, https:\/\/verdevana.sk\/wp-content\/uploads\/2024\/11\/capovana_eko_drogeria_kosice_verdevana-300x225.jpg 300w, https:\/\/verdevana.sk\/wp-content\/uploads\/2024\/11\/capovana_eko_drogeria_kosice_verdevana-768x576.jpg 768w, https:\/\/verdevana.sk\/wp-content\/uploads\/2024\/11\/capovana_eko_drogeria_kosice_verdevana-600x450.jpg 600w, https:\/\/verdevana.sk\/wp-content\/uploads\/2024\/11\/capovana_eko_drogeria_kosice_verdevana.jpg 1230w\" sizes=\"(max-width: 1024px) 100vw, 1024px\" \/><\/figure><\/div>\n\n\n\n<h2 class=\"wp-block-heading\">N\u00e1\u0161 sortiment<\/h2>\n\n\n\n<p>&#8230;alebo, \u010do si u n\u00e1s m\u00f4\u017eete na\u010dapova\u0165<\/p>\n\n\n\n<div class=\"wp-block-columns is-layout-flex wp-container-core-columns-is-layout-1 wp-block-columns-is-layout-flex\">\n<div class=\"wp-block-column is-layout-flow wp-block-column-is-layout-flow\">\n<div class=\"wp-block-cover has-parallax has-aspect-ratio\" style=\"border-style:none;border-width:0px;margin-top:0;margin-bottom:0;padding-top:0;padding-right:0;padding-bottom:0;padding-left:0;min-height:107px;aspect-ratio:auto;min-height:unset;\"><span aria-hidden=\"true\" class=\"wp-block-cover__background has-palette-color-7-background-color has-background-dim-100 has-background-dim\"><\/span><div class=\"wp-block-cover__image-background wp-image-11 has-parallax\" style=\"background-position:50% 50%;background-image:url(http:\/\/verdevana.sk\/wp-content\/uploads\/woocommerce-placeholder-1024x1024.png)\"><\/div><div class=\"wp-block-cover__inner-container is-layout-flow wp-container-core-cover-is-layout-1 wp-block-cover-is-layout-flow\">\n<p class=\"has-text-align-center has-large-font-size\"><\/p>\n<\/div><\/div>\n\n\n\n<div class=\"wp-block-cover is-light has-parallax has-white-color has-text-color has-link-color has-medium-font-size wp-elements-afe232028c39a877a21195a112495df5\" style=\"border-style:none;border-width:0px;margin-top:0;margin-bottom:0;padding-top:0;padding-right:0;padding-bottom:0;padding-left:0;min-height:212px;aspect-ratio:unset;\"><span aria-hidden=\"true\" class=\"wp-block-cover__background has-background-dim-100 has-background-dim\" style=\"background-color:#87d6ec\"><\/span><div class=\"wp-block-cover__image-background wp-image-11 has-parallax\" style=\"background-position:50% 50%;background-image:url(http:\/\/verdevana.sk\/wp-content\/uploads\/woocommerce-placeholder-1024x1024.png)\"><\/div><div class=\"wp-block-cover__inner-container is-layout-flow wp-container-core-cover-is-layout-2 wp-block-cover-is-layout-flow\">\n<h3 class=\"wp-block-heading has-text-align-center has-palette-color-6-color has-text-color has-link-color wp-elements-b13c16ca4b7fe48ea4e3f581f2eb341a\"><a href=\"https:\/\/verdevana.sk\/?product_cat=gely-na-pranie\">G\u00e9ly na pranie<\/a><\/h3>\n<\/div><\/div>\n\n\n\n<div class=\"wp-block-cover is-light has-parallax has-white-color has-text-color has-link-color has-medium-font-size wp-elements-9f494d7fdda8679ce1601bc60ad5dc72\" style=\"border-style:none;border-width:0px;margin-top:var(--wp--preset--spacing--20);margin-bottom:var(--wp--preset--spacing--20);padding-top:0;padding-right:0;padding-bottom:0;padding-left:0;min-height:162px;aspect-ratio:unset;\"><span aria-hidden=\"true\" class=\"wp-block-cover__background has-background-dim-100 has-background-dim\" style=\"background-color:#fa9189\"><\/span><div class=\"wp-block-cover__image-background wp-image-11 has-parallax\" style=\"background-position:50% 50%;background-image:url(http:\/\/verdevana.sk\/wp-content\/uploads\/woocommerce-placeholder-1024x1024.png)\"><\/div><div class=\"wp-block-cover__inner-container is-layout-flow wp-container-core-cover-is-layout-3 wp-block-cover-is-layout-flow\">\n<h3 class=\"wp-block-heading has-text-align-center has-white-color has-text-color has-link-color wp-elements-9ceb815c54f94162ce67caa6395c5d04\"><a href=\"https:\/\/verdevana.sk\/?product_cat=parfumy-na-pranie\">Parfumy na pranie<\/a><\/h3>\n<\/div><\/div>\n\n\n\n<div class=\"wp-block-cover is-light has-parallax has-white-color has-text-color has-link-color has-medium-font-size wp-elements-23f3c8cebc4315170a5b21be65a11a79\" style=\"border-style:none;border-width:0px;margin-top:0;margin-bottom:0;padding-top:0;padding-right:0;padding-bottom:0;padding-left:0;min-height:177px;aspect-ratio:unset;\"><span aria-hidden=\"true\" class=\"wp-block-cover__background has-background-dim-100 has-background-dim\" style=\"background-color:#d1bdff\"><\/span><div class=\"wp-block-cover__image-background wp-image-11 has-parallax\" style=\"background-position:50% 50%;background-image:url(http:\/\/verdevana.sk\/wp-content\/uploads\/woocommerce-placeholder-1024x1024.png)\"><\/div><div class=\"wp-block-cover__inner-container is-layout-flow wp-container-core-cover-is-layout-4 wp-block-cover-is-layout-flow\">\n<h3 class=\"wp-block-heading has-text-align-center has-white-color has-text-color has-link-color wp-elements-d0b9a55168bb74584e824853115e1c93\"><a href=\"https:\/\/verdevana.sk\/?product_cat=mydla-na-ruky\">Mydl\u00e1<\/a><\/h3>\n<\/div><\/div>\n<\/div>\n\n\n\n<div class=\"wp-block-column is-layout-flow wp-container-core-column-is-layout-2 wp-block-column-is-layout-flow\" style=\"padding-top:0;padding-bottom:0\">\n<div class=\"wp-block-cover has-parallax\" style=\"border-style:none;border-width:0px;margin-top:0;margin-bottom:0;padding-top:0;padding-right:0;padding-bottom:0;padding-left:0;min-height:135px;aspect-ratio:unset;\"><span aria-hidden=\"true\" class=\"wp-block-cover__background has-palette-color-7-background-color has-background-dim-100 has-background-dim\"><\/span><div class=\"wp-block-cover__image-background wp-image-11 has-parallax\" style=\"background-position:50% 50%;background-image:url(http:\/\/verdevana.sk\/wp-content\/uploads\/woocommerce-placeholder-1024x1024.png)\"><\/div><div class=\"wp-block-cover__inner-container is-layout-flow wp-container-core-cover-is-layout-9 wp-block-cover-is-layout-flow\">\n<div class=\"wp-block-cover is-light has-parallax has-white-color has-text-color has-link-color has-medium-font-size wp-elements-808115568fc3d2132b7db512b259ae9b\" style=\"border-style:none;border-width:0px;border-radius:0px;margin-top:0;margin-bottom:0;padding-top:0;padding-right:0;padding-bottom:0;padding-left:0;min-height:114px;aspect-ratio:unset;\"><span aria-hidden=\"true\" class=\"wp-block-cover__background has-background-dim-100 has-background-dim\" style=\"background-color:#e499db\"><\/span><div class=\"wp-block-cover__image-background wp-image-11 has-parallax\" style=\"background-position:50% 50%;background-image:url(http:\/\/verdevana.sk\/wp-content\/uploads\/woocommerce-placeholder-1024x1024.png)\"><\/div><div class=\"wp-block-cover__inner-container is-layout-flow wp-container-core-cover-is-layout-5 wp-block-cover-is-layout-flow\">\n<h3 class=\"wp-block-heading has-text-align-center has-white-color has-text-color has-link-color wp-elements-c3c259726b655ae55c7013f5bc3a0872\"><a href=\"https:\/\/verdevana.sk\/?product_cat=starostlivost-o-telo\">Starostlivos\u0165 o telo<\/a><\/h3>\n<\/div><\/div>\n\n\n\n<div class=\"wp-block-cover is-light has-parallax has-white-color has-text-color has-link-color has-medium-font-size wp-elements-5afc508f67215450ce9204906edd5aab\" style=\"border-style:none;border-width:0px;border-radius:0px;margin-top:var(--wp--preset--spacing--20);margin-bottom:var(--wp--preset--spacing--20);padding-top:0;padding-right:0;padding-bottom:0;padding-left:0;min-height:193px;aspect-ratio:unset;\"><span aria-hidden=\"true\" class=\"wp-block-cover__background has-background-dim-100 has-background-dim\" style=\"background-color:#91df9b\"><\/span><div class=\"wp-block-cover__image-background wp-image-11 has-parallax\" style=\"background-position:50% 50%;background-image:url(http:\/\/verdevana.sk\/wp-content\/uploads\/woocommerce-placeholder-1024x1024.png)\"><\/div><div class=\"wp-block-cover__inner-container is-layout-flow wp-container-core-cover-is-layout-6 wp-block-cover-is-layout-flow\">\n<h3 class=\"wp-block-heading has-text-align-center has-white-color has-text-color has-link-color wp-elements-a7afa6447c54afadee60ebb6bcd4b78d\"><a href=\"https:\/\/verdevana.sk\/?product_cat=avivaze\">Aviv\u00e1\u017ee<\/a><\/h3>\n<\/div><\/div>\n\n\n\n<div class=\"wp-block-cover is-light has-parallax has-white-color has-text-color has-link-color has-medium-font-size wp-elements-5fe0e11fef9953a2026cf31afda93d93\" style=\"border-style:none;border-width:0px;border-radius:0px;margin-top:var(--wp--preset--spacing--20);margin-bottom:var(--wp--preset--spacing--20);padding-top:0;padding-right:0;padding-bottom:0;padding-left:0;min-height:130px;aspect-ratio:unset;\"><span aria-hidden=\"true\" class=\"wp-block-cover__background has-background-dim-100 has-background-dim\" style=\"background-color:#fcca8d\"><\/span><div class=\"wp-block-cover__image-background wp-image-11 has-parallax\" style=\"background-position:50% 50%;background-image:url(http:\/\/verdevana.sk\/wp-content\/uploads\/woocommerce-placeholder-1024x1024.png)\"><\/div><div class=\"wp-block-cover__inner-container is-layout-flow wp-container-core-cover-is-layout-7 wp-block-cover-is-layout-flow\">\n<h3 class=\"wp-block-heading has-text-align-center has-white-color has-text-color has-link-color wp-elements-d012e14611811b9861a96962d5d039d0\"><a href=\"https:\/\/verdevana.sk\/?product_cat=deodoranty\">Deodoranty<\/a><\/h3>\n<\/div><\/div>\n\n\n\n<div class=\"wp-block-cover is-light has-parallax has-white-color has-text-color has-link-color has-medium-font-size wp-elements-993f54af622d260f4a5b26b7958df0ce\" style=\"border-style:none;border-width:0px;margin-top:0;margin-bottom:0;padding-top:0;padding-right:0;padding-bottom:0;padding-left:0;min-height:107px;aspect-ratio:unset;\"><span aria-hidden=\"true\" class=\"wp-block-cover__background has-background-dim-100 has-background-dim\" style=\"background-color:#9fb3ee\"><\/span><div class=\"wp-block-cover__image-background wp-image-11 has-parallax\" style=\"background-position:50% 50%;background-image:url(http:\/\/verdevana.sk\/wp-content\/uploads\/woocommerce-placeholder-1024x1024.png)\"><\/div><div class=\"wp-block-cover__inner-container is-layout-flow wp-container-core-cover-is-layout-8 wp-block-cover-is-layout-flow\">\n<h3 class=\"wp-block-heading has-text-align-center has-palette-color-6-color has-text-color has-link-color wp-elements-2263cb6115e12466d3f77710f5e56717\"><a href=\"https:\/\/verdevana.sk\/?product_cat=autosampon\">Auto\u0161amp\u00f3n<\/a><\/h3>\n<\/div><\/div>\n\n\n\n<p class=\"has-text-align-center has-large-font-size\"><\/p>\n<\/div><\/div>\n<\/div>\n\n\n\n<div class=\"wp-block-column is-vertically-aligned-top has-white-color has-palette-color-6-background-color has-text-color has-background has-link-color has-medium-font-size wp-elements-5a8ba6e51f229354f9d844688a7d3436 is-layout-flow wp-block-column-is-layout-flow\">\n<div class=\"wp-block-cover is-light has-parallax has-white-color has-text-color has-link-color has-medium-font-size wp-elements-702e229eb4799ab6ed453d937f59f7d9\" style=\"border-style:none;border-width:0px;margin-top:0;margin-bottom:0;padding-top:0;padding-right:0;padding-bottom:0;padding-left:0;min-height:204px;aspect-ratio:unset;\"><span aria-hidden=\"true\" class=\"wp-block-cover__background has-background-dim-100 has-background-dim\" style=\"background-color:#6ac4be\"><\/span><div class=\"wp-block-cover__image-background wp-image-11 has-parallax\" style=\"background-position:50% 50%;background-image:url(http:\/\/verdevana.sk\/wp-content\/uploads\/woocommerce-placeholder-1024x1024.png)\"><\/div><div class=\"wp-block-cover__inner-container is-layout-flow wp-container-core-cover-is-layout-10 wp-block-cover-is-layout-flow\">\n<h3 class=\"wp-block-heading has-text-align-center has-white-color has-text-color has-link-color wp-elements-72509012f3f360f13a4d274364096dce\" style=\"margin-top:0;margin-right:0;margin-bottom:0;margin-left:0\"><a href=\"https:\/\/verdevana.sk\/?product_cat=cistiace-prostriedky\">\u010cistiace prostriedky<\/a><\/h3>\n<\/div><\/div>\n\n\n\n<div class=\"wp-block-cover is-light has-parallax has-white-color has-text-color has-link-color has-medium-font-size wp-elements-8b126bee4385d1ce8e1ae8505b7cbe22\" style=\"border-style:none;border-width:0px;margin-top:var(--wp--preset--spacing--20);margin-bottom:var(--wp--preset--spacing--20);padding-top:0;padding-right:0;padding-bottom:0;padding-left:0;min-height:121px;aspect-ratio:unset;\"><span aria-hidden=\"true\" class=\"wp-block-cover__background has-background-dim-100 has-background-dim\" style=\"background-color:#fcae76\"><\/span><div class=\"wp-block-cover__image-background wp-image-11 has-parallax\" style=\"background-position:50% 50%;background-image:url(http:\/\/verdevana.sk\/wp-content\/uploads\/woocommerce-placeholder-1024x1024.png)\"><\/div><div class=\"wp-block-cover__inner-container is-layout-flow wp-container-core-cover-is-layout-11 wp-block-cover-is-layout-flow\">\n<h3 class=\"wp-block-heading has-text-align-center has-white-color has-text-color has-link-color wp-elements-7959eefd8062a891fdd9877eaae77b60\"><a href=\"https:\/\/verdevana.sk\/?product_cat=gely-na-umyvanie-riadu\">Um\u00fdvanie riadu<\/a><\/h3>\n<\/div><\/div>\n\n\n\n<div class=\"wp-block-cover is-light has-parallax has-white-color has-text-color has-link-color has-medium-font-size wp-elements-6808dce0629482e9e173e509c88877dc\" style=\"border-style:none;border-width:0px;border-radius:0px;margin-top:var(--wp--preset--spacing--20);margin-bottom:var(--wp--preset--spacing--20);padding-top:0;padding-right:0;padding-bottom:0;padding-left:0;min-height:226px;aspect-ratio:unset;\"><span aria-hidden=\"true\" class=\"wp-block-cover__background has-background-dim-100 has-background-dim\" style=\"background-color:#fa9191\"><\/span><div class=\"wp-block-cover__image-background wp-image-11 has-parallax\" style=\"background-position:50% 50%;background-image:url(http:\/\/verdevana.sk\/wp-content\/uploads\/woocommerce-placeholder-1024x1024.png)\"><\/div><div class=\"wp-block-cover__inner-container is-layout-flow wp-container-core-cover-is-layout-12 wp-block-cover-is-layout-flow\">\n<h3 class=\"wp-block-heading has-text-align-center has-white-color has-text-color has-link-color wp-elements-d4d6fcd1eba15755c4379f82cb0ba55e\"><a href=\"https:\/\/verdevana.sk\/?product_cat=univerzalne-cistiace-prostriedky\">Univerz\u00e1lne \u010distiace prostriedky<\/a><\/h3>\n<\/div><\/div>\n<\/div>\n<\/div>\n\n\n\n<p><\/p>\n","protected":false},"excerpt":{"rendered":"<p>Sme mal\u00fd obchod\u00edk s ve\u013ek\u00fdm srdcom. U&nbsp;n\u00e1s si m\u00f4\u017eete na\u010dapova\u0165 kvalitn\u00e9, koncentrovan\u00e9 a&nbsp;ekologick\u00e9 produkty pre ka\u017edodenn\u00e9 pou\u017eitie v&nbsp;dom\u00e1cnosti. \u010capujeme aj pr\u00edpravky pre starostlivos\u0165 o&nbsp;telo \u2013 mydl\u00e1, \u0161amp\u00f3ny. Viac o&nbsp;tom ako funguje syst\u00e9m \u010dapovania sa dozviete tu: Ako to funguje?. Z\u00e1le\u017e\u00ed n\u00e1m na spokojnosti z\u00e1kazn\u00edkov, na tom, aby produkty v na\u0161om obchode boli kvalitn\u00e9 a \u0161etrn\u00e9 [&hellip;]<\/p>\n","protected":false},"author":1,"featured_media":0,"parent":0,"menu_order":0,"comment_status":"closed","ping_status":"closed","template":"","meta":{"_monsterinsights_skip_tracking":false,"_monsterinsights_sitenote_active":false,"_monsterinsights_sitenote_note":"","_monsterinsights_sitenote_category":0,"footnotes":""},"blocksy_meta":[],"yoast_head":"<!-- This site is optimized with the Yoast SEO plugin v22.6 - https:\/\/yoast.com\/wordpress\/plugins\/seo\/ -->\n<title>O n\u00e1s - \u010capovan\u00e1 Eko Drog\u00e9ria Ko\u0161ice | VERDE VANA<\/title>\n<meta name=\"robots\" content=\"index, follow, max-snippet:-1, max-image-preview:large, max-video-preview:-1\" \/>\n<link rel=\"canonical\" href=\"https:\/\/verdevana.sk\/\" \/>\n<meta property=\"og:locale\" content=\"sk_SK\" \/>\n<meta property=\"og:type\" content=\"article\" \/>\n<meta property=\"og:title\" content=\"O n\u00e1s - \u010capovan\u00e1 Eko Drog\u00e9ria Ko\u0161ice | VERDE VANA\" \/>\n<meta property=\"og:description\" content=\"Sme mal\u00fd obchod\u00edk s ve\u013ek\u00fdm srdcom. U&nbsp;n\u00e1s si m\u00f4\u017eete na\u010dapova\u0165 kvalitn\u00e9, koncentrovan\u00e9 a&nbsp;ekologick\u00e9 produkty pre ka\u017edodenn\u00e9 pou\u017eitie v&nbsp;dom\u00e1cnosti. \u010capujeme aj pr\u00edpravky pre starostlivos\u0165 o&nbsp;telo \u2013 mydl\u00e1, \u0161amp\u00f3ny. Viac o&nbsp;tom ako funguje syst\u00e9m \u010dapovania sa dozviete tu: Ako to funguje?. Z\u00e1le\u017e\u00ed n\u00e1m na spokojnosti z\u00e1kazn\u00edkov, na tom, aby produkty v na\u0161om obchode boli kvalitn\u00e9 a \u0161etrn\u00e9 [&hellip;]\" \/>\n<meta property=\"og:url\" content=\"https:\/\/verdevana.sk\/\" \/>\n<meta property=\"og:site_name\" content=\"\u010capovan\u00e1 Eko Drog\u00e9ria Ko\u0161ice | VERDE VANA\" \/>\n<meta property=\"article:modified_time\" content=\"2024-11-28T20:38:07+00:00\" \/>\n<meta property=\"og:image\" content=\"https:\/\/verdevana.sk\/wp-content\/uploads\/2024\/11\/capovana_eko_drogeria_kosice_verdevana-1024x768.jpg\" \/>\n<meta name=\"twitter:card\" content=\"summary_large_image\" \/>\n<meta name=\"twitter:label1\" content=\"Predpokladan\u00fd \u010das \u010d\u00edtania\" \/>\n\t<meta name=\"twitter:data1\" content=\"1 min\u00fata\" \/>\n<script type=\"application\/ld+json\" class=\"yoast-schema-graph\">{\"@context\":\"https:\/\/schema.org\",\"@graph\":[{\"@type\":\"WebPage\",\"@id\":\"https:\/\/verdevana.sk\/\",\"url\":\"https:\/\/verdevana.sk\/\",\"name\":\"O n\u00e1s - \u010capovan\u00e1 Eko Drog\u00e9ria Ko\u0161ice | VERDE VANA\",\"isPartOf\":{\"@id\":\"https:\/\/verdevana.sk\/#website\"},\"primaryImageOfPage\":{\"@id\":\"https:\/\/verdevana.sk\/#primaryimage\"},\"image\":{\"@id\":\"https:\/\/verdevana.sk\/#primaryimage\"},\"thumbnailUrl\":\"https:\/\/verdevana.sk\/wp-content\/uploads\/2024\/11\/capovana_eko_drogeria_kosice_verdevana-1024x768.jpg\",\"datePublished\":\"2024-05-10T04:26:33+00:00\",\"dateModified\":\"2024-11-28T20:38:07+00:00\",\"breadcrumb\":{\"@id\":\"https:\/\/verdevana.sk\/#breadcrumb\"},\"inLanguage\":\"sk-SK\",\"potentialAction\":[{\"@type\":\"ReadAction\",\"target\":[\"https:\/\/verdevana.sk\/\"]}]},{\"@type\":\"ImageObject\",\"inLanguage\":\"sk-SK\",\"@id\":\"https:\/\/verdevana.sk\/#primaryimage\",\"url\":\"https:\/\/verdevana.sk\/wp-content\/uploads\/2024\/11\/capovana_eko_drogeria_kosice_verdevana.jpg\",\"contentUrl\":\"https:\/\/verdevana.sk\/wp-content\/uploads\/2024\/11\/capovana_eko_drogeria_kosice_verdevana.jpg\",\"width\":1230,\"height\":923},{\"@type\":\"BreadcrumbList\",\"@id\":\"https:\/\/verdevana.sk\/#breadcrumb\",\"itemListElement\":[{\"@type\":\"ListItem\",\"position\":1,\"name\":\"Home\",\"item\":\"https:\/\/verdevana.sk\/\"},{\"@type\":\"ListItem\",\"position\":2,\"name\":\"O n\u00e1s\"}]},{\"@type\":\"WebSite\",\"@id\":\"https:\/\/verdevana.sk\/#website\",\"url\":\"https:\/\/verdevana.sk\/\",\"name\":\"\u010capovan\u00e1 Eko Drog\u00e9ria Ko\u0161ice | VERDE VANA\",\"description\":\"\u010capujeme kvalitn\u00fa, vysoko \u00fa\u010dinn\u00fa, ekologick\u00fa drog\u00e9riu a kozmetiku.\",\"publisher\":{\"@id\":\"https:\/\/verdevana.sk\/#organization\"},\"potentialAction\":[{\"@type\":\"SearchAction\",\"target\":{\"@type\":\"EntryPoint\",\"urlTemplate\":\"https:\/\/verdevana.sk\/?s={search_term_string}\"},\"query-input\":\"required name=search_term_string\"}],\"inLanguage\":\"sk-SK\"},{\"@type\":\"Organization\",\"@id\":\"https:\/\/verdevana.sk\/#organization\",\"name\":\"\u010capovan\u00e1 Eko Drog\u00e9ria Ko\u0161ice | VERDE VANA\",\"url\":\"https:\/\/verdevana.sk\/\",\"logo\":{\"@type\":\"ImageObject\",\"inLanguage\":\"sk-SK\",\"@id\":\"https:\/\/verdevana.sk\/#\/schema\/logo\/image\/\",\"url\":\"https:\/\/verdevana.sk\/wp-content\/uploads\/2024\/11\/VerdeVana_capovana_drogeria_koscie_logo.png\",\"contentUrl\":\"https:\/\/verdevana.sk\/wp-content\/uploads\/2024\/11\/VerdeVana_capovana_drogeria_koscie_logo.png\",\"width\":411,\"height\":135,\"caption\":\"\u010capovan\u00e1 Eko Drog\u00e9ria Ko\u0161ice | VERDE VANA\"},\"image\":{\"@id\":\"https:\/\/verdevana.sk\/#\/schema\/logo\/image\/\"}}]}<\/script>\n<!-- \/ Yoast SEO plugin. -->","yoast_head_json":{"title":"O n\u00e1s - \u010capovan\u00e1 Eko Drog\u00e9ria Ko\u0161ice | VERDE VANA","robots":{"index":"index","follow":"follow","max-snippet":"max-snippet:-1","max-image-preview":"max-image-preview:large","max-video-preview":"max-video-preview:-1"},"canonical":"https:\/\/verdevana.sk\/","og_locale":"sk_SK","og_type":"article","og_title":"O n\u00e1s - \u010capovan\u00e1 Eko Drog\u00e9ria Ko\u0161ice | VERDE VANA","og_description":"Sme mal\u00fd obchod\u00edk s ve\u013ek\u00fdm srdcom. U&nbsp;n\u00e1s si m\u00f4\u017eete na\u010dapova\u0165 kvalitn\u00e9, koncentrovan\u00e9 a&nbsp;ekologick\u00e9 produkty pre ka\u017edodenn\u00e9 pou\u017eitie v&nbsp;dom\u00e1cnosti. \u010capujeme aj pr\u00edpravky pre starostlivos\u0165 o&nbsp;telo \u2013 mydl\u00e1, \u0161amp\u00f3ny. Viac o&nbsp;tom ako funguje syst\u00e9m \u010dapovania sa dozviete tu: Ako to funguje?. Z\u00e1le\u017e\u00ed n\u00e1m na spokojnosti z\u00e1kazn\u00edkov, na tom, aby produkty v na\u0161om obchode boli kvalitn\u00e9 a \u0161etrn\u00e9 [&hellip;]","og_url":"https:\/\/verdevana.sk\/","og_site_name":"\u010capovan\u00e1 Eko Drog\u00e9ria Ko\u0161ice | VERDE VANA","article_modified_time":"2024-11-28T20:38:07+00:00","og_image":[{"url":"https:\/\/verdevana.sk\/wp-content\/uploads\/2024\/11\/capovana_eko_drogeria_kosice_verdevana-1024x768.jpg"}],"twitter_card":"summary_large_image","twitter_misc":{"Predpokladan\u00fd \u010das \u010d\u00edtania":"1 min\u00fata"},"schema":{"@context":"https:\/\/schema.org","@graph":[{"@type":"WebPage","@id":"https:\/\/verdevana.sk\/","url":"https:\/\/verdevana.sk\/","name":"O n\u00e1s - \u010capovan\u00e1 Eko Drog\u00e9ria Ko\u0161ice | VERDE VANA","isPartOf":{"@id":"https:\/\/verdevana.sk\/#website"},"primaryImageOfPage":{"@id":"https:\/\/verdevana.sk\/#primaryimage"},"image":{"@id":"https:\/\/verdevana.sk\/#primaryimage"},"thumbnailUrl":"https:\/\/verdevana.sk\/wp-content\/uploads\/2024\/11\/capovana_eko_drogeria_kosice_verdevana-1024x768.jpg","datePublished":"2024-05-10T04:26:33+00:00","dateModified":"2024-11-28T20:38:07+00:00","breadcrumb":{"@id":"https:\/\/verdevana.sk\/#breadcrumb"},"inLanguage":"sk-SK","potentialAction":[{"@type":"ReadAction","target":["https:\/\/verdevana.sk\/"]}]},{"@type":"ImageObject","inLanguage":"sk-SK","@id":"https:\/\/verdevana.sk\/#primaryimage","url":"https:\/\/verdevana.sk\/wp-content\/uploads\/2024\/11\/capovana_eko_drogeria_kosice_verdevana.jpg","contentUrl":"https:\/\/verdevana.sk\/wp-content\/uploads\/2024\/11\/capovana_eko_drogeria_kosice_verdevana.jpg","width":1230,"height":923},{"@type":"BreadcrumbList","@id":"https:\/\/verdevana.sk\/#breadcrumb","itemListElement":[{"@type":"ListItem","position":1,"name":"Home","item":"https:\/\/verdevana.sk\/"},{"@type":"ListItem","position":2,"name":"O n\u00e1s"}]},{"@type":"WebSite","@id":"https:\/\/verdevana.sk\/#website","url":"https:\/\/verdevana.sk\/","name":"\u010capovan\u00e1 Eko Drog\u00e9ria Ko\u0161ice | VERDE VANA","description":"\u010capujeme kvalitn\u00fa, vysoko \u00fa\u010dinn\u00fa, ekologick\u00fa drog\u00e9riu a kozmetiku.","publisher":{"@id":"https:\/\/verdevana.sk\/#organization"},"potentialAction":[{"@type":"SearchAction","target":{"@type":"EntryPoint","urlTemplate":"https:\/\/verdevana.sk\/?s={search_term_string}"},"query-input":"required name=search_term_string"}],"inLanguage":"sk-SK"},{"@type":"Organization","@id":"https:\/\/verdevana.sk\/#organization","name":"\u010capovan\u00e1 Eko Drog\u00e9ria Ko\u0161ice | VERDE VANA","url":"https:\/\/verdevana.sk\/","logo":{"@type":"ImageObject","inLanguage":"sk-SK","@id":"https:\/\/verdevana.sk\/#\/schema\/logo\/image\/","url":"https:\/\/verdevana.sk\/wp-content\/uploads\/2024\/11\/VerdeVana_capovana_drogeria_koscie_logo.png","contentUrl":"https:\/\/verdevana.sk\/wp-content\/uploads\/2024\/11\/VerdeVana_capovana_drogeria_koscie_logo.png","width":411,"height":135,"caption":"\u010capovan\u00e1 Eko Drog\u00e9ria Ko\u0161ice | VERDE VANA"},"image":{"@id":"https:\/\/verdevana.sk\/#\/schema\/logo\/image\/"}}]}},"_links":{"self":[{"href":"https:\/\/verdevana.sk\/index.php?rest_route=\/wp\/v2\/pages\/173"}],"collection":[{"href":"https:\/\/verdevana.sk\/index.php?rest_route=\/wp\/v2\/pages"}],"about":[{"href":"https:\/\/verdevana.sk\/index.php?rest_route=\/wp\/v2\/types\/page"}],"author":[{"embeddable":true,"href":"https:\/\/verdevana.sk\/index.php?rest_route=\/wp\/v2\/users\/1"}],"replies":[{"embeddable":true,"href":"https:\/\/verdevana.sk\/index.php?rest_route=%2Fwp%2Fv2%2Fcomments&post=173"}],"version-history":[{"count":6,"href":"https:\/\/verdevana.sk\/index.php?rest_route=\/wp\/v2\/pages\/173\/revisions"}],"predecessor-version":[{"id":571,"href":"https:\/\/verdevana.sk\/index.php?rest_route=\/wp\/v2\/pages\/173\/revisions\/571"}],"wp:attachment":[{"href":"https:\/\/verdevana.sk\/index.php?rest_route=%2Fwp%2Fv2%2Fmedia&parent=173"}],"curies":[{"name":"wp","href":"https:\/\/api.w.org\/{rel}","templated":true}]}}