{"id":60,"date":"2024-05-06T20:18:07","date_gmt":"2024-05-06T18:18:07","guid":{"rendered":"https:\/\/verdevana.sk\/?post_type=product&#038;p=60"},"modified":"2024-05-12T20:17:49","modified_gmt":"2024-05-12T18:17:49","slug":"parfum-na-pranie-blu-mare-mi-amor-120ml","status":"publish","type":"product","link":"http:\/\/verdevana.sk\/?product=parfum-na-pranie-blu-mare-mi-amor-120ml","title":{"rendered":"Parfum na pranie &#8211; BLU MARE MI AMOR &#8211; 120ml"},"content":{"rendered":"<p><strong>ESSENZA DI PROFUMO BLU MARE MI AMOR<\/strong><br \/>\nParfum na pranie s esenci\u00e1lnym olejom sa pou\u017e\u00edva pri be\u017enom pran\u00ed spolu s prac\u00edm pr\u00e1\u0161kom, alebo g\u00e9lom na z\u00e1vere\u010dn\u00e9 pranie (n\u00e1hrada aviv\u00e1\u017ee). Koncentr\u00e1t nie je potrebn\u00e9 riedi\u0165 vodou. <strong>BLU MARE MI AMOR<\/strong> parfum na pranie je pre bielize\u0148 <strong>neagres\u00edvna<\/strong>, <strong>nefarb\u00ed<\/strong>, <strong>nezanech\u00e1va \u0161kvrny<\/strong> na pr\u00e1dle, <strong>nezanech\u00e1va usadeniny v d\u00e1vkova\u010di pr\u00e1\u010dky<\/strong>. Dlhotrvaj\u00faca v\u00f4\u0148a aj pri pou\u017eit\u00ed su\u0161i\u010dky.<\/p>\n<p><strong>D\u00e1vkovanie<\/strong>:<\/p>\n<ul>\n<li><strong>Pr\u00e1\u010dka<\/strong>: 5ml oleja (5kg bielizne) nalia\u0165 do prie\u010dinka pre aviv\u00e1\u017e.<\/li>\n<li><strong>Ru\u010dne<\/strong>: 5ml na 10 litrov vody. Ponorte pr\u00e1dlo do vody a nechajte nieko\u013eko min\u00fat p\u00f4sobi\u0165, potom vy\u017em\u00fdkajte.<\/li>\n<\/ul>\n<p><strong>Zlo\u017eenie<\/strong>: ani\u00f3nov\u00e9 povrchovo akt\u00edvne l\u00e1tky inf. na 10%. Obsahuje: 37-DIMETHYLOCTA-1,6-DIEN-3-YL ACETATE fema 2636. ALPHA HEXYL CINNAMALDEHYDE 2-HEXYL-3-PHENYL-2-PROPENAL. 3,4-METHYLENDIOXYBENZALDEHYDE. 37-DIMETHYL-1,6-NONADIEN-3-OL (CIS&amp;TRANS). 37-DIMETHYL-3-OCTANOL FEMA 3060. 189PMENTHADIENE;1-METHYL-4ISOPROPEN YL-1-CYCLOHEXENE. 2-METHOXY-4-PROP-1-EN-2-YLPHENOL. ETHANONE. 2-4-TER-BUTYL-3,5-DINITRO-2,6-DIMETHYL ACETHOPENON. 2-METHYLCLOROISOTIAZOLINONE, CITRONELLOL, ALPHA- ISOMETHYLIONONE. M\u00f4\u017eu sp\u00f4sobi\u0165 alergick\u00fa reakciu.<\/p>\n","protected":false},"excerpt":{"rendered":"<p>Parfum na pranie s esenci\u00e1lnym olejom sa pou\u017e\u00edva pri be\u017enom pran\u00ed spolu s prac\u00edm pr\u00e1\u0161kom, alebo g\u00e9lom na z\u00e1vere\u010dn\u00e9 pranie (n\u00e1hrada aviv\u00e1\u017ee). Koncentr\u00e1t nie je potrebn\u00e9 riedi\u0165 vodou. <strong>BLU MARE MI AMOR<\/strong> parfum na pranie je pre bielize\u0148 <strong>neagres\u00edvna<\/strong>, <strong>nefarb\u00ed<\/strong>, <strong>nezanech\u00e1va \u0161kvrny<\/strong> na pr\u00e1dle, <strong>nezanech\u00e1va usadeniny v d\u00e1vkova\u010di pr\u00e1\u010dky<\/strong>. Dlhotrvaj\u00faca v\u00f4\u0148a aj pri pou\u017eit\u00ed su\u0161i\u010dky.<\/p>\n","protected":false},"featured_media":331,"comment_status":"open","ping_status":"closed","template":"","meta":{"_monsterinsights_skip_tracking":false,"_monsterinsights_sitenote_active":false,"_monsterinsights_sitenote_note":"","_monsterinsights_sitenote_category":0},"product_cat":[42],"product_tag":[22,23,43],"yoast_head":"<!-- This site is optimized with the Yoast SEO plugin v22.6 - https:\/\/yoast.com\/wordpress\/plugins\/seo\/ -->\n<title>Parfum na pranie - BLU MARE MI AMOR - 120ml - \u010capovan\u00e1 Eko Drog\u00e9ria Ko\u0161ice | VERDE VANA<\/title>\n<meta name=\"description\" content=\"Parfum na pranie s esenci\u00e1lnym olejom sa pou\u017e\u00edva pri be\u017enom pran\u00ed spolu s prac\u00edm pr\u00e1\u0161kom, alebo g\u00e9lom na z\u00e1vere\u010dn\u00e9 pranie (n\u00e1hrada aviv\u00e1\u017ee).\" \/>\n<meta name=\"robots\" content=\"index, follow, max-snippet:-1, max-image-preview:large, max-video-preview:-1\" \/>\n<link rel=\"canonical\" href=\"http:\/\/verdevana.sk\/?product=parfum-na-pranie-blu-mare-mi-amor-120ml\" \/>\n<meta property=\"og:locale\" content=\"sk_SK\" \/>\n<meta property=\"og:type\" content=\"article\" \/>\n<meta property=\"og:title\" content=\"Parfum na pranie - BLU MARE MI AMOR - 120ml - \u010capovan\u00e1 Eko Drog\u00e9ria Ko\u0161ice | VERDE VANA\" \/>\n<meta property=\"og:description\" content=\"Parfum na pranie s esenci\u00e1lnym olejom sa pou\u017e\u00edva pri be\u017enom pran\u00ed spolu s prac\u00edm pr\u00e1\u0161kom, alebo g\u00e9lom na z\u00e1vere\u010dn\u00e9 pranie (n\u00e1hrada aviv\u00e1\u017ee).\" \/>\n<meta property=\"og:url\" content=\"http:\/\/verdevana.sk\/?product=parfum-na-pranie-blu-mare-mi-amor-120ml\" \/>\n<meta property=\"og:site_name\" content=\"\u010capovan\u00e1 Eko Drog\u00e9ria Ko\u0161ice | VERDE VANA\" \/>\n<meta property=\"article:modified_time\" content=\"2024-05-12T18:17:49+00:00\" \/>\n<meta property=\"og:image\" content=\"http:\/\/verdevana.sk\/wp-content\/uploads\/2024\/05\/1707-parfum-na-pranie-blu-mare-mi-amor-120ml.jpg\" \/>\n\t<meta property=\"og:image:width\" content=\"321\" \/>\n\t<meta property=\"og:image:height\" content=\"446\" \/>\n\t<meta property=\"og:image:type\" content=\"image\/jpeg\" \/>\n<meta name=\"twitter:card\" content=\"summary_large_image\" \/>\n<meta name=\"twitter:label1\" content=\"Predpokladan\u00fd \u010das \u010d\u00edtania\" \/>\n\t<meta name=\"twitter:data1\" content=\"1 min\u00fata\" \/>\n<script type=\"application\/ld+json\" class=\"yoast-schema-graph\">{\"@context\":\"https:\/\/schema.org\",\"@graph\":[{\"@type\":\"WebPage\",\"@id\":\"http:\/\/verdevana.sk\/?product=parfum-na-pranie-blu-mare-mi-amor-120ml\",\"url\":\"http:\/\/verdevana.sk\/?product=parfum-na-pranie-blu-mare-mi-amor-120ml\",\"name\":\"Parfum na pranie - BLU MARE MI AMOR - 120ml - \u010capovan\u00e1 Eko Drog\u00e9ria Ko\u0161ice | VERDE VANA\",\"isPartOf\":{\"@id\":\"http:\/\/verdevana.sk\/#website\"},\"primaryImageOfPage\":{\"@id\":\"http:\/\/verdevana.sk\/?product=parfum-na-pranie-blu-mare-mi-amor-120ml#primaryimage\"},\"image\":{\"@id\":\"http:\/\/verdevana.sk\/?product=parfum-na-pranie-blu-mare-mi-amor-120ml#primaryimage\"},\"thumbnailUrl\":\"http:\/\/verdevana.sk\/wp-content\/uploads\/2024\/05\/1707-parfum-na-pranie-blu-mare-mi-amor-120ml.jpg\",\"datePublished\":\"2024-05-06T18:18:07+00:00\",\"dateModified\":\"2024-05-12T18:17:49+00:00\",\"description\":\"Parfum na pranie s esenci\u00e1lnym olejom sa pou\u017e\u00edva pri be\u017enom pran\u00ed spolu s prac\u00edm pr\u00e1\u0161kom, alebo g\u00e9lom na z\u00e1vere\u010dn\u00e9 pranie (n\u00e1hrada aviv\u00e1\u017ee).\",\"breadcrumb\":{\"@id\":\"http:\/\/verdevana.sk\/?product=parfum-na-pranie-blu-mare-mi-amor-120ml#breadcrumb\"},\"inLanguage\":\"sk-SK\",\"potentialAction\":[{\"@type\":\"ReadAction\",\"target\":[\"http:\/\/verdevana.sk\/?product=parfum-na-pranie-blu-mare-mi-amor-120ml\"]}]},{\"@type\":\"ImageObject\",\"inLanguage\":\"sk-SK\",\"@id\":\"http:\/\/verdevana.sk\/?product=parfum-na-pranie-blu-mare-mi-amor-120ml#primaryimage\",\"url\":\"http:\/\/verdevana.sk\/wp-content\/uploads\/2024\/05\/1707-parfum-na-pranie-blu-mare-mi-amor-120ml.jpg\",\"contentUrl\":\"http:\/\/verdevana.sk\/wp-content\/uploads\/2024\/05\/1707-parfum-na-pranie-blu-mare-mi-amor-120ml.jpg\",\"width\":321,\"height\":446,\"caption\":\"parfum-na-pranie-blu-mare-mi-amor-120m\"},{\"@type\":\"BreadcrumbList\",\"@id\":\"http:\/\/verdevana.sk\/?product=parfum-na-pranie-blu-mare-mi-amor-120ml#breadcrumb\",\"itemListElement\":[{\"@type\":\"ListItem\",\"position\":1,\"name\":\"Home\",\"item\":\"http:\/\/verdevana.sk\/\"},{\"@type\":\"ListItem\",\"position\":2,\"name\":\"Produkty\",\"item\":\"http:\/\/verdevana.sk\/?page_id=12\"},{\"@type\":\"ListItem\",\"position\":3,\"name\":\"Parfum na pranie &#8211; BLU MARE MI AMOR &#8211; 120ml\"}]},{\"@type\":\"WebSite\",\"@id\":\"http:\/\/verdevana.sk\/#website\",\"url\":\"http:\/\/verdevana.sk\/\",\"name\":\"\u010capovan\u00e1 Eko Drog\u00e9ria Ko\u0161ice | VERDE VANA\",\"description\":\"\u010capujeme kvalitn\u00fa, vysoko \u00fa\u010dinn\u00fa, ekologick\u00fa drog\u00e9riu a kozmetiku.\",\"publisher\":{\"@id\":\"http:\/\/verdevana.sk\/#organization\"},\"potentialAction\":[{\"@type\":\"SearchAction\",\"target\":{\"@type\":\"EntryPoint\",\"urlTemplate\":\"http:\/\/verdevana.sk\/?s={search_term_string}\"},\"query-input\":\"required name=search_term_string\"}],\"inLanguage\":\"sk-SK\"},{\"@type\":\"Organization\",\"@id\":\"http:\/\/verdevana.sk\/#organization\",\"name\":\"\u010capovan\u00e1 Eko Drog\u00e9ria Ko\u0161ice | VERDE VANA\",\"url\":\"http:\/\/verdevana.sk\/\",\"logo\":{\"@type\":\"ImageObject\",\"inLanguage\":\"sk-SK\",\"@id\":\"http:\/\/verdevana.sk\/#\/schema\/logo\/image\/\",\"url\":\"http:\/\/verdevana.sk\/wp-content\/uploads\/2024\/11\/VerdeVana_capovana_drogeria_koscie_logo.png\",\"contentUrl\":\"http:\/\/verdevana.sk\/wp-content\/uploads\/2024\/11\/VerdeVana_capovana_drogeria_koscie_logo.png\",\"width\":411,\"height\":135,\"caption\":\"\u010capovan\u00e1 Eko Drog\u00e9ria Ko\u0161ice | VERDE VANA\"},\"image\":{\"@id\":\"http:\/\/verdevana.sk\/#\/schema\/logo\/image\/\"}}]}<\/script>\n<!-- \/ Yoast SEO plugin. -->","yoast_head_json":{"title":"Parfum na pranie - BLU MARE MI AMOR - 120ml - \u010capovan\u00e1 Eko Drog\u00e9ria Ko\u0161ice | VERDE VANA","description":"Parfum na pranie s esenci\u00e1lnym olejom sa pou\u017e\u00edva pri be\u017enom pran\u00ed spolu s prac\u00edm pr\u00e1\u0161kom, alebo g\u00e9lom na z\u00e1vere\u010dn\u00e9 pranie (n\u00e1hrada aviv\u00e1\u017ee).","robots":{"index":"index","follow":"follow","max-snippet":"max-snippet:-1","max-image-preview":"max-image-preview:large","max-video-preview":"max-video-preview:-1"},"canonical":"http:\/\/verdevana.sk\/?product=parfum-na-pranie-blu-mare-mi-amor-120ml","og_locale":"sk_SK","og_type":"article","og_title":"Parfum na pranie - BLU MARE MI AMOR - 120ml - \u010capovan\u00e1 Eko Drog\u00e9ria Ko\u0161ice | VERDE VANA","og_description":"Parfum na pranie s esenci\u00e1lnym olejom sa pou\u017e\u00edva pri be\u017enom pran\u00ed spolu s prac\u00edm pr\u00e1\u0161kom, alebo g\u00e9lom na z\u00e1vere\u010dn\u00e9 pranie (n\u00e1hrada aviv\u00e1\u017ee).","og_url":"http:\/\/verdevana.sk\/?product=parfum-na-pranie-blu-mare-mi-amor-120ml","og_site_name":"\u010capovan\u00e1 Eko Drog\u00e9ria Ko\u0161ice | VERDE VANA","article_modified_time":"2024-05-12T18:17:49+00:00","og_image":[{"width":321,"height":446,"url":"http:\/\/verdevana.sk\/wp-content\/uploads\/2024\/05\/1707-parfum-na-pranie-blu-mare-mi-amor-120ml.jpg","type":"image\/jpeg"}],"twitter_card":"summary_large_image","twitter_misc":{"Predpokladan\u00fd \u010das \u010d\u00edtania":"1 min\u00fata"},"schema":{"@context":"https:\/\/schema.org","@graph":[{"@type":"WebPage","@id":"http:\/\/verdevana.sk\/?product=parfum-na-pranie-blu-mare-mi-amor-120ml","url":"http:\/\/verdevana.sk\/?product=parfum-na-pranie-blu-mare-mi-amor-120ml","name":"Parfum na pranie - BLU MARE MI AMOR - 120ml - \u010capovan\u00e1 Eko Drog\u00e9ria Ko\u0161ice | VERDE VANA","isPartOf":{"@id":"http:\/\/verdevana.sk\/#website"},"primaryImageOfPage":{"@id":"http:\/\/verdevana.sk\/?product=parfum-na-pranie-blu-mare-mi-amor-120ml#primaryimage"},"image":{"@id":"http:\/\/verdevana.sk\/?product=parfum-na-pranie-blu-mare-mi-amor-120ml#primaryimage"},"thumbnailUrl":"http:\/\/verdevana.sk\/wp-content\/uploads\/2024\/05\/1707-parfum-na-pranie-blu-mare-mi-amor-120ml.jpg","datePublished":"2024-05-06T18:18:07+00:00","dateModified":"2024-05-12T18:17:49+00:00","description":"Parfum na pranie s esenci\u00e1lnym olejom sa pou\u017e\u00edva pri be\u017enom pran\u00ed spolu s prac\u00edm pr\u00e1\u0161kom, alebo g\u00e9lom na z\u00e1vere\u010dn\u00e9 pranie (n\u00e1hrada aviv\u00e1\u017ee).","breadcrumb":{"@id":"http:\/\/verdevana.sk\/?product=parfum-na-pranie-blu-mare-mi-amor-120ml#breadcrumb"},"inLanguage":"sk-SK","potentialAction":[{"@type":"ReadAction","target":["http:\/\/verdevana.sk\/?product=parfum-na-pranie-blu-mare-mi-amor-120ml"]}]},{"@type":"ImageObject","inLanguage":"sk-SK","@id":"http:\/\/verdevana.sk\/?product=parfum-na-pranie-blu-mare-mi-amor-120ml#primaryimage","url":"http:\/\/verdevana.sk\/wp-content\/uploads\/2024\/05\/1707-parfum-na-pranie-blu-mare-mi-amor-120ml.jpg","contentUrl":"http:\/\/verdevana.sk\/wp-content\/uploads\/2024\/05\/1707-parfum-na-pranie-blu-mare-mi-amor-120ml.jpg","width":321,"height":446,"caption":"parfum-na-pranie-blu-mare-mi-amor-120m"},{"@type":"BreadcrumbList","@id":"http:\/\/verdevana.sk\/?product=parfum-na-pranie-blu-mare-mi-amor-120ml#breadcrumb","itemListElement":[{"@type":"ListItem","position":1,"name":"Home","item":"http:\/\/verdevana.sk\/"},{"@type":"ListItem","position":2,"name":"Produkty","item":"http:\/\/verdevana.sk\/?page_id=12"},{"@type":"ListItem","position":3,"name":"Parfum na pranie &#8211; BLU MARE MI AMOR &#8211; 120ml"}]},{"@type":"WebSite","@id":"http:\/\/verdevana.sk\/#website","url":"http:\/\/verdevana.sk\/","name":"\u010capovan\u00e1 Eko Drog\u00e9ria Ko\u0161ice | VERDE VANA","description":"\u010capujeme kvalitn\u00fa, vysoko \u00fa\u010dinn\u00fa, ekologick\u00fa drog\u00e9riu a kozmetiku.","publisher":{"@id":"http:\/\/verdevana.sk\/#organization"},"potentialAction":[{"@type":"SearchAction","target":{"@type":"EntryPoint","urlTemplate":"http:\/\/verdevana.sk\/?s={search_term_string}"},"query-input":"required name=search_term_string"}],"inLanguage":"sk-SK"},{"@type":"Organization","@id":"http:\/\/verdevana.sk\/#organization","name":"\u010capovan\u00e1 Eko Drog\u00e9ria Ko\u0161ice | VERDE VANA","url":"http:\/\/verdevana.sk\/","logo":{"@type":"ImageObject","inLanguage":"sk-SK","@id":"http:\/\/verdevana.sk\/#\/schema\/logo\/image\/","url":"http:\/\/verdevana.sk\/wp-content\/uploads\/2024\/11\/VerdeVana_capovana_drogeria_koscie_logo.png","contentUrl":"http:\/\/verdevana.sk\/wp-content\/uploads\/2024\/11\/VerdeVana_capovana_drogeria_koscie_logo.png","width":411,"height":135,"caption":"\u010capovan\u00e1 Eko Drog\u00e9ria Ko\u0161ice | VERDE VANA"},"image":{"@id":"http:\/\/verdevana.sk\/#\/schema\/logo\/image\/"}}]}},"_links":{"self":[{"href":"http:\/\/verdevana.sk\/index.php?rest_route=\/wp\/v2\/product\/60"}],"collection":[{"href":"http:\/\/verdevana.sk\/index.php?rest_route=\/wp\/v2\/product"}],"about":[{"href":"http:\/\/verdevana.sk\/index.php?rest_route=\/wp\/v2\/types\/product"}],"replies":[{"embeddable":true,"href":"http:\/\/verdevana.sk\/index.php?rest_route=%2Fwp%2Fv2%2Fcomments&post=60"}],"wp:featuredmedia":[{"embeddable":true,"href":"http:\/\/verdevana.sk\/index.php?rest_route=\/wp\/v2\/media\/331"}],"wp:attachment":[{"href":"http:\/\/verdevana.sk\/index.php?rest_route=%2Fwp%2Fv2%2Fmedia&parent=60"}],"wp:term":[{"taxonomy":"product_cat","embeddable":true,"href":"http:\/\/verdevana.sk\/index.php?rest_route=%2Fwp%2Fv2%2Fproduct_cat&post=60"},{"taxonomy":"product_tag","embeddable":true,"href":"http:\/\/verdevana.sk\/index.php?rest_route=%2Fwp%2Fv2%2Fproduct_tag&post=60"}],"curies":[{"name":"wp","href":"https:\/\/api.w.org\/{rel}","templated":true}]}}